{"id":96437,"date":"2025-07-16T12:57:01","date_gmt":"2025-07-16T11:57:01","guid":{"rendered":"https:\/\/connectifai.chillypills.es\/?page_id=96437"},"modified":"2025-08-18T11:13:00","modified_gmt":"2025-08-18T10:13:00","slug":"como-transformar-visitantes-anonimos-em-clientes-fieis","status":"publish","type":"page","link":"https:\/\/connectifai.chillypills.es\/pt-br\/ebooks\/como-transformar-visitantes-anonimos-em-clientes-fieis\/","title":{"rendered":"Como transformar visitantes an\u00f4nimos em clientes fi\u00e9is"},"content":{"rendered":"\t\t<div data-elementor-type=\"wp-page\" data-elementor-id=\"96437\" class=\"elementor elementor-96437 elementor-96288\" data-elementor-post-type=\"page\">\n\t\t\t\t<div class=\"elementor-element elementor-element-4e7dcd2 e-flex e-con-boxed e-con e-parent\" data-id=\"4e7dcd2\" data-element_type=\"container\" data-settings=\"{&quot;_ob_use_container_extras&quot;:&quot;no&quot;,&quot;_ob_column_hoveranimator&quot;:&quot;no&quot;,&quot;_ob_glider_is_slider&quot;:&quot;no&quot;,&quot;_ob_column_has_pseudo&quot;:&quot;no&quot;}\">\n\t\t\t\t\t<div class=\"e-con-inner\">\n\t\t<div class=\"elementor-element elementor-element-09948f1 e-con-full e-flex e-con e-child\" data-id=\"09948f1\" data-element_type=\"container\" data-settings=\"{&quot;_ob_use_container_extras&quot;:&quot;no&quot;,&quot;_ob_column_hoveranimator&quot;:&quot;no&quot;,&quot;_ob_glider_is_slider&quot;:&quot;no&quot;,&quot;_ob_column_has_pseudo&quot;:&quot;no&quot;}\">\n\t\t\t\t<div class=\"elementor-element elementor-element-d9f8e09 ob-harakiri-inherit ob-has-background-overlay elementor-widget elementor-widget-heading\" data-id=\"d9f8e09\" data-element_type=\"widget\" data-settings=\"{&quot;_ob_use_harakiri&quot;:&quot;yes&quot;,&quot;_ob_harakiri_writing_mode&quot;:&quot;inherit&quot;,&quot;_ob_harakiri_text_clip&quot;:&quot;none&quot;,&quot;_ob_widget_stalker_use&quot;:&quot;no&quot;,&quot;_ob_poopart_use&quot;:&quot;yes&quot;,&quot;_ob_shadough_use&quot;:&quot;no&quot;,&quot;_ob_allow_hoveranimator&quot;:&quot;no&quot;}\" data-widget_type=\"heading.default\">\n\t\t\t\t\t<h2 class=\"elementor-heading-title elementor-size-default\">Como transformar visitantes an\u00f4nimos em clientes fi\u00e9is<\/h2>\t\t\t\t<\/div>\n\t\t\t\t<div class=\"elementor-element elementor-element-af0e636 ob-harakiri-inherit ob-has-background-overlay elementor-widget elementor-widget-text-editor\" data-id=\"af0e636\" data-element_type=\"widget\" data-settings=\"{&quot;_ob_use_harakiri&quot;:&quot;yes&quot;,&quot;_ob_harakiri_writing_mode&quot;:&quot;inherit&quot;,&quot;_ob_postman_use&quot;:&quot;no&quot;,&quot;_ob_widget_stalker_use&quot;:&quot;no&quot;,&quot;_ob_poopart_use&quot;:&quot;yes&quot;,&quot;_ob_shadough_use&quot;:&quot;no&quot;,&quot;_ob_allow_hoveranimator&quot;:&quot;no&quot;}\" data-widget_type=\"text-editor.default\">\n\t\t\t\t\t\t\t\t\t<p><span style=\"font-weight: 400;\">Neste eBook, voc\u00ea vai encontrar inspira\u00e7\u00e3o, casos de uso e estrat\u00e9gias reais de marketing automation que marcas globais implementaram com a Connectif para engajar e converter visitantes an\u00f4nimos em clientes.<\/span><\/p>\t\t\t\t\t\t\t\t<\/div>\n\t\t\t\t<div class=\"elementor-element elementor-element-084028c elementor-align-left c-button c-button-dt__primary ob-has-background-overlay elementor-widget elementor-widget-button\" data-id=\"084028c\" data-element_type=\"widget\" data-settings=\"{&quot;_ob_butterbutton_use_it&quot;:&quot;no&quot;,&quot;_ob_widget_stalker_use&quot;:&quot;no&quot;,&quot;_ob_poopart_use&quot;:&quot;yes&quot;,&quot;_ob_shadough_use&quot;:&quot;no&quot;,&quot;_ob_allow_hoveranimator&quot;:&quot;no&quot;}\" data-widget_type=\"button.default\">\n\t\t\t\t\t\t\t\t\t\t<a class=\"elementor-button elementor-button-link elementor-size-md\" href=\"#download-form\">\n\t\t\t\t\t\t<span class=\"elementor-button-content-wrapper\">\n\t\t\t\t\t\t\t\t\t<span class=\"elementor-button-text\">Baixe o eBook<\/span>\n\t\t\t\t\t<\/span>\n\t\t\t\t\t<\/a>\n\t\t\t\t\t\t\t\t<\/div>\n\t\t\t\t<\/div>\n\t\t<div class=\"elementor-element elementor-element-7d21efb e-con-full e-flex e-con e-child\" data-id=\"7d21efb\" data-element_type=\"container\" data-settings=\"{&quot;background_background&quot;:&quot;classic&quot;,&quot;_ob_use_container_extras&quot;:&quot;no&quot;,&quot;_ob_column_hoveranimator&quot;:&quot;no&quot;,&quot;_ob_glider_is_slider&quot;:&quot;no&quot;,&quot;_ob_column_has_pseudo&quot;:&quot;no&quot;}\">\n\t\t\t\t<\/div>\n\t\t\t\t\t<\/div>\n\t\t\t\t<\/div>\n\t\t<div class=\"elementor-element elementor-element-d742743 e-grid e-con-boxed e-con e-parent\" data-id=\"d742743\" data-element_type=\"container\" id=\"download-form\" data-settings=\"{&quot;_ob_use_container_extras&quot;:&quot;no&quot;,&quot;_ob_column_hoveranimator&quot;:&quot;no&quot;,&quot;_ob_glider_is_slider&quot;:&quot;no&quot;,&quot;_ob_column_has_pseudo&quot;:&quot;no&quot;}\">\n\t\t\t\t\t<div class=\"e-con-inner\">\n\t\t<div class=\"elementor-element elementor-element-c2d7291 e-con-full e-flex e-con e-child\" data-id=\"c2d7291\" data-element_type=\"container\" data-settings=\"{&quot;_ob_use_container_extras&quot;:&quot;no&quot;,&quot;_ob_column_hoveranimator&quot;:&quot;no&quot;,&quot;_ob_glider_is_slider&quot;:&quot;no&quot;,&quot;_ob_column_has_pseudo&quot;:&quot;no&quot;}\">\n\t\t<div class=\"elementor-element elementor-element-2f0f38b e-con-full e-flex e-con e-child\" data-id=\"2f0f38b\" data-element_type=\"container\" data-settings=\"{&quot;_ob_use_container_extras&quot;:&quot;no&quot;,&quot;_ob_column_hoveranimator&quot;:&quot;no&quot;,&quot;_ob_glider_is_slider&quot;:&quot;no&quot;,&quot;_ob_column_has_pseudo&quot;:&quot;no&quot;}\">\n\t\t\t\t<div class=\"elementor-element elementor-element-f52a641 ob-harakiri-inherit ob-has-background-overlay elementor-widget elementor-widget-heading\" data-id=\"f52a641\" data-element_type=\"widget\" data-settings=\"{&quot;_ob_use_harakiri&quot;:&quot;yes&quot;,&quot;_ob_harakiri_writing_mode&quot;:&quot;inherit&quot;,&quot;_ob_harakiri_text_clip&quot;:&quot;none&quot;,&quot;_ob_widget_stalker_use&quot;:&quot;no&quot;,&quot;_ob_poopart_use&quot;:&quot;yes&quot;,&quot;_ob_shadough_use&quot;:&quot;no&quot;,&quot;_ob_allow_hoveranimator&quot;:&quot;no&quot;}\" data-widget_type=\"heading.default\">\n\t\t\t\t\t<h3 class=\"elementor-heading-title elementor-size-default\">Aprenda a:<\/h3>\t\t\t\t<\/div>\n\t\t\t\t<div class=\"elementor-element elementor-element-ce74a42 u-list-square u-list-square__blue ob-harakiri-inherit ob-has-background-overlay elementor-widget elementor-widget-text-editor\" data-id=\"ce74a42\" data-element_type=\"widget\" data-settings=\"{&quot;_ob_use_harakiri&quot;:&quot;yes&quot;,&quot;_ob_harakiri_writing_mode&quot;:&quot;inherit&quot;,&quot;_ob_postman_use&quot;:&quot;no&quot;,&quot;_ob_widget_stalker_use&quot;:&quot;no&quot;,&quot;_ob_poopart_use&quot;:&quot;yes&quot;,&quot;_ob_shadough_use&quot;:&quot;no&quot;,&quot;_ob_allow_hoveranimator&quot;:&quot;no&quot;}\" data-widget_type=\"text-editor.default\">\n\t\t\t\t\t\t\t\t\t<ul><li style=\"font-weight: 400;\" aria-level=\"1\"><span style=\"font-weight: 400;\">Incentivar visitantes an\u00f4nimos a deixarem seus dados de contato<\/span><\/li><li style=\"font-weight: 400;\" aria-level=\"1\"><span style=\"font-weight: 400;\">Oferecer o envio do carrinho para o e-mail do usu\u00e1rio<\/span><\/li><li style=\"font-weight: 400;\" aria-level=\"1\"><span style=\"font-weight: 400;\">Mostrar aos visitantes os produtos que deixaram para tr\u00e1s na \u00faltima visita<\/span><\/li><li style=\"font-weight: 400;\" aria-level=\"1\"><span style=\"font-weight: 400;\">Identificar o melhor momento para impactar e converter usu\u00e1rios an\u00f4nimos<\/span><\/li><\/ul><p>\u00a0<\/p><p><span style=\"font-weight: 400;\">Voc\u00ea est\u00e1 pronto para desbloquear o potencial dos visitantes an\u00f4nimos da sua loja online?<\/span><\/p><p><span style=\"font-weight: 400;\">\u00a0<\/span><\/p>\t\t\t\t\t\t\t\t<\/div>\n\t\t\t\t<\/div>\n\t\t\t\t<\/div>\n\t\t<div class=\"elementor-element elementor-element-8fb9587 e-con-full e-flex e-con e-child\" data-id=\"8fb9587\" data-element_type=\"container\" data-settings=\"{&quot;_ob_use_container_extras&quot;:&quot;no&quot;,&quot;_ob_column_hoveranimator&quot;:&quot;no&quot;,&quot;_ob_glider_is_slider&quot;:&quot;no&quot;,&quot;_ob_column_has_pseudo&quot;:&quot;no&quot;}\">\n\t\t\t\t<div class=\"elementor-element elementor-element-e6ff284 ob-has-background-overlay elementor-widget elementor-widget-html\" data-id=\"e6ff284\" data-element_type=\"widget\" data-settings=\"{&quot;_ob_widget_stalker_use&quot;:&quot;no&quot;,&quot;_ob_poopart_use&quot;:&quot;yes&quot;,&quot;_ob_shadough_use&quot;:&quot;no&quot;,&quot;_ob_allow_hoveranimator&quot;:&quot;no&quot;}\" data-widget_type=\"html.default\">\n\t\t\t\t\t<div class=\"cn-placeholder-pageform\"><\/div>\t\t\t\t<\/div>\n\t\t\t\t<\/div>\n\t\t\t\t\t<\/div>\n\t\t\t\t<\/div>\n\t\t\t\t<\/div>\n\t\t","protected":false},"excerpt":{"rendered":"<p>How to turn anonymous users into loyal customers<\/p>\n","protected":false},"author":12,"featured_media":96024,"parent":96256,"menu_order":0,"comment_status":"closed","ping_status":"closed","template":"","meta":{"_acf_changed":false,"footnotes":""},"categories":[],"tags":[],"class_list":["post-96437","page","type-page","status-publish","has-post-thumbnail","hentry"],"acf":[],"yoast_head":"<!-- This site is optimized with the Yoast SEO plugin v26.1.1 - https:\/\/yoast.com\/wordpress\/plugins\/seo\/ -->\n<title>Ebook: Como transformar visitantes an\u00f4nimos em clientes fi\u00e9is<\/title>\n<meta name=\"description\" content=\"Neste eBook, descubra estrat\u00e9gias eficazes de marketing automation que grandes marcas est\u00e3o usando para engajar e conquistar visitantes an\u00f4nimos.\" \/>\n<meta name=\"robots\" content=\"noindex, nofollow\" \/>\n<meta property=\"og:locale\" content=\"pt_BR\" \/>\n<meta property=\"og:type\" content=\"article\" \/>\n<meta property=\"og:title\" content=\"Como transformar visitantes an\u00f4nimos em clientes fi\u00e9is\" \/>\n<meta property=\"og:description\" content=\"Neste eBook, descubra estrat\u00e9gias eficazes de marketing automation que grandes marcas est\u00e3o usando para engajar e conquistar visitantes an\u00f4nimos.\" \/>\n<meta property=\"og:url\" content=\"https:\/\/connectifai.chillypills.es\/pt-br\/ebooks\/como-transformar-visitantes-anonimos-em-clientes-fieis\/\" \/>\n<meta property=\"og:site_name\" content=\"Connectif Marketing Automation\" \/>\n<meta property=\"article:modified_time\" content=\"2025-08-18T10:13:00+00:00\" \/>\n<meta property=\"og:image\" content=\"https:\/\/connectifai.chillypills.es\/wp-content\/uploads\/2025\/07\/IMG-web-.png\" \/>\n\t<meta property=\"og:image:width\" content=\"800\" \/>\n\t<meta property=\"og:image:height\" content=\"800\" \/>\n\t<meta property=\"og:image:type\" content=\"image\/png\" \/>\n<meta name=\"twitter:card\" content=\"summary_large_image\" \/>\n<meta name=\"twitter:label1\" content=\"Est. tempo de leitura\" \/>\n\t<meta name=\"twitter:data1\" content=\"1 minuto\" \/>\n<script type=\"application\/ld+json\" class=\"yoast-schema-graph\">{\"@context\":\"https:\/\/schema.org\",\"@graph\":[{\"@type\":\"WebPage\",\"@id\":\"https:\/\/connectifai.chillypills.es\/pt-br\/ebooks\/como-transformar-visitantes-anonimos-em-clientes-fieis\/\",\"url\":\"https:\/\/connectifai.chillypills.es\/pt-br\/ebooks\/como-transformar-visitantes-anonimos-em-clientes-fieis\/\",\"name\":\"Ebook: Como transformar visitantes an\u00f4nimos em clientes fi\u00e9is\",\"isPartOf\":{\"@id\":\"https:\/\/connectifai.chillypills.es\/pt-br\/#website\"},\"primaryImageOfPage\":{\"@id\":\"https:\/\/connectifai.chillypills.es\/pt-br\/ebooks\/como-transformar-visitantes-anonimos-em-clientes-fieis\/#primaryimage\"},\"image\":{\"@id\":\"https:\/\/connectifai.chillypills.es\/pt-br\/ebooks\/como-transformar-visitantes-anonimos-em-clientes-fieis\/#primaryimage\"},\"thumbnailUrl\":\"https:\/\/connectifai.chillypills.es\/wp-content\/uploads\/2025\/07\/IMG-web-.png\",\"datePublished\":\"2025-07-16T11:57:01+00:00\",\"dateModified\":\"2025-08-18T10:13:00+00:00\",\"description\":\"Neste eBook, descubra estrat\u00e9gias eficazes de marketing automation que grandes marcas est\u00e3o usando para engajar e conquistar visitantes an\u00f4nimos.\",\"breadcrumb\":{\"@id\":\"https:\/\/connectifai.chillypills.es\/pt-br\/ebooks\/como-transformar-visitantes-anonimos-em-clientes-fieis\/#breadcrumb\"},\"inLanguage\":\"pt-BR\",\"potentialAction\":[{\"@type\":\"ReadAction\",\"target\":[\"https:\/\/connectifai.chillypills.es\/pt-br\/ebooks\/como-transformar-visitantes-anonimos-em-clientes-fieis\/\"]}]},{\"@type\":\"ImageObject\",\"inLanguage\":\"pt-BR\",\"@id\":\"https:\/\/connectifai.chillypills.es\/pt-br\/ebooks\/como-transformar-visitantes-anonimos-em-clientes-fieis\/#primaryimage\",\"url\":\"https:\/\/connectifai.chillypills.es\/wp-content\/uploads\/2025\/07\/IMG-web-.png\",\"contentUrl\":\"https:\/\/connectifai.chillypills.es\/wp-content\/uploads\/2025\/07\/IMG-web-.png\",\"width\":800,\"height\":800},{\"@type\":\"BreadcrumbList\",\"@id\":\"https:\/\/connectifai.chillypills.es\/pt-br\/ebooks\/como-transformar-visitantes-anonimos-em-clientes-fieis\/#breadcrumb\",\"itemListElement\":[{\"@type\":\"ListItem\",\"position\":1,\"name\":\"Portada\",\"item\":\"https:\/\/connectifai.chillypills.es\/pt-br\/\"},{\"@type\":\"ListItem\",\"position\":2,\"name\":\"eBooks\",\"item\":\"https:\/\/connectifai.chillypills.es\/pt-br\/ebooks\/\"},{\"@type\":\"ListItem\",\"position\":3,\"name\":\"Como transformar visitantes an\u00f4nimos em clientes fi\u00e9is\"}]},{\"@type\":\"WebSite\",\"@id\":\"https:\/\/connectifai.chillypills.es\/pt-br\/#website\",\"url\":\"https:\/\/connectifai.chillypills.es\/pt-br\/\",\"name\":\"Connectif Marketing Automation\",\"description\":\"Marketing Automation Software Connectif te permite crear experiencias de compra hiperpersonalizada a tus clientes de forma r\u00e1pida y visual\",\"publisher\":{\"@id\":\"https:\/\/connectifai.chillypills.es\/pt-br\/#organization\"},\"potentialAction\":[{\"@type\":\"SearchAction\",\"target\":{\"@type\":\"EntryPoint\",\"urlTemplate\":\"https:\/\/connectifai.chillypills.es\/pt-br\/?s={search_term_string}\"},\"query-input\":{\"@type\":\"PropertyValueSpecification\",\"valueRequired\":true,\"valueName\":\"search_term_string\"}}],\"inLanguage\":\"pt-BR\"},{\"@type\":\"Organization\",\"@id\":\"https:\/\/connectifai.chillypills.es\/pt-br\/#organization\",\"name\":\"Connectif Marketing Automation\",\"url\":\"https:\/\/connectifai.chillypills.es\/pt-br\/\",\"logo\":{\"@type\":\"ImageObject\",\"inLanguage\":\"pt-BR\",\"@id\":\"https:\/\/connectifai.chillypills.es\/pt-br\/#\/schema\/logo\/image\/\",\"url\":\"https:\/\/connectifai.chillypills.es\/wp-content\/uploads\/2023\/02\/Logo-Connectif-web.svg\",\"contentUrl\":\"https:\/\/connectifai.chillypills.es\/wp-content\/uploads\/2023\/02\/Logo-Connectif-web.svg\",\"width\":506,\"height\":46,\"caption\":\"Connectif Marketing Automation\"},\"image\":{\"@id\":\"https:\/\/connectifai.chillypills.es\/pt-br\/#\/schema\/logo\/image\/\"}}]}<\/script>\n<!-- \/ Yoast SEO plugin. -->","yoast_head_json":{"title":"Ebook: Como transformar visitantes an\u00f4nimos em clientes fi\u00e9is","description":"Neste eBook, descubra estrat\u00e9gias eficazes de marketing automation que grandes marcas est\u00e3o usando para engajar e conquistar visitantes an\u00f4nimos.","robots":{"index":"noindex","follow":"nofollow"},"og_locale":"pt_BR","og_type":"article","og_title":"Como transformar visitantes an\u00f4nimos em clientes fi\u00e9is","og_description":"Neste eBook, descubra estrat\u00e9gias eficazes de marketing automation que grandes marcas est\u00e3o usando para engajar e conquistar visitantes an\u00f4nimos.","og_url":"https:\/\/connectifai.chillypills.es\/pt-br\/ebooks\/como-transformar-visitantes-anonimos-em-clientes-fieis\/","og_site_name":"Connectif Marketing Automation","article_modified_time":"2025-08-18T10:13:00+00:00","og_image":[{"width":800,"height":800,"url":"https:\/\/connectifai.chillypills.es\/wp-content\/uploads\/2025\/07\/IMG-web-.png","type":"image\/png"}],"twitter_card":"summary_large_image","twitter_misc":{"Est. tempo de leitura":"1 minuto"},"schema":{"@context":"https:\/\/schema.org","@graph":[{"@type":"WebPage","@id":"https:\/\/connectifai.chillypills.es\/pt-br\/ebooks\/como-transformar-visitantes-anonimos-em-clientes-fieis\/","url":"https:\/\/connectifai.chillypills.es\/pt-br\/ebooks\/como-transformar-visitantes-anonimos-em-clientes-fieis\/","name":"Ebook: Como transformar visitantes an\u00f4nimos em clientes fi\u00e9is","isPartOf":{"@id":"https:\/\/connectifai.chillypills.es\/pt-br\/#website"},"primaryImageOfPage":{"@id":"https:\/\/connectifai.chillypills.es\/pt-br\/ebooks\/como-transformar-visitantes-anonimos-em-clientes-fieis\/#primaryimage"},"image":{"@id":"https:\/\/connectifai.chillypills.es\/pt-br\/ebooks\/como-transformar-visitantes-anonimos-em-clientes-fieis\/#primaryimage"},"thumbnailUrl":"https:\/\/connectifai.chillypills.es\/wp-content\/uploads\/2025\/07\/IMG-web-.png","datePublished":"2025-07-16T11:57:01+00:00","dateModified":"2025-08-18T10:13:00+00:00","description":"Neste eBook, descubra estrat\u00e9gias eficazes de marketing automation que grandes marcas est\u00e3o usando para engajar e conquistar visitantes an\u00f4nimos.","breadcrumb":{"@id":"https:\/\/connectifai.chillypills.es\/pt-br\/ebooks\/como-transformar-visitantes-anonimos-em-clientes-fieis\/#breadcrumb"},"inLanguage":"pt-BR","potentialAction":[{"@type":"ReadAction","target":["https:\/\/connectifai.chillypills.es\/pt-br\/ebooks\/como-transformar-visitantes-anonimos-em-clientes-fieis\/"]}]},{"@type":"ImageObject","inLanguage":"pt-BR","@id":"https:\/\/connectifai.chillypills.es\/pt-br\/ebooks\/como-transformar-visitantes-anonimos-em-clientes-fieis\/#primaryimage","url":"https:\/\/connectifai.chillypills.es\/wp-content\/uploads\/2025\/07\/IMG-web-.png","contentUrl":"https:\/\/connectifai.chillypills.es\/wp-content\/uploads\/2025\/07\/IMG-web-.png","width":800,"height":800},{"@type":"BreadcrumbList","@id":"https:\/\/connectifai.chillypills.es\/pt-br\/ebooks\/como-transformar-visitantes-anonimos-em-clientes-fieis\/#breadcrumb","itemListElement":[{"@type":"ListItem","position":1,"name":"Portada","item":"https:\/\/connectifai.chillypills.es\/pt-br\/"},{"@type":"ListItem","position":2,"name":"eBooks","item":"https:\/\/connectifai.chillypills.es\/pt-br\/ebooks\/"},{"@type":"ListItem","position":3,"name":"Como transformar visitantes an\u00f4nimos em clientes fi\u00e9is"}]},{"@type":"WebSite","@id":"https:\/\/connectifai.chillypills.es\/pt-br\/#website","url":"https:\/\/connectifai.chillypills.es\/pt-br\/","name":"Connectif Marketing Automation","description":"Marketing Automation Software Connectif te permite crear experiencias de compra hiperpersonalizada a tus clientes de forma r\u00e1pida y visual","publisher":{"@id":"https:\/\/connectifai.chillypills.es\/pt-br\/#organization"},"potentialAction":[{"@type":"SearchAction","target":{"@type":"EntryPoint","urlTemplate":"https:\/\/connectifai.chillypills.es\/pt-br\/?s={search_term_string}"},"query-input":{"@type":"PropertyValueSpecification","valueRequired":true,"valueName":"search_term_string"}}],"inLanguage":"pt-BR"},{"@type":"Organization","@id":"https:\/\/connectifai.chillypills.es\/pt-br\/#organization","name":"Connectif Marketing Automation","url":"https:\/\/connectifai.chillypills.es\/pt-br\/","logo":{"@type":"ImageObject","inLanguage":"pt-BR","@id":"https:\/\/connectifai.chillypills.es\/pt-br\/#\/schema\/logo\/image\/","url":"https:\/\/connectifai.chillypills.es\/wp-content\/uploads\/2023\/02\/Logo-Connectif-web.svg","contentUrl":"https:\/\/connectifai.chillypills.es\/wp-content\/uploads\/2023\/02\/Logo-Connectif-web.svg","width":506,"height":46,"caption":"Connectif Marketing Automation"},"image":{"@id":"https:\/\/connectifai.chillypills.es\/pt-br\/#\/schema\/logo\/image\/"}}]}},"_links":{"self":[{"href":"https:\/\/connectifai.chillypills.es\/pt-br\/wp-json\/wp\/v2\/pages\/96437","targetHints":{"allow":["GET"]}}],"collection":[{"href":"https:\/\/connectifai.chillypills.es\/pt-br\/wp-json\/wp\/v2\/pages"}],"about":[{"href":"https:\/\/connectifai.chillypills.es\/pt-br\/wp-json\/wp\/v2\/types\/page"}],"author":[{"embeddable":true,"href":"https:\/\/connectifai.chillypills.es\/pt-br\/wp-json\/wp\/v2\/users\/12"}],"replies":[{"embeddable":true,"href":"https:\/\/connectifai.chillypills.es\/pt-br\/wp-json\/wp\/v2\/comments?post=96437"}],"version-history":[{"count":0,"href":"https:\/\/connectifai.chillypills.es\/pt-br\/wp-json\/wp\/v2\/pages\/96437\/revisions"}],"up":[{"embeddable":true,"href":"https:\/\/connectifai.chillypills.es\/pt-br\/wp-json\/wp\/v2\/pages\/96256"}],"wp:featuredmedia":[{"embeddable":true,"href":"https:\/\/connectifai.chillypills.es\/pt-br\/wp-json\/wp\/v2\/media\/96024"}],"wp:attachment":[{"href":"https:\/\/connectifai.chillypills.es\/pt-br\/wp-json\/wp\/v2\/media?parent=96437"}],"wp:term":[{"taxonomy":"category","embeddable":true,"href":"https:\/\/connectifai.chillypills.es\/pt-br\/wp-json\/wp\/v2\/categories?post=96437"},{"taxonomy":"post_tag","embeddable":true,"href":"https:\/\/connectifai.chillypills.es\/pt-br\/wp-json\/wp\/v2\/tags?post=96437"}],"curies":[{"name":"wp","href":"https:\/\/api.w.org\/{rel}","templated":true}]}}