{"id":93184,"date":"2025-03-25T16:14:17","date_gmt":"2025-03-25T15:14:17","guid":{"rendered":"https:\/\/connectifai.chillypills.es\/?page_id=93184"},"modified":"2025-08-06T15:28:55","modified_gmt":"2025-08-06T14:28:55","slug":"potencialize-seu-marketing-com-segmentacao-inteligente","status":"publish","type":"page","link":"https:\/\/connectifai.chillypills.es\/pt-br\/ebooks\/potencialize-seu-marketing-com-segmentacao-inteligente\/","title":{"rendered":"Potencialize seu marketing com segmenta\u00e7\u00e3o inteligente"},"content":{"rendered":"\t\t<div data-elementor-type=\"wp-page\" data-elementor-id=\"93184\" class=\"elementor elementor-93184 elementor-92939\" data-elementor-post-type=\"page\">\n\t\t\t\t<div class=\"elementor-element elementor-element-4e7dcd2 e-flex e-con-boxed e-con e-parent\" data-id=\"4e7dcd2\" data-element_type=\"container\" data-settings=\"{&quot;_ob_use_container_extras&quot;:&quot;no&quot;,&quot;_ob_column_hoveranimator&quot;:&quot;no&quot;,&quot;_ob_glider_is_slider&quot;:&quot;no&quot;,&quot;_ob_column_has_pseudo&quot;:&quot;no&quot;}\">\n\t\t\t\t\t<div class=\"e-con-inner\">\n\t\t<div class=\"elementor-element elementor-element-09948f1 e-con-full e-flex e-con e-child\" data-id=\"09948f1\" data-element_type=\"container\" data-settings=\"{&quot;_ob_use_container_extras&quot;:&quot;no&quot;,&quot;_ob_column_hoveranimator&quot;:&quot;no&quot;,&quot;_ob_glider_is_slider&quot;:&quot;no&quot;,&quot;_ob_column_has_pseudo&quot;:&quot;no&quot;}\">\n\t\t\t\t<div class=\"elementor-element elementor-element-d9f8e09 ob-harakiri-inherit ob-has-background-overlay elementor-widget elementor-widget-heading\" data-id=\"d9f8e09\" data-element_type=\"widget\" data-settings=\"{&quot;_ob_use_harakiri&quot;:&quot;yes&quot;,&quot;_ob_harakiri_writing_mode&quot;:&quot;inherit&quot;,&quot;_ob_harakiri_text_clip&quot;:&quot;none&quot;,&quot;_ob_widget_stalker_use&quot;:&quot;no&quot;,&quot;_ob_poopart_use&quot;:&quot;yes&quot;,&quot;_ob_shadough_use&quot;:&quot;no&quot;,&quot;_ob_allow_hoveranimator&quot;:&quot;no&quot;}\" data-widget_type=\"heading.default\">\n\t\t\t\t\t<h2 class=\"elementor-heading-title elementor-size-default\">Potencialize seu marketing com segmenta\u00e7\u00e3o inteligente<\/h2>\t\t\t\t<\/div>\n\t\t\t\t<div class=\"elementor-element elementor-element-af0e636 ob-harakiri-inherit ob-has-background-overlay elementor-widget elementor-widget-text-editor\" data-id=\"af0e636\" data-element_type=\"widget\" data-settings=\"{&quot;_ob_use_harakiri&quot;:&quot;yes&quot;,&quot;_ob_harakiri_writing_mode&quot;:&quot;inherit&quot;,&quot;_ob_postman_use&quot;:&quot;no&quot;,&quot;_ob_widget_stalker_use&quot;:&quot;no&quot;,&quot;_ob_poopart_use&quot;:&quot;yes&quot;,&quot;_ob_shadough_use&quot;:&quot;no&quot;,&quot;_ob_allow_hoveranimator&quot;:&quot;no&quot;}\" data-widget_type=\"text-editor.default\">\n\t\t\t\t\t\t\t\t\t<p><span style=\"font-weight: 400;\">A segmenta\u00e7\u00e3o baseada em comportamento e prefer\u00eancias \u00e9 apenas o come\u00e7o. A verdadeira magia acontece com a segmenta\u00e7\u00e3o inteligente. Na Connectif, facilitamos o uso de m\u00e9tricas inteligentes como CLV, RFM, P-Alive e Churn nos seus segmentos para potencializar suas campanhas de marketing. Quer saber mais?<\/span><span style=\"font-weight: 400;\"><br \/><\/span><\/p>\t\t\t\t\t\t\t\t<\/div>\n\t\t\t\t<div class=\"elementor-element elementor-element-084028c elementor-align-left c-button c-button-dt__primary ob-has-background-overlay elementor-widget elementor-widget-button\" data-id=\"084028c\" data-element_type=\"widget\" data-settings=\"{&quot;_ob_butterbutton_use_it&quot;:&quot;no&quot;,&quot;_ob_widget_stalker_use&quot;:&quot;no&quot;,&quot;_ob_poopart_use&quot;:&quot;yes&quot;,&quot;_ob_shadough_use&quot;:&quot;no&quot;,&quot;_ob_allow_hoveranimator&quot;:&quot;no&quot;}\" data-widget_type=\"button.default\">\n\t\t\t\t\t\t\t\t\t\t<a class=\"elementor-button elementor-button-link elementor-size-md\" href=\"#download-form\">\n\t\t\t\t\t\t<span class=\"elementor-button-content-wrapper\">\n\t\t\t\t\t\t\t\t\t<span class=\"elementor-button-text\">Baixar o guia<\/span>\n\t\t\t\t\t<\/span>\n\t\t\t\t\t<\/a>\n\t\t\t\t\t\t\t\t<\/div>\n\t\t\t\t<\/div>\n\t\t<div class=\"elementor-element elementor-element-7d21efb e-con-full e-flex e-con e-child\" data-id=\"7d21efb\" data-element_type=\"container\" data-settings=\"{&quot;background_background&quot;:&quot;classic&quot;,&quot;_ob_use_container_extras&quot;:&quot;no&quot;,&quot;_ob_column_hoveranimator&quot;:&quot;no&quot;,&quot;_ob_glider_is_slider&quot;:&quot;no&quot;,&quot;_ob_column_has_pseudo&quot;:&quot;no&quot;}\">\n\t\t\t\t<\/div>\n\t\t\t\t\t<\/div>\n\t\t\t\t<\/div>\n\t\t<div class=\"elementor-element elementor-element-d742743 e-grid e-con-boxed e-con e-parent\" data-id=\"d742743\" data-element_type=\"container\" id=\"download-form\" data-settings=\"{&quot;_ob_use_container_extras&quot;:&quot;no&quot;,&quot;_ob_column_hoveranimator&quot;:&quot;no&quot;,&quot;_ob_glider_is_slider&quot;:&quot;no&quot;,&quot;_ob_column_has_pseudo&quot;:&quot;no&quot;}\">\n\t\t\t\t\t<div class=\"e-con-inner\">\n\t\t<div class=\"elementor-element elementor-element-c2d7291 e-con-full e-flex e-con e-child\" data-id=\"c2d7291\" data-element_type=\"container\" data-settings=\"{&quot;_ob_use_container_extras&quot;:&quot;no&quot;,&quot;_ob_column_hoveranimator&quot;:&quot;no&quot;,&quot;_ob_glider_is_slider&quot;:&quot;no&quot;,&quot;_ob_column_has_pseudo&quot;:&quot;no&quot;}\">\n\t\t<div class=\"elementor-element elementor-element-2f0f38b e-con-full e-flex e-con e-child\" data-id=\"2f0f38b\" data-element_type=\"container\" data-settings=\"{&quot;_ob_use_container_extras&quot;:&quot;no&quot;,&quot;_ob_column_hoveranimator&quot;:&quot;no&quot;,&quot;_ob_glider_is_slider&quot;:&quot;no&quot;,&quot;_ob_column_has_pseudo&quot;:&quot;no&quot;}\">\n\t\t\t\t<div class=\"elementor-element elementor-element-f52a641 ob-harakiri-inherit ob-has-background-overlay elementor-widget elementor-widget-heading\" data-id=\"f52a641\" data-element_type=\"widget\" data-settings=\"{&quot;_ob_use_harakiri&quot;:&quot;yes&quot;,&quot;_ob_harakiri_writing_mode&quot;:&quot;inherit&quot;,&quot;_ob_harakiri_text_clip&quot;:&quot;none&quot;,&quot;_ob_widget_stalker_use&quot;:&quot;no&quot;,&quot;_ob_poopart_use&quot;:&quot;yes&quot;,&quot;_ob_shadough_use&quot;:&quot;no&quot;,&quot;_ob_allow_hoveranimator&quot;:&quot;no&quot;}\" data-widget_type=\"heading.default\">\n\t\t\t\t\t<h3 class=\"elementor-heading-title elementor-size-default\">Nesta guia de segmenta\u00e7\u00e3o inteligente, voc\u00ea descobrir\u00e1:\n<\/h3>\t\t\t\t<\/div>\n\t\t\t\t<div class=\"elementor-element elementor-element-ce74a42 u-list-square u-list-square__blue ob-harakiri-inherit ob-has-background-overlay elementor-widget elementor-widget-text-editor\" data-id=\"ce74a42\" data-element_type=\"widget\" data-settings=\"{&quot;_ob_use_harakiri&quot;:&quot;yes&quot;,&quot;_ob_harakiri_writing_mode&quot;:&quot;inherit&quot;,&quot;_ob_postman_use&quot;:&quot;no&quot;,&quot;_ob_widget_stalker_use&quot;:&quot;no&quot;,&quot;_ob_poopart_use&quot;:&quot;yes&quot;,&quot;_ob_shadough_use&quot;:&quot;no&quot;,&quot;_ob_allow_hoveranimator&quot;:&quot;no&quot;}\" data-widget_type=\"text-editor.default\">\n\t\t\t\t\t\t\t\t\t<ul><li style=\"font-weight: 400;\" aria-level=\"1\"><span style=\"font-weight: 400;\">M\u00e9tricas preditivas para criar segmentos inteligentes<\/span><\/li><li style=\"font-weight: 400;\" aria-level=\"1\"><span style=\"font-weight: 400;\">Exemplos reais de segmentos de p\u00fablico e como constru\u00ed-los<\/span><\/li><li style=\"font-weight: 400;\" aria-level=\"1\"><span style=\"font-weight: 400;\">Estrat\u00e9gias de comunica\u00e7\u00e3o aplicadas a diferentes setores<br \/><br \/><\/span><\/li><\/ul><p><b>Torne-se um smart marketer com a segmenta\u00e7\u00e3o inteligente!<\/b><\/p>\t\t\t\t\t\t\t\t<\/div>\n\t\t\t\t<\/div>\n\t\t\t\t<\/div>\n\t\t<div class=\"elementor-element elementor-element-8fb9587 e-con-full e-flex e-con e-child\" data-id=\"8fb9587\" data-element_type=\"container\" data-settings=\"{&quot;_ob_use_container_extras&quot;:&quot;no&quot;,&quot;_ob_column_hoveranimator&quot;:&quot;no&quot;,&quot;_ob_glider_is_slider&quot;:&quot;no&quot;,&quot;_ob_column_has_pseudo&quot;:&quot;no&quot;}\">\n\t\t\t\t<div class=\"elementor-element elementor-element-e6ff284 ob-has-background-overlay elementor-widget elementor-widget-html\" data-id=\"e6ff284\" data-element_type=\"widget\" data-settings=\"{&quot;_ob_widget_stalker_use&quot;:&quot;no&quot;,&quot;_ob_poopart_use&quot;:&quot;yes&quot;,&quot;_ob_shadough_use&quot;:&quot;no&quot;,&quot;_ob_allow_hoveranimator&quot;:&quot;no&quot;}\" data-widget_type=\"html.default\">\n\t\t\t\t\t<div class=\"cn-placeholder-pageform\"><\/div>\t\t\t\t<\/div>\n\t\t\t\t<\/div>\n\t\t\t\t\t<\/div>\n\t\t\t\t<\/div>\n\t\t\t\t<\/div>\n\t\t","protected":false},"excerpt":{"rendered":"<p>Potencialize seu marketing com segmenta\u00e7\u00e3o inteligente<\/p>\n","protected":false},"author":12,"featured_media":97306,"parent":96256,"menu_order":0,"comment_status":"closed","ping_status":"closed","template":"","meta":{"_acf_changed":false,"footnotes":""},"categories":[205],"tags":[],"class_list":["post-93184","page","type-page","status-publish","has-post-thumbnail","hentry","category-ebook-pt-br"],"acf":[],"yoast_head":"<!-- This site is optimized with the Yoast SEO plugin v26.1.1 - https:\/\/yoast.com\/wordpress\/plugins\/seo\/ -->\n<title>Guia gratuito: Potencialize seu marketing com a segmenta\u00e7\u00e3o inteligente<\/title>\n<meta name=\"description\" content=\"Quer melhorar o impacto das suas campanhas de marketing? Baixe nosso guia de segmenta\u00e7\u00e3o inteligente e transforme seus resultados!\" \/>\n<meta name=\"robots\" content=\"index, follow, max-snippet:-1, max-image-preview:large, max-video-preview:-1\" \/>\n<link rel=\"canonical\" href=\"https:\/\/connectifai.chillypills.es\/pt-br\/ebooks\/potencialize-seu-marketing-com-segmentacao-inteligente\/\" \/>\n<meta property=\"og:locale\" content=\"pt_BR\" \/>\n<meta property=\"og:type\" content=\"article\" \/>\n<meta property=\"og:title\" content=\"Guia gratuito: Potencialize seu marketing com a segmenta\u00e7\u00e3o inteligente\" \/>\n<meta property=\"og:description\" content=\"Quer melhorar o impacto das suas campanhas de marketing? Baixe nosso guia de segmenta\u00e7\u00e3o inteligente e transforme seus resultados!\" \/>\n<meta property=\"og:url\" content=\"https:\/\/connectifai.chillypills.es\/pt-br\/ebooks\/potencialize-seu-marketing-com-segmentacao-inteligente\/\" \/>\n<meta property=\"og:site_name\" content=\"Connectif Marketing Automation\" \/>\n<meta property=\"article:modified_time\" content=\"2025-08-06T14:28:55+00:00\" \/>\n<meta property=\"og:image\" content=\"https:\/\/connectifai.chillypills.es\/wp-content\/uploads\/2025\/08\/Ebook_Connectif_Potencia-tu-marketing-con-segmentacion-inteligente.png\" \/>\n\t<meta property=\"og:image:width\" content=\"850\" \/>\n\t<meta property=\"og:image:height\" content=\"560\" \/>\n\t<meta property=\"og:image:type\" content=\"image\/png\" \/>\n<meta name=\"twitter:card\" content=\"summary_large_image\" \/>\n<meta name=\"twitter:label1\" content=\"Est. tempo de leitura\" \/>\n\t<meta name=\"twitter:data1\" content=\"1 minuto\" \/>\n<script type=\"application\/ld+json\" class=\"yoast-schema-graph\">{\"@context\":\"https:\/\/schema.org\",\"@graph\":[{\"@type\":\"WebPage\",\"@id\":\"https:\/\/connectifai.chillypills.es\/pt-br\/ebooks\/potencialize-seu-marketing-com-segmentacao-inteligente\/\",\"url\":\"https:\/\/connectifai.chillypills.es\/pt-br\/ebooks\/potencialize-seu-marketing-com-segmentacao-inteligente\/\",\"name\":\"Guia gratuito: Potencialize seu marketing com a segmenta\u00e7\u00e3o inteligente\",\"isPartOf\":{\"@id\":\"https:\/\/connectifai.chillypills.es\/pt-br\/#website\"},\"primaryImageOfPage\":{\"@id\":\"https:\/\/connectifai.chillypills.es\/pt-br\/ebooks\/potencialize-seu-marketing-com-segmentacao-inteligente\/#primaryimage\"},\"image\":{\"@id\":\"https:\/\/connectifai.chillypills.es\/pt-br\/ebooks\/potencialize-seu-marketing-com-segmentacao-inteligente\/#primaryimage\"},\"thumbnailUrl\":\"https:\/\/connectifai.chillypills.es\/wp-content\/uploads\/2025\/08\/Ebook_Connectif_Potencia-tu-marketing-con-segmentacion-inteligente.png\",\"datePublished\":\"2025-03-25T15:14:17+00:00\",\"dateModified\":\"2025-08-06T14:28:55+00:00\",\"description\":\"Quer melhorar o impacto das suas campanhas de marketing? Baixe nosso guia de segmenta\u00e7\u00e3o inteligente e transforme seus resultados!\",\"breadcrumb\":{\"@id\":\"https:\/\/connectifai.chillypills.es\/pt-br\/ebooks\/potencialize-seu-marketing-com-segmentacao-inteligente\/#breadcrumb\"},\"inLanguage\":\"pt-BR\",\"potentialAction\":[{\"@type\":\"ReadAction\",\"target\":[\"https:\/\/connectifai.chillypills.es\/pt-br\/ebooks\/potencialize-seu-marketing-com-segmentacao-inteligente\/\"]}]},{\"@type\":\"ImageObject\",\"inLanguage\":\"pt-BR\",\"@id\":\"https:\/\/connectifai.chillypills.es\/pt-br\/ebooks\/potencialize-seu-marketing-com-segmentacao-inteligente\/#primaryimage\",\"url\":\"https:\/\/connectifai.chillypills.es\/wp-content\/uploads\/2025\/08\/Ebook_Connectif_Potencia-tu-marketing-con-segmentacion-inteligente.png\",\"contentUrl\":\"https:\/\/connectifai.chillypills.es\/wp-content\/uploads\/2025\/08\/Ebook_Connectif_Potencia-tu-marketing-con-segmentacion-inteligente.png\",\"width\":850,\"height\":560},{\"@type\":\"BreadcrumbList\",\"@id\":\"https:\/\/connectifai.chillypills.es\/pt-br\/ebooks\/potencialize-seu-marketing-com-segmentacao-inteligente\/#breadcrumb\",\"itemListElement\":[{\"@type\":\"ListItem\",\"position\":1,\"name\":\"Portada\",\"item\":\"https:\/\/connectifai.chillypills.es\/pt-br\/\"},{\"@type\":\"ListItem\",\"position\":2,\"name\":\"eBooks\",\"item\":\"https:\/\/connectifai.chillypills.es\/pt-br\/ebooks\/\"},{\"@type\":\"ListItem\",\"position\":3,\"name\":\"Potencialize seu marketing com segmenta\u00e7\u00e3o inteligente\"}]},{\"@type\":\"WebSite\",\"@id\":\"https:\/\/connectifai.chillypills.es\/pt-br\/#website\",\"url\":\"https:\/\/connectifai.chillypills.es\/pt-br\/\",\"name\":\"Connectif Marketing Automation\",\"description\":\"Marketing Automation Software Connectif te permite crear experiencias de compra hiperpersonalizada a tus clientes de forma r\u00e1pida y visual\",\"publisher\":{\"@id\":\"https:\/\/connectifai.chillypills.es\/pt-br\/#organization\"},\"potentialAction\":[{\"@type\":\"SearchAction\",\"target\":{\"@type\":\"EntryPoint\",\"urlTemplate\":\"https:\/\/connectifai.chillypills.es\/pt-br\/?s={search_term_string}\"},\"query-input\":{\"@type\":\"PropertyValueSpecification\",\"valueRequired\":true,\"valueName\":\"search_term_string\"}}],\"inLanguage\":\"pt-BR\"},{\"@type\":\"Organization\",\"@id\":\"https:\/\/connectifai.chillypills.es\/pt-br\/#organization\",\"name\":\"Connectif Marketing Automation\",\"url\":\"https:\/\/connectifai.chillypills.es\/pt-br\/\",\"logo\":{\"@type\":\"ImageObject\",\"inLanguage\":\"pt-BR\",\"@id\":\"https:\/\/connectifai.chillypills.es\/pt-br\/#\/schema\/logo\/image\/\",\"url\":\"https:\/\/connectifai.chillypills.es\/wp-content\/uploads\/2023\/02\/Logo-Connectif-web.svg\",\"contentUrl\":\"https:\/\/connectifai.chillypills.es\/wp-content\/uploads\/2023\/02\/Logo-Connectif-web.svg\",\"width\":506,\"height\":46,\"caption\":\"Connectif Marketing Automation\"},\"image\":{\"@id\":\"https:\/\/connectifai.chillypills.es\/pt-br\/#\/schema\/logo\/image\/\"}}]}<\/script>\n<!-- \/ Yoast SEO plugin. -->","yoast_head_json":{"title":"Guia gratuito: Potencialize seu marketing com a segmenta\u00e7\u00e3o inteligente","description":"Quer melhorar o impacto das suas campanhas de marketing? Baixe nosso guia de segmenta\u00e7\u00e3o inteligente e transforme seus resultados!","robots":{"index":"index","follow":"follow","max-snippet":"max-snippet:-1","max-image-preview":"max-image-preview:large","max-video-preview":"max-video-preview:-1"},"canonical":"https:\/\/connectifai.chillypills.es\/pt-br\/ebooks\/potencialize-seu-marketing-com-segmentacao-inteligente\/","og_locale":"pt_BR","og_type":"article","og_title":"Guia gratuito: Potencialize seu marketing com a segmenta\u00e7\u00e3o inteligente","og_description":"Quer melhorar o impacto das suas campanhas de marketing? Baixe nosso guia de segmenta\u00e7\u00e3o inteligente e transforme seus resultados!","og_url":"https:\/\/connectifai.chillypills.es\/pt-br\/ebooks\/potencialize-seu-marketing-com-segmentacao-inteligente\/","og_site_name":"Connectif Marketing Automation","article_modified_time":"2025-08-06T14:28:55+00:00","og_image":[{"width":850,"height":560,"url":"https:\/\/connectifai.chillypills.es\/wp-content\/uploads\/2025\/08\/Ebook_Connectif_Potencia-tu-marketing-con-segmentacion-inteligente.png","type":"image\/png"}],"twitter_card":"summary_large_image","twitter_misc":{"Est. tempo de leitura":"1 minuto"},"schema":{"@context":"https:\/\/schema.org","@graph":[{"@type":"WebPage","@id":"https:\/\/connectifai.chillypills.es\/pt-br\/ebooks\/potencialize-seu-marketing-com-segmentacao-inteligente\/","url":"https:\/\/connectifai.chillypills.es\/pt-br\/ebooks\/potencialize-seu-marketing-com-segmentacao-inteligente\/","name":"Guia gratuito: Potencialize seu marketing com a segmenta\u00e7\u00e3o inteligente","isPartOf":{"@id":"https:\/\/connectifai.chillypills.es\/pt-br\/#website"},"primaryImageOfPage":{"@id":"https:\/\/connectifai.chillypills.es\/pt-br\/ebooks\/potencialize-seu-marketing-com-segmentacao-inteligente\/#primaryimage"},"image":{"@id":"https:\/\/connectifai.chillypills.es\/pt-br\/ebooks\/potencialize-seu-marketing-com-segmentacao-inteligente\/#primaryimage"},"thumbnailUrl":"https:\/\/connectifai.chillypills.es\/wp-content\/uploads\/2025\/08\/Ebook_Connectif_Potencia-tu-marketing-con-segmentacion-inteligente.png","datePublished":"2025-03-25T15:14:17+00:00","dateModified":"2025-08-06T14:28:55+00:00","description":"Quer melhorar o impacto das suas campanhas de marketing? Baixe nosso guia de segmenta\u00e7\u00e3o inteligente e transforme seus resultados!","breadcrumb":{"@id":"https:\/\/connectifai.chillypills.es\/pt-br\/ebooks\/potencialize-seu-marketing-com-segmentacao-inteligente\/#breadcrumb"},"inLanguage":"pt-BR","potentialAction":[{"@type":"ReadAction","target":["https:\/\/connectifai.chillypills.es\/pt-br\/ebooks\/potencialize-seu-marketing-com-segmentacao-inteligente\/"]}]},{"@type":"ImageObject","inLanguage":"pt-BR","@id":"https:\/\/connectifai.chillypills.es\/pt-br\/ebooks\/potencialize-seu-marketing-com-segmentacao-inteligente\/#primaryimage","url":"https:\/\/connectifai.chillypills.es\/wp-content\/uploads\/2025\/08\/Ebook_Connectif_Potencia-tu-marketing-con-segmentacion-inteligente.png","contentUrl":"https:\/\/connectifai.chillypills.es\/wp-content\/uploads\/2025\/08\/Ebook_Connectif_Potencia-tu-marketing-con-segmentacion-inteligente.png","width":850,"height":560},{"@type":"BreadcrumbList","@id":"https:\/\/connectifai.chillypills.es\/pt-br\/ebooks\/potencialize-seu-marketing-com-segmentacao-inteligente\/#breadcrumb","itemListElement":[{"@type":"ListItem","position":1,"name":"Portada","item":"https:\/\/connectifai.chillypills.es\/pt-br\/"},{"@type":"ListItem","position":2,"name":"eBooks","item":"https:\/\/connectifai.chillypills.es\/pt-br\/ebooks\/"},{"@type":"ListItem","position":3,"name":"Potencialize seu marketing com segmenta\u00e7\u00e3o inteligente"}]},{"@type":"WebSite","@id":"https:\/\/connectifai.chillypills.es\/pt-br\/#website","url":"https:\/\/connectifai.chillypills.es\/pt-br\/","name":"Connectif Marketing Automation","description":"Marketing Automation Software Connectif te permite crear experiencias de compra hiperpersonalizada a tus clientes de forma r\u00e1pida y visual","publisher":{"@id":"https:\/\/connectifai.chillypills.es\/pt-br\/#organization"},"potentialAction":[{"@type":"SearchAction","target":{"@type":"EntryPoint","urlTemplate":"https:\/\/connectifai.chillypills.es\/pt-br\/?s={search_term_string}"},"query-input":{"@type":"PropertyValueSpecification","valueRequired":true,"valueName":"search_term_string"}}],"inLanguage":"pt-BR"},{"@type":"Organization","@id":"https:\/\/connectifai.chillypills.es\/pt-br\/#organization","name":"Connectif Marketing Automation","url":"https:\/\/connectifai.chillypills.es\/pt-br\/","logo":{"@type":"ImageObject","inLanguage":"pt-BR","@id":"https:\/\/connectifai.chillypills.es\/pt-br\/#\/schema\/logo\/image\/","url":"https:\/\/connectifai.chillypills.es\/wp-content\/uploads\/2023\/02\/Logo-Connectif-web.svg","contentUrl":"https:\/\/connectifai.chillypills.es\/wp-content\/uploads\/2023\/02\/Logo-Connectif-web.svg","width":506,"height":46,"caption":"Connectif Marketing Automation"},"image":{"@id":"https:\/\/connectifai.chillypills.es\/pt-br\/#\/schema\/logo\/image\/"}}]}},"_links":{"self":[{"href":"https:\/\/connectifai.chillypills.es\/pt-br\/wp-json\/wp\/v2\/pages\/93184","targetHints":{"allow":["GET"]}}],"collection":[{"href":"https:\/\/connectifai.chillypills.es\/pt-br\/wp-json\/wp\/v2\/pages"}],"about":[{"href":"https:\/\/connectifai.chillypills.es\/pt-br\/wp-json\/wp\/v2\/types\/page"}],"author":[{"embeddable":true,"href":"https:\/\/connectifai.chillypills.es\/pt-br\/wp-json\/wp\/v2\/users\/12"}],"replies":[{"embeddable":true,"href":"https:\/\/connectifai.chillypills.es\/pt-br\/wp-json\/wp\/v2\/comments?post=93184"}],"version-history":[{"count":0,"href":"https:\/\/connectifai.chillypills.es\/pt-br\/wp-json\/wp\/v2\/pages\/93184\/revisions"}],"up":[{"embeddable":true,"href":"https:\/\/connectifai.chillypills.es\/pt-br\/wp-json\/wp\/v2\/pages\/96256"}],"wp:featuredmedia":[{"embeddable":true,"href":"https:\/\/connectifai.chillypills.es\/pt-br\/wp-json\/wp\/v2\/media\/97306"}],"wp:attachment":[{"href":"https:\/\/connectifai.chillypills.es\/pt-br\/wp-json\/wp\/v2\/media?parent=93184"}],"wp:term":[{"taxonomy":"category","embeddable":true,"href":"https:\/\/connectifai.chillypills.es\/pt-br\/wp-json\/wp\/v2\/categories?post=93184"},{"taxonomy":"post_tag","embeddable":true,"href":"https:\/\/connectifai.chillypills.es\/pt-br\/wp-json\/wp\/v2\/tags?post=93184"}],"curies":[{"name":"wp","href":"https:\/\/api.w.org\/{rel}","templated":true}]}}