{"id":84766,"date":"2023-12-18T10:09:04","date_gmt":"2023-12-18T09:09:04","guid":{"rendered":"https:\/\/connectifai.chillypills.es\/?page_id=84766"},"modified":"2025-08-06T15:30:34","modified_gmt":"2025-08-06T14:30:34","slug":"estrategias-de-marketing-automation-para-aumentar-a-conversao","status":"publish","type":"page","link":"https:\/\/connectifai.chillypills.es\/pt-br\/ebooks\/10-estrategias-de-marketing-para-aumentar-a-conversao\/","title":{"rendered":"Top 10 estrat\u00e9gias de marketing automation para aumentar a convers\u00e3o"},"content":{"rendered":"\t\t<div data-elementor-type=\"wp-page\" data-elementor-id=\"84766\" class=\"elementor elementor-84766 elementor-81112\" data-elementor-post-type=\"page\">\n\t\t\t\t<div class=\"elementor-element elementor-element-4e7dcd2 e-flex e-con-boxed e-con e-parent\" data-id=\"4e7dcd2\" data-element_type=\"container\" data-settings=\"{&quot;_ob_use_container_extras&quot;:&quot;no&quot;,&quot;_ob_column_hoveranimator&quot;:&quot;no&quot;,&quot;_ob_glider_is_slider&quot;:&quot;no&quot;,&quot;_ob_column_has_pseudo&quot;:&quot;no&quot;}\">\n\t\t\t\t\t<div class=\"e-con-inner\">\n\t\t<div class=\"elementor-element elementor-element-09948f1 e-con-full e-flex e-con e-child\" data-id=\"09948f1\" data-element_type=\"container\" data-settings=\"{&quot;_ob_use_container_extras&quot;:&quot;no&quot;,&quot;_ob_column_hoveranimator&quot;:&quot;no&quot;,&quot;_ob_glider_is_slider&quot;:&quot;no&quot;,&quot;_ob_column_has_pseudo&quot;:&quot;no&quot;}\">\n\t\t\t\t<div class=\"elementor-element elementor-element-d9f8e09 ob-harakiri-inherit ob-has-background-overlay elementor-widget elementor-widget-heading\" data-id=\"d9f8e09\" data-element_type=\"widget\" data-settings=\"{&quot;_ob_use_harakiri&quot;:&quot;yes&quot;,&quot;_ob_harakiri_writing_mode&quot;:&quot;inherit&quot;,&quot;_ob_harakiri_text_clip&quot;:&quot;none&quot;,&quot;_ob_widget_stalker_use&quot;:&quot;no&quot;,&quot;_ob_poopart_use&quot;:&quot;yes&quot;,&quot;_ob_shadough_use&quot;:&quot;no&quot;,&quot;_ob_allow_hoveranimator&quot;:&quot;no&quot;}\" data-widget_type=\"heading.default\">\n\t\t\t\t\t<h2 class=\"elementor-heading-title elementor-size-default\">Top 10 estrat\u00e9gias de marketing automation para aumentar a convers\u00e3o<\/h2>\t\t\t\t<\/div>\n\t\t\t\t<div class=\"elementor-element elementor-element-af0e636 ob-harakiri-inherit ob-has-background-overlay elementor-widget elementor-widget-text-editor\" data-id=\"af0e636\" data-element_type=\"widget\" data-settings=\"{&quot;_ob_use_harakiri&quot;:&quot;yes&quot;,&quot;_ob_harakiri_writing_mode&quot;:&quot;inherit&quot;,&quot;_ob_postman_use&quot;:&quot;no&quot;,&quot;_ob_widget_stalker_use&quot;:&quot;no&quot;,&quot;_ob_poopart_use&quot;:&quot;yes&quot;,&quot;_ob_shadough_use&quot;:&quot;no&quot;,&quot;_ob_allow_hoveranimator&quot;:&quot;no&quot;}\" data-widget_type=\"text-editor.default\">\n\t\t\t\t\t\t\t\t\tBaixe gratuitamente nosso PDF e descubra as 10 melhores estrat\u00e9gias de marketing automation de 2023 utilizadas pelos nossos clientes. Mais de 1.800 empresas confiam em n\u00f3s. E voc\u00ea? Aumente as vendas da sua loja virtual!\t\t\t\t\t\t\t\t<\/div>\n\t\t\t\t<div class=\"elementor-element elementor-element-084028c elementor-align-left c-button c-button-dt__primary ob-has-background-overlay elementor-widget elementor-widget-button\" data-id=\"084028c\" data-element_type=\"widget\" data-settings=\"{&quot;_ob_butterbutton_use_it&quot;:&quot;no&quot;,&quot;_ob_widget_stalker_use&quot;:&quot;no&quot;,&quot;_ob_poopart_use&quot;:&quot;yes&quot;,&quot;_ob_shadough_use&quot;:&quot;no&quot;,&quot;_ob_allow_hoveranimator&quot;:&quot;no&quot;}\" data-widget_type=\"button.default\">\n\t\t\t\t\t\t\t\t\t\t<a class=\"elementor-button elementor-button-link elementor-size-md\" href=\"#download-form\">\n\t\t\t\t\t\t<span class=\"elementor-button-content-wrapper\">\n\t\t\t\t\t\t\t\t\t<span class=\"elementor-button-text\">Baixe agora<\/span>\n\t\t\t\t\t<\/span>\n\t\t\t\t\t<\/a>\n\t\t\t\t\t\t\t\t<\/div>\n\t\t\t\t<\/div>\n\t\t<div class=\"elementor-element elementor-element-7d21efb e-con-full e-flex e-con e-child\" data-id=\"7d21efb\" data-element_type=\"container\" data-settings=\"{&quot;background_background&quot;:&quot;classic&quot;,&quot;_ob_use_container_extras&quot;:&quot;no&quot;,&quot;_ob_column_hoveranimator&quot;:&quot;no&quot;,&quot;_ob_glider_is_slider&quot;:&quot;no&quot;,&quot;_ob_column_has_pseudo&quot;:&quot;no&quot;}\">\n\t\t\t\t<\/div>\n\t\t\t\t\t<\/div>\n\t\t\t\t<\/div>\n\t\t<div class=\"elementor-element elementor-element-d742743 e-grid e-con-boxed e-con e-parent\" data-id=\"d742743\" data-element_type=\"container\" id=\"download-form\" data-settings=\"{&quot;_ob_use_container_extras&quot;:&quot;no&quot;,&quot;_ob_column_hoveranimator&quot;:&quot;no&quot;,&quot;_ob_glider_is_slider&quot;:&quot;no&quot;,&quot;_ob_column_has_pseudo&quot;:&quot;no&quot;}\">\n\t\t\t\t\t<div class=\"e-con-inner\">\n\t\t<div class=\"elementor-element elementor-element-c2d7291 e-con-full e-flex e-con e-child\" data-id=\"c2d7291\" data-element_type=\"container\" data-settings=\"{&quot;_ob_use_container_extras&quot;:&quot;no&quot;,&quot;_ob_column_hoveranimator&quot;:&quot;no&quot;,&quot;_ob_glider_is_slider&quot;:&quot;no&quot;,&quot;_ob_column_has_pseudo&quot;:&quot;no&quot;}\">\n\t\t<div class=\"elementor-element elementor-element-2f0f38b e-con-full e-flex e-con e-child\" data-id=\"2f0f38b\" data-element_type=\"container\" data-settings=\"{&quot;_ob_use_container_extras&quot;:&quot;no&quot;,&quot;_ob_column_hoveranimator&quot;:&quot;no&quot;,&quot;_ob_glider_is_slider&quot;:&quot;no&quot;,&quot;_ob_column_has_pseudo&quot;:&quot;no&quot;}\">\n\t\t\t\t<div class=\"elementor-element elementor-element-f52a641 ob-harakiri-inherit ob-has-background-overlay elementor-widget elementor-widget-heading\" data-id=\"f52a641\" data-element_type=\"widget\" data-settings=\"{&quot;_ob_use_harakiri&quot;:&quot;yes&quot;,&quot;_ob_harakiri_writing_mode&quot;:&quot;inherit&quot;,&quot;_ob_harakiri_text_clip&quot;:&quot;none&quot;,&quot;_ob_widget_stalker_use&quot;:&quot;no&quot;,&quot;_ob_poopart_use&quot;:&quot;yes&quot;,&quot;_ob_shadough_use&quot;:&quot;no&quot;,&quot;_ob_allow_hoveranimator&quot;:&quot;no&quot;}\" data-widget_type=\"heading.default\">\n\t\t\t\t\t<h3 class=\"elementor-heading-title elementor-size-default\">O que voc\u00ea vai encontrar no PDF?<\/h3>\t\t\t\t<\/div>\n\t\t\t\t<div class=\"elementor-element elementor-element-ce74a42 u-list-square u-list-square__blue ob-harakiri-inherit ob-has-background-overlay elementor-widget elementor-widget-text-editor\" data-id=\"ce74a42\" data-element_type=\"widget\" data-settings=\"{&quot;_ob_use_harakiri&quot;:&quot;yes&quot;,&quot;_ob_harakiri_writing_mode&quot;:&quot;inherit&quot;,&quot;_ob_postman_use&quot;:&quot;no&quot;,&quot;_ob_widget_stalker_use&quot;:&quot;no&quot;,&quot;_ob_poopart_use&quot;:&quot;yes&quot;,&quot;_ob_shadough_use&quot;:&quot;no&quot;,&quot;_ob_allow_hoveranimator&quot;:&quot;no&quot;}\" data-widget_type=\"text-editor.default\">\n\t\t\t\t\t\t\t\t\t<ul>\n \t<li style=\"text-align: left;\">10 estrat\u00e9gias reais implementadas pelos nossos clientes para transformar sua loja virtual.<\/li>\n \t<li style=\"text-align: left;\"><span style=\"font-weight: 400;\">Casos de uso pr\u00e1ticos que resolvem os problemas mais comuns das lojas online.\n<\/span><\/li>\n \t<li style=\"font-weight: 400;\" aria-level=\"1\"><span style=\"font-weight: 400;\">Workflows estrat\u00e9gicos usados para maximizar as vendas ao longo de 2023.<\/span><\/li>\n<\/ul>\n<strong>Baixe o PDF GRATUITAMENTE agora!<\/strong>\t\t\t\t\t\t\t\t<\/div>\n\t\t\t\t<\/div>\n\t\t\t\t<\/div>\n\t\t<div class=\"elementor-element elementor-element-8fb9587 e-con-full e-flex e-con e-child\" data-id=\"8fb9587\" data-element_type=\"container\" data-settings=\"{&quot;_ob_use_container_extras&quot;:&quot;no&quot;,&quot;_ob_column_hoveranimator&quot;:&quot;no&quot;,&quot;_ob_glider_is_slider&quot;:&quot;no&quot;,&quot;_ob_column_has_pseudo&quot;:&quot;no&quot;}\">\n\t\t\t\t<div class=\"elementor-element elementor-element-e6ff284 ob-has-background-overlay elementor-widget elementor-widget-html\" data-id=\"e6ff284\" data-element_type=\"widget\" data-settings=\"{&quot;_ob_widget_stalker_use&quot;:&quot;no&quot;,&quot;_ob_poopart_use&quot;:&quot;yes&quot;,&quot;_ob_shadough_use&quot;:&quot;no&quot;,&quot;_ob_allow_hoveranimator&quot;:&quot;no&quot;}\" data-widget_type=\"html.default\">\n\t\t\t\t\t<div class=\"cn-placeholder-pageform\"><\/div>\t\t\t\t<\/div>\n\t\t\t\t<\/div>\n\t\t\t\t\t<\/div>\n\t\t\t\t<\/div>\n\t\t\t\t<\/div>\n\t\t","protected":false},"excerpt":{"rendered":"<p>Top 10 estrat\u00e9gias de marketing automation para aumentar a convers\u00e3o<\/p>\n","protected":false},"author":16,"featured_media":97373,"parent":0,"menu_order":0,"comment_status":"closed","ping_status":"closed","template":"","meta":{"_acf_changed":false,"footnotes":""},"categories":[205],"tags":[],"class_list":["post-84766","page","type-page","status-publish","has-post-thumbnail","hentry","category-ebook-pt-br"],"acf":[],"yoast_head":"<!-- This site is optimized with the Yoast SEO plugin v26.1.1 - https:\/\/yoast.com\/wordpress\/plugins\/seo\/ -->\n<title>Top 10 estrat\u00e9gias de marketing automation para aumentar a convers\u00e3o - Connectif Marketing Automation<\/title>\n<meta name=\"description\" content=\"Baixe gratuitamente nosso PDF e descubra as 10 melhores estrat\u00e9gias de marketing automation de 2023 utilizadas pelos nossos clientes.\" \/>\n<meta name=\"robots\" content=\"index, follow, max-snippet:-1, max-image-preview:large, max-video-preview:-1\" \/>\n<link rel=\"canonical\" href=\"https:\/\/connectifai.chillypills.es\/pt-br\/ebooks\/10-estrategias-de-marketing-para-aumentar-a-conversao\/\" \/>\n<meta property=\"og:locale\" content=\"pt_BR\" \/>\n<meta property=\"og:type\" content=\"article\" \/>\n<meta property=\"og:title\" content=\"Top 10 estrat\u00e9gias de marketing automation para aumentar a convers\u00e3o\" \/>\n<meta property=\"og:description\" content=\"Baixe gratuitamente nosso PDF e descubra as 10 melhores estrat\u00e9gias de marketing automation de 2023 utilizadas pelos nossos clientes.\" \/>\n<meta property=\"og:url\" content=\"https:\/\/connectifai.chillypills.es\/pt-br\/ebooks\/10-estrategias-de-marketing-para-aumentar-a-conversao\/\" \/>\n<meta property=\"og:site_name\" content=\"Connectif Marketing Automation\" \/>\n<meta property=\"article:modified_time\" content=\"2025-08-06T14:30:34+00:00\" \/>\n<meta property=\"og:image\" content=\"https:\/\/connectifai.chillypills.es\/wp-content\/uploads\/2024\/04\/FINAL-IMAGE-2.png\" \/>\n\t<meta property=\"og:image:width\" content=\"2304\" \/>\n\t<meta property=\"og:image:height\" content=\"1539\" \/>\n\t<meta property=\"og:image:type\" content=\"image\/png\" \/>\n<meta name=\"twitter:card\" content=\"summary_large_image\" \/>\n<meta name=\"twitter:label1\" content=\"Est. tempo de leitura\" \/>\n\t<meta name=\"twitter:data1\" content=\"1 minuto\" \/>\n<script type=\"application\/ld+json\" class=\"yoast-schema-graph\">{\"@context\":\"https:\/\/schema.org\",\"@graph\":[{\"@type\":\"WebPage\",\"@id\":\"https:\/\/connectifai.chillypills.es\/pt-br\/ebooks\/10-estrategias-de-marketing-para-aumentar-a-conversao\/\",\"url\":\"https:\/\/connectifai.chillypills.es\/pt-br\/ebooks\/10-estrategias-de-marketing-para-aumentar-a-conversao\/\",\"name\":\"Top 10 estrat\u00e9gias de marketing automation para aumentar a convers\u00e3o - Connectif Marketing Automation\",\"isPartOf\":{\"@id\":\"https:\/\/connectifai.chillypills.es\/pt-br\/#website\"},\"primaryImageOfPage\":{\"@id\":\"https:\/\/connectifai.chillypills.es\/pt-br\/ebooks\/10-estrategias-de-marketing-para-aumentar-a-conversao\/#primaryimage\"},\"image\":{\"@id\":\"https:\/\/connectifai.chillypills.es\/pt-br\/ebooks\/10-estrategias-de-marketing-para-aumentar-a-conversao\/#primaryimage\"},\"thumbnailUrl\":\"https:\/\/connectifai.chillypills.es\/wp-content\/uploads\/2025\/08\/Ebook_Connectif_Top-10-estrategias-de-marketing-automation-para-aumentar-la-conversion-1.png\",\"datePublished\":\"2023-12-18T09:09:04+00:00\",\"dateModified\":\"2025-08-06T14:30:34+00:00\",\"description\":\"Baixe gratuitamente nosso PDF e descubra as 10 melhores estrat\u00e9gias de marketing automation de 2023 utilizadas pelos nossos clientes.\",\"breadcrumb\":{\"@id\":\"https:\/\/connectifai.chillypills.es\/pt-br\/ebooks\/10-estrategias-de-marketing-para-aumentar-a-conversao\/#breadcrumb\"},\"inLanguage\":\"pt-BR\",\"potentialAction\":[{\"@type\":\"ReadAction\",\"target\":[\"https:\/\/connectifai.chillypills.es\/pt-br\/ebooks\/10-estrategias-de-marketing-para-aumentar-a-conversao\/\"]}]},{\"@type\":\"ImageObject\",\"inLanguage\":\"pt-BR\",\"@id\":\"https:\/\/connectifai.chillypills.es\/pt-br\/ebooks\/10-estrategias-de-marketing-para-aumentar-a-conversao\/#primaryimage\",\"url\":\"https:\/\/connectifai.chillypills.es\/wp-content\/uploads\/2025\/08\/Ebook_Connectif_Top-10-estrategias-de-marketing-automation-para-aumentar-la-conversion-1.png\",\"contentUrl\":\"https:\/\/connectifai.chillypills.es\/wp-content\/uploads\/2025\/08\/Ebook_Connectif_Top-10-estrategias-de-marketing-automation-para-aumentar-la-conversion-1.png\",\"width\":850,\"height\":560},{\"@type\":\"BreadcrumbList\",\"@id\":\"https:\/\/connectifai.chillypills.es\/pt-br\/ebooks\/10-estrategias-de-marketing-para-aumentar-a-conversao\/#breadcrumb\",\"itemListElement\":[{\"@type\":\"ListItem\",\"position\":1,\"name\":\"Portada\",\"item\":\"https:\/\/connectifai.chillypills.es\/pt-br\/\"},{\"@type\":\"ListItem\",\"position\":2,\"name\":\"Top 10 estrat\u00e9gias de marketing automation para aumentar a convers\u00e3o\"}]},{\"@type\":\"WebSite\",\"@id\":\"https:\/\/connectifai.chillypills.es\/pt-br\/#website\",\"url\":\"https:\/\/connectifai.chillypills.es\/pt-br\/\",\"name\":\"Connectif Marketing Automation\",\"description\":\"Marketing Automation Software Connectif te permite crear experiencias de compra hiperpersonalizada a tus clientes de forma r\u00e1pida y visual\",\"publisher\":{\"@id\":\"https:\/\/connectifai.chillypills.es\/pt-br\/#organization\"},\"potentialAction\":[{\"@type\":\"SearchAction\",\"target\":{\"@type\":\"EntryPoint\",\"urlTemplate\":\"https:\/\/connectifai.chillypills.es\/pt-br\/?s={search_term_string}\"},\"query-input\":{\"@type\":\"PropertyValueSpecification\",\"valueRequired\":true,\"valueName\":\"search_term_string\"}}],\"inLanguage\":\"pt-BR\"},{\"@type\":\"Organization\",\"@id\":\"https:\/\/connectifai.chillypills.es\/pt-br\/#organization\",\"name\":\"Connectif Marketing Automation\",\"url\":\"https:\/\/connectifai.chillypills.es\/pt-br\/\",\"logo\":{\"@type\":\"ImageObject\",\"inLanguage\":\"pt-BR\",\"@id\":\"https:\/\/connectifai.chillypills.es\/pt-br\/#\/schema\/logo\/image\/\",\"url\":\"https:\/\/connectifai.chillypills.es\/wp-content\/uploads\/2023\/02\/Logo-Connectif-web.svg\",\"contentUrl\":\"https:\/\/connectifai.chillypills.es\/wp-content\/uploads\/2023\/02\/Logo-Connectif-web.svg\",\"width\":506,\"height\":46,\"caption\":\"Connectif Marketing Automation\"},\"image\":{\"@id\":\"https:\/\/connectifai.chillypills.es\/pt-br\/#\/schema\/logo\/image\/\"}}]}<\/script>\n<!-- \/ Yoast SEO plugin. -->","yoast_head_json":{"title":"Top 10 estrat\u00e9gias de marketing automation para aumentar a convers\u00e3o - Connectif Marketing Automation","description":"Baixe gratuitamente nosso PDF e descubra as 10 melhores estrat\u00e9gias de marketing automation de 2023 utilizadas pelos nossos clientes.","robots":{"index":"index","follow":"follow","max-snippet":"max-snippet:-1","max-image-preview":"max-image-preview:large","max-video-preview":"max-video-preview:-1"},"canonical":"https:\/\/connectifai.chillypills.es\/pt-br\/ebooks\/10-estrategias-de-marketing-para-aumentar-a-conversao\/","og_locale":"pt_BR","og_type":"article","og_title":"Top 10 estrat\u00e9gias de marketing automation para aumentar a convers\u00e3o","og_description":"Baixe gratuitamente nosso PDF e descubra as 10 melhores estrat\u00e9gias de marketing automation de 2023 utilizadas pelos nossos clientes.","og_url":"https:\/\/connectifai.chillypills.es\/pt-br\/ebooks\/10-estrategias-de-marketing-para-aumentar-a-conversao\/","og_site_name":"Connectif Marketing Automation","article_modified_time":"2025-08-06T14:30:34+00:00","og_image":[{"width":2304,"height":1539,"url":"https:\/\/connectifai.chillypills.es\/wp-content\/uploads\/2024\/04\/FINAL-IMAGE-2.png","type":"image\/png"}],"twitter_card":"summary_large_image","twitter_misc":{"Est. tempo de leitura":"1 minuto"},"schema":{"@context":"https:\/\/schema.org","@graph":[{"@type":"WebPage","@id":"https:\/\/connectifai.chillypills.es\/pt-br\/ebooks\/10-estrategias-de-marketing-para-aumentar-a-conversao\/","url":"https:\/\/connectifai.chillypills.es\/pt-br\/ebooks\/10-estrategias-de-marketing-para-aumentar-a-conversao\/","name":"Top 10 estrat\u00e9gias de marketing automation para aumentar a convers\u00e3o - Connectif Marketing Automation","isPartOf":{"@id":"https:\/\/connectifai.chillypills.es\/pt-br\/#website"},"primaryImageOfPage":{"@id":"https:\/\/connectifai.chillypills.es\/pt-br\/ebooks\/10-estrategias-de-marketing-para-aumentar-a-conversao\/#primaryimage"},"image":{"@id":"https:\/\/connectifai.chillypills.es\/pt-br\/ebooks\/10-estrategias-de-marketing-para-aumentar-a-conversao\/#primaryimage"},"thumbnailUrl":"https:\/\/connectifai.chillypills.es\/wp-content\/uploads\/2025\/08\/Ebook_Connectif_Top-10-estrategias-de-marketing-automation-para-aumentar-la-conversion-1.png","datePublished":"2023-12-18T09:09:04+00:00","dateModified":"2025-08-06T14:30:34+00:00","description":"Baixe gratuitamente nosso PDF e descubra as 10 melhores estrat\u00e9gias de marketing automation de 2023 utilizadas pelos nossos clientes.","breadcrumb":{"@id":"https:\/\/connectifai.chillypills.es\/pt-br\/ebooks\/10-estrategias-de-marketing-para-aumentar-a-conversao\/#breadcrumb"},"inLanguage":"pt-BR","potentialAction":[{"@type":"ReadAction","target":["https:\/\/connectifai.chillypills.es\/pt-br\/ebooks\/10-estrategias-de-marketing-para-aumentar-a-conversao\/"]}]},{"@type":"ImageObject","inLanguage":"pt-BR","@id":"https:\/\/connectifai.chillypills.es\/pt-br\/ebooks\/10-estrategias-de-marketing-para-aumentar-a-conversao\/#primaryimage","url":"https:\/\/connectifai.chillypills.es\/wp-content\/uploads\/2025\/08\/Ebook_Connectif_Top-10-estrategias-de-marketing-automation-para-aumentar-la-conversion-1.png","contentUrl":"https:\/\/connectifai.chillypills.es\/wp-content\/uploads\/2025\/08\/Ebook_Connectif_Top-10-estrategias-de-marketing-automation-para-aumentar-la-conversion-1.png","width":850,"height":560},{"@type":"BreadcrumbList","@id":"https:\/\/connectifai.chillypills.es\/pt-br\/ebooks\/10-estrategias-de-marketing-para-aumentar-a-conversao\/#breadcrumb","itemListElement":[{"@type":"ListItem","position":1,"name":"Portada","item":"https:\/\/connectifai.chillypills.es\/pt-br\/"},{"@type":"ListItem","position":2,"name":"Top 10 estrat\u00e9gias de marketing automation para aumentar a convers\u00e3o"}]},{"@type":"WebSite","@id":"https:\/\/connectifai.chillypills.es\/pt-br\/#website","url":"https:\/\/connectifai.chillypills.es\/pt-br\/","name":"Connectif Marketing Automation","description":"Marketing Automation Software Connectif te permite crear experiencias de compra hiperpersonalizada a tus clientes de forma r\u00e1pida y visual","publisher":{"@id":"https:\/\/connectifai.chillypills.es\/pt-br\/#organization"},"potentialAction":[{"@type":"SearchAction","target":{"@type":"EntryPoint","urlTemplate":"https:\/\/connectifai.chillypills.es\/pt-br\/?s={search_term_string}"},"query-input":{"@type":"PropertyValueSpecification","valueRequired":true,"valueName":"search_term_string"}}],"inLanguage":"pt-BR"},{"@type":"Organization","@id":"https:\/\/connectifai.chillypills.es\/pt-br\/#organization","name":"Connectif Marketing Automation","url":"https:\/\/connectifai.chillypills.es\/pt-br\/","logo":{"@type":"ImageObject","inLanguage":"pt-BR","@id":"https:\/\/connectifai.chillypills.es\/pt-br\/#\/schema\/logo\/image\/","url":"https:\/\/connectifai.chillypills.es\/wp-content\/uploads\/2023\/02\/Logo-Connectif-web.svg","contentUrl":"https:\/\/connectifai.chillypills.es\/wp-content\/uploads\/2023\/02\/Logo-Connectif-web.svg","width":506,"height":46,"caption":"Connectif Marketing Automation"},"image":{"@id":"https:\/\/connectifai.chillypills.es\/pt-br\/#\/schema\/logo\/image\/"}}]}},"_links":{"self":[{"href":"https:\/\/connectifai.chillypills.es\/pt-br\/wp-json\/wp\/v2\/pages\/84766","targetHints":{"allow":["GET"]}}],"collection":[{"href":"https:\/\/connectifai.chillypills.es\/pt-br\/wp-json\/wp\/v2\/pages"}],"about":[{"href":"https:\/\/connectifai.chillypills.es\/pt-br\/wp-json\/wp\/v2\/types\/page"}],"author":[{"embeddable":true,"href":"https:\/\/connectifai.chillypills.es\/pt-br\/wp-json\/wp\/v2\/users\/16"}],"replies":[{"embeddable":true,"href":"https:\/\/connectifai.chillypills.es\/pt-br\/wp-json\/wp\/v2\/comments?post=84766"}],"version-history":[{"count":0,"href":"https:\/\/connectifai.chillypills.es\/pt-br\/wp-json\/wp\/v2\/pages\/84766\/revisions"}],"wp:featuredmedia":[{"embeddable":true,"href":"https:\/\/connectifai.chillypills.es\/pt-br\/wp-json\/wp\/v2\/media\/97373"}],"wp:attachment":[{"href":"https:\/\/connectifai.chillypills.es\/pt-br\/wp-json\/wp\/v2\/media?parent=84766"}],"wp:term":[{"taxonomy":"category","embeddable":true,"href":"https:\/\/connectifai.chillypills.es\/pt-br\/wp-json\/wp\/v2\/categories?post=84766"},{"taxonomy":"post_tag","embeddable":true,"href":"https:\/\/connectifai.chillypills.es\/pt-br\/wp-json\/wp\/v2\/tags?post=84766"}],"curies":[{"name":"wp","href":"https:\/\/api.w.org\/{rel}","templated":true}]}}