{"id":81022,"date":"2023-04-24T10:22:22","date_gmt":"2023-04-24T09:22:22","guid":{"rendered":"https:\/\/connectifai.chillypills.es\/politica-de-cookies\/"},"modified":"2023-12-11T13:00:37","modified_gmt":"2023-12-11T12:00:37","slug":"politica-de-cookies","status":"publish","type":"page","link":"https:\/\/connectifai.chillypills.es\/pt-br\/politica-de-cookies\/","title":{"rendered":"Pol\u00edtica de Cookies"},"content":{"rendered":"\t\t<div data-elementor-type=\"wp-page\" data-elementor-id=\"81022\" class=\"elementor elementor-81022 elementor-27482\" data-elementor-post-type=\"page\">\n\t\t\t\t<div class=\"elementor-element elementor-element-1487969 e-flex e-con-boxed e-con e-parent\" data-id=\"1487969\" data-element_type=\"container\" data-settings=\"{&quot;_ob_use_container_extras&quot;:&quot;no&quot;,&quot;_ob_column_hoveranimator&quot;:&quot;no&quot;,&quot;_ob_glider_is_slider&quot;:&quot;no&quot;,&quot;_ob_column_has_pseudo&quot;:&quot;no&quot;}\">\n\t\t\t\t\t<div class=\"e-con-inner\">\n\t\t\t\t<div class=\"elementor-element elementor-element-4ac791a ob-harakiri-inherit ob-has-background-overlay elementor-widget elementor-widget-text-editor\" data-id=\"4ac791a\" data-element_type=\"widget\" data-settings=\"{&quot;_ob_use_harakiri&quot;:&quot;yes&quot;,&quot;_ob_harakiri_writing_mode&quot;:&quot;inherit&quot;,&quot;_ob_postman_use&quot;:&quot;no&quot;,&quot;_ob_widget_stalker_use&quot;:&quot;no&quot;,&quot;_ob_poopart_use&quot;:&quot;yes&quot;,&quot;_ob_shadough_use&quot;:&quot;no&quot;,&quot;_ob_allow_hoveranimator&quot;:&quot;no&quot;}\" data-widget_type=\"text-editor.default\">\n\t\t\t\t\t\t\t\t\t<h1>POL\u00cdTICA DE COOKIES<\/h1><p><b>Defini\u00e7\u00e3o de Cookies<\/b><\/p><p><span style=\"font-weight: 400;\">Cookies s\u00e3o identificadores que enviamos para o disco r\u00edgido do seu computador por meio do seu navegador da web, a fim de que nossos sistemas possam reconhecer seu navegador e oferecer determinados servi\u00e7os.<\/span><\/p><p><span style=\"font-weight: 400;\">Esta p\u00e1gina utiliza diferentes tipos de cookies. Algumas cookies s\u00e3o colocadas por servi\u00e7os de terceiros que aparecem em nossas p\u00e1ginas.<\/span><\/p><p><span style=\"font-weight: 400;\">A seguir, indicamos as cookies utilizadas pela p\u00e1gina.<\/span><\/p><p><b>Cookies Necess\u00e1rias<\/b><\/p><p><span style=\"font-weight: 400;\">Cookies necess\u00e1rias ajudam a tornar um site utiliz\u00e1vel ativando fun\u00e7\u00f5es b\u00e1sicas, como a navega\u00e7\u00e3o na p\u00e1gina e o acesso a \u00e1reas seguras do site. O site n\u00e3o pode funcionar adequadamente sem essas cookies.<\/span><\/p><table style=\"background-color: #ffffff; width: 984.306px; height: 107px;\" border=\"1\" width=\"796\" cellpadding=\"1\"><tbody><tr><td style=\"border-color: rgba(128, 128, 128, 0.5); background-color: rgba(128, 128, 128, 0.07); width: 327px; text-align: center;\">Nombre<\/td><td style=\"border-color: rgba(128, 128, 128, 0.5); background-color: rgba(128, 128, 128, 0.07); width: 149px; text-align: center;\">Proveedor<\/td><td style=\"border-color: rgba(128, 128, 128, 0.5); background-color: rgba(128, 128, 128, 0.07); width: 139px; text-align: center;\">Pr\u00f3posito<\/td><td style=\"border-color: rgba(128, 128, 128, 0.5); background-color: rgba(128, 128, 128, 0.07); width: 153px; text-align: center;\">Caducidad<\/td><\/tr><tr><td style=\"border-color: rgba(128, 128, 128, 0.5); background-color: rgba(128, 128, 128, 0.1); width: 245.847px; text-align: center;\">cookie_notice_accepted<\/td><td style=\"border-color: rgba(128, 128, 128, 0.5); background-color: rgba(128, 128, 128, 0.1); width: 245.847px;\">\u00a0<\/td><td style=\"border-color: rgba(128, 128, 128, 0.5); background-color: rgba(128, 128, 128, 0.1); width: 245.847px; text-align: center;\">Verificar se o usu\u00e1rio aceitou os cookies do site.<\/td><td style=\"border-color: rgba(128, 128, 128, 0.5); background-color: rgba(128, 128, 128, 0.1); width: 245.875px; text-align: center;\">\u00a03 meses<\/td><\/tr><\/tbody><\/table><p><b>Cookies de Estat\u00edsticas:<\/b><\/p><p><span style=\"font-weight: 400;\">Cookies estat\u00edsticas auxiliam os propriet\u00e1rios de p\u00e1ginas web a compreender como os visitantes interagem com as p\u00e1ginas web, coletando e fornecendo informa\u00e7\u00f5es de forma an\u00f4nima.<\/span><\/p><p><span style=\"font-weight: 400;\">Para desativar os cookies do Google Analytics, voc\u00ea pode instalar o Complemento de Desativa\u00e7\u00e3o para Navegadores do Google Analytics, que permitir\u00e1 que voc\u00ea n\u00e3o envie informa\u00e7\u00f5es estat\u00edsticas. Voc\u00ea pode encontr\u00e1-lo no seguinte link: <\/span><a href=\"https:\/\/tools.google.com\/dlpage\/gaoptout?hl=es\"><span style=\"font-weight: 400;\">https:\/\/tools.google.com\/dlpage\/gaoptout?hl=es<\/span><\/a><span style=\"font-weight: 400;\">\u00a0<\/span><\/p><p><span style=\"font-weight: 400;\">\u00a0<\/span><\/p><table style=\"height: 70px;\" border=\"1\" width=\"846\" cellpadding=\"1\"><tbody><tr><td style=\"width: 25%; text-align: center;\">Nombre<\/td><td style=\"width: 25%; text-align: center;\">Proveedor<\/td><td style=\"width: 25%; text-align: center;\">Pr\u00f3posito<\/td><td style=\"width: 25%; text-align: center;\">Caducidad<\/td><\/tr><tr><td style=\"width: 25%; text-align: center;\">_ga<\/td><td style=\"width: 158px;\">Google Analytics<\/td><td style=\"width: 148px; text-align: center;\">Registra uma identifica\u00e7\u00e3o \u00fanica que \u00e9 usada para gerar dados estat\u00edsticos sobre como o visitante utiliza o site web<\/td><td style=\"width: 163px; text-align: center;\">2 anos<\/td><\/tr><tr><td style=\"width: 349px; text-align: center;\">_gid<\/td><td style=\"width: 158px;\">Google Analytics<\/td><td style=\"width: 148px; text-align: center;\">Registra uma identifica\u00e7\u00e3o \u00fanica que \u00e9 usada para gerar dados estat\u00edsticos sobre como o visitante utiliza o site web.<\/td><td style=\"width: 163px; text-align: center;\">1 dia<\/td><\/tr><tr><td style=\"width: 349px; text-align: center;\">_gat<\/td><td style=\"width: 158px;\">Google Analytics<\/td><td style=\"width: 148px; text-align: center;\">Registra uma identifica\u00e7\u00e3o \u00fanica que \u00e9 usada para gerar dados estat\u00edsticos sobre como o visitante utiliza o site web.<\/td><td style=\"width: 163px; text-align: center;\">cookie de sess\u00e3o<\/td><\/tr><\/tbody><\/table><p><b>COMO HABILITAR\/DESHABILITAR COOKIES NOS PRINCIPAIS NAVEGADORES:<\/b><\/p><p><span style=\"font-weight: 400;\">Normalmente, \u00e9 poss\u00edvel deixar de aceitar cookies no navegador ou deixar de aceitar cookies de um servi\u00e7o espec\u00edfico.<\/span><\/p><p><span style=\"font-weight: 400;\">Todos os navegadores modernos permitem alterar as configura\u00e7\u00f5es de cookies. Essas configura\u00e7\u00f5es geralmente est\u00e3o nas &#8216;op\u00e7\u00f5es&#8217; ou &#8216;prefer\u00eancias&#8217; do menu do seu navegador. Al\u00e9m disso, voc\u00ea pode configurar seu navegador ou seu gerenciador de e-mails.<\/span><\/p><p><span style=\"font-weight: 400;\">A seguir, s\u00e3o fornecidas orienta\u00e7\u00f5es ao usu\u00e1rio sobre os passos para acessar o menu de configura\u00e7\u00e3o de cookies e, se necess\u00e1rio, de navega\u00e7\u00e3o privada em cada um dos principais navegadores:<\/span><\/p><p><span style=\"font-weight: 400;\">Internet Explorer: Ferramentas -&gt; Op\u00e7\u00f5es da Internet -&gt; Privacidade -&gt; Configura\u00e7\u00f5es. Para mais informa\u00e7\u00f5es, consulte o suporte da Microsoft ou a Ajuda do navegador.<\/span><\/p><p><span style=\"font-weight: 400;\">Firefox: Ferramentas -&gt; Op\u00e7\u00f5es -&gt; Privacidade -&gt; Hist\u00f3rico -&gt; Configura\u00e7\u00e3o Personalizada. Para mais informa\u00e7\u00f5es, consulte o suporte da Mozilla ou a Ajuda do navegador.<\/span><\/p><p><span style=\"font-weight: 400;\">Chrome: Configura\u00e7\u00e3o -&gt; Mostrar op\u00e7\u00f5es avan\u00e7adas -&gt; Privacidade -&gt; Configura\u00e7\u00f5es de Conte\u00fado. Para mais informa\u00e7\u00f5es, consulte o suporte do Google ou a Ajuda do navegador.<\/span><\/p><p><span style=\"font-weight: 400;\">Safari: Prefer\u00eancias -&gt; Seguran\u00e7a. Para mais informa\u00e7\u00f5es, consulte o suporte da Apple ou a Ajuda do navegador.<\/span><\/p><p><b>O que acontece se as cookies forem desativadas?<\/b><\/p><p><span style=\"font-weight: 400;\">Algumas funcionalidades dos servi\u00e7os ficar\u00e3o desabilitadas, como, por exemplo, permanecer identificado, manter os itens no &#8220;carrinho de compras&#8221;, etc.<\/span><\/p>\t\t\t\t\t\t\t\t<\/div>\n\t\t\t\t\t<\/div>\n\t\t\t\t<\/div>\n\t\t\t\t<\/div>\n\t\t","protected":false},"excerpt":{"rendered":"<p>POL\u00cdTICA DE COOKIES Defini\u00e7\u00e3o de Cookies Cookies s\u00e3o identificadores que enviamos para o disco r\u00edgido do seu computador por meio do seu navegador da web, a fim de que nossos sistemas possam reconhecer seu navegador e oferecer determinados servi\u00e7os. Esta p\u00e1gina utiliza diferentes tipos de cookies. Algumas cookies s\u00e3o colocadas por servi\u00e7os de terceiros que [&hellip;]<\/p>\n","protected":false},"author":11,"featured_media":0,"parent":0,"menu_order":0,"comment_status":"closed","ping_status":"closed","template":"","meta":{"_acf_changed":false,"footnotes":""},"categories":[],"tags":[],"class_list":["post-81022","page","type-page","status-publish","hentry"],"acf":[],"yoast_head":"<!-- This site is optimized with the Yoast SEO plugin v26.1.1 - https:\/\/yoast.com\/wordpress\/plugins\/seo\/ -->\n<title>Pol\u00edtica de Cookies - Connectif Marketing Automation<\/title>\n<meta name=\"robots\" content=\"index, follow, max-snippet:-1, max-image-preview:large, max-video-preview:-1\" \/>\n<link rel=\"canonical\" href=\"https:\/\/connectifai.chillypills.es\/pt-br\/politica-de-cookies\/\" \/>\n<meta property=\"og:locale\" content=\"pt_BR\" \/>\n<meta property=\"og:type\" content=\"article\" \/>\n<meta property=\"og:title\" content=\"Pol\u00edtica de Cookies - Connectif Marketing Automation\" \/>\n<meta property=\"og:description\" content=\"POL\u00cdTICA DE COOKIES Defini\u00e7\u00e3o de Cookies Cookies s\u00e3o identificadores que enviamos para o disco r\u00edgido do seu computador por meio do seu navegador da web, a fim de que nossos sistemas possam reconhecer seu navegador e oferecer determinados servi\u00e7os. Esta p\u00e1gina utiliza diferentes tipos de cookies. Algumas cookies s\u00e3o colocadas por servi\u00e7os de terceiros que [&hellip;]\" \/>\n<meta property=\"og:url\" content=\"https:\/\/connectifai.chillypills.es\/pt-br\/politica-de-cookies\/\" \/>\n<meta property=\"og:site_name\" content=\"Connectif Marketing Automation\" \/>\n<meta property=\"article:modified_time\" content=\"2023-12-11T12:00:37+00:00\" \/>\n<meta name=\"twitter:card\" content=\"summary_large_image\" \/>\n<meta name=\"twitter:label1\" content=\"Est. tempo de leitura\" \/>\n\t<meta name=\"twitter:data1\" content=\"3 minutos\" \/>\n<script type=\"application\/ld+json\" class=\"yoast-schema-graph\">{\"@context\":\"https:\/\/schema.org\",\"@graph\":[{\"@type\":\"WebPage\",\"@id\":\"https:\/\/connectifai.chillypills.es\/pt-br\/politica-de-cookies\/\",\"url\":\"https:\/\/connectifai.chillypills.es\/pt-br\/politica-de-cookies\/\",\"name\":\"Pol\u00edtica de Cookies - Connectif Marketing Automation\",\"isPartOf\":{\"@id\":\"https:\/\/connectifai.chillypills.es\/pt-br\/#website\"},\"datePublished\":\"2023-04-24T09:22:22+00:00\",\"dateModified\":\"2023-12-11T12:00:37+00:00\",\"breadcrumb\":{\"@id\":\"https:\/\/connectifai.chillypills.es\/pt-br\/politica-de-cookies\/#breadcrumb\"},\"inLanguage\":\"pt-BR\",\"potentialAction\":[{\"@type\":\"ReadAction\",\"target\":[\"https:\/\/connectifai.chillypills.es\/pt-br\/politica-de-cookies\/\"]}]},{\"@type\":\"BreadcrumbList\",\"@id\":\"https:\/\/connectifai.chillypills.es\/pt-br\/politica-de-cookies\/#breadcrumb\",\"itemListElement\":[{\"@type\":\"ListItem\",\"position\":1,\"name\":\"Portada\",\"item\":\"https:\/\/connectifai.chillypills.es\/pt-br\/\"},{\"@type\":\"ListItem\",\"position\":2,\"name\":\"Pol\u00edtica de Cookies\"}]},{\"@type\":\"WebSite\",\"@id\":\"https:\/\/connectifai.chillypills.es\/pt-br\/#website\",\"url\":\"https:\/\/connectifai.chillypills.es\/pt-br\/\",\"name\":\"Connectif Marketing Automation\",\"description\":\"Marketing Automation Software Connectif te permite crear experiencias de compra hiperpersonalizada a tus clientes de forma r\u00e1pida y visual\",\"publisher\":{\"@id\":\"https:\/\/connectifai.chillypills.es\/pt-br\/#organization\"},\"potentialAction\":[{\"@type\":\"SearchAction\",\"target\":{\"@type\":\"EntryPoint\",\"urlTemplate\":\"https:\/\/connectifai.chillypills.es\/pt-br\/?s={search_term_string}\"},\"query-input\":{\"@type\":\"PropertyValueSpecification\",\"valueRequired\":true,\"valueName\":\"search_term_string\"}}],\"inLanguage\":\"pt-BR\"},{\"@type\":\"Organization\",\"@id\":\"https:\/\/connectifai.chillypills.es\/pt-br\/#organization\",\"name\":\"Connectif Marketing Automation\",\"url\":\"https:\/\/connectifai.chillypills.es\/pt-br\/\",\"logo\":{\"@type\":\"ImageObject\",\"inLanguage\":\"pt-BR\",\"@id\":\"https:\/\/connectifai.chillypills.es\/pt-br\/#\/schema\/logo\/image\/\",\"url\":\"https:\/\/connectifai.chillypills.es\/wp-content\/uploads\/2023\/02\/Logo-Connectif-web.svg\",\"contentUrl\":\"https:\/\/connectifai.chillypills.es\/wp-content\/uploads\/2023\/02\/Logo-Connectif-web.svg\",\"width\":506,\"height\":46,\"caption\":\"Connectif Marketing Automation\"},\"image\":{\"@id\":\"https:\/\/connectifai.chillypills.es\/pt-br\/#\/schema\/logo\/image\/\"}}]}<\/script>\n<!-- \/ Yoast SEO plugin. -->","yoast_head_json":{"title":"Pol\u00edtica de Cookies - Connectif Marketing Automation","robots":{"index":"index","follow":"follow","max-snippet":"max-snippet:-1","max-image-preview":"max-image-preview:large","max-video-preview":"max-video-preview:-1"},"canonical":"https:\/\/connectifai.chillypills.es\/pt-br\/politica-de-cookies\/","og_locale":"pt_BR","og_type":"article","og_title":"Pol\u00edtica de Cookies - Connectif Marketing Automation","og_description":"POL\u00cdTICA DE COOKIES Defini\u00e7\u00e3o de Cookies Cookies s\u00e3o identificadores que enviamos para o disco r\u00edgido do seu computador por meio do seu navegador da web, a fim de que nossos sistemas possam reconhecer seu navegador e oferecer determinados servi\u00e7os. Esta p\u00e1gina utiliza diferentes tipos de cookies. Algumas cookies s\u00e3o colocadas por servi\u00e7os de terceiros que [&hellip;]","og_url":"https:\/\/connectifai.chillypills.es\/pt-br\/politica-de-cookies\/","og_site_name":"Connectif Marketing Automation","article_modified_time":"2023-12-11T12:00:37+00:00","twitter_card":"summary_large_image","twitter_misc":{"Est. tempo de leitura":"3 minutos"},"schema":{"@context":"https:\/\/schema.org","@graph":[{"@type":"WebPage","@id":"https:\/\/connectifai.chillypills.es\/pt-br\/politica-de-cookies\/","url":"https:\/\/connectifai.chillypills.es\/pt-br\/politica-de-cookies\/","name":"Pol\u00edtica de Cookies - Connectif Marketing Automation","isPartOf":{"@id":"https:\/\/connectifai.chillypills.es\/pt-br\/#website"},"datePublished":"2023-04-24T09:22:22+00:00","dateModified":"2023-12-11T12:00:37+00:00","breadcrumb":{"@id":"https:\/\/connectifai.chillypills.es\/pt-br\/politica-de-cookies\/#breadcrumb"},"inLanguage":"pt-BR","potentialAction":[{"@type":"ReadAction","target":["https:\/\/connectifai.chillypills.es\/pt-br\/politica-de-cookies\/"]}]},{"@type":"BreadcrumbList","@id":"https:\/\/connectifai.chillypills.es\/pt-br\/politica-de-cookies\/#breadcrumb","itemListElement":[{"@type":"ListItem","position":1,"name":"Portada","item":"https:\/\/connectifai.chillypills.es\/pt-br\/"},{"@type":"ListItem","position":2,"name":"Pol\u00edtica de Cookies"}]},{"@type":"WebSite","@id":"https:\/\/connectifai.chillypills.es\/pt-br\/#website","url":"https:\/\/connectifai.chillypills.es\/pt-br\/","name":"Connectif Marketing Automation","description":"Marketing Automation Software Connectif te permite crear experiencias de compra hiperpersonalizada a tus clientes de forma r\u00e1pida y visual","publisher":{"@id":"https:\/\/connectifai.chillypills.es\/pt-br\/#organization"},"potentialAction":[{"@type":"SearchAction","target":{"@type":"EntryPoint","urlTemplate":"https:\/\/connectifai.chillypills.es\/pt-br\/?s={search_term_string}"},"query-input":{"@type":"PropertyValueSpecification","valueRequired":true,"valueName":"search_term_string"}}],"inLanguage":"pt-BR"},{"@type":"Organization","@id":"https:\/\/connectifai.chillypills.es\/pt-br\/#organization","name":"Connectif Marketing Automation","url":"https:\/\/connectifai.chillypills.es\/pt-br\/","logo":{"@type":"ImageObject","inLanguage":"pt-BR","@id":"https:\/\/connectifai.chillypills.es\/pt-br\/#\/schema\/logo\/image\/","url":"https:\/\/connectifai.chillypills.es\/wp-content\/uploads\/2023\/02\/Logo-Connectif-web.svg","contentUrl":"https:\/\/connectifai.chillypills.es\/wp-content\/uploads\/2023\/02\/Logo-Connectif-web.svg","width":506,"height":46,"caption":"Connectif Marketing Automation"},"image":{"@id":"https:\/\/connectifai.chillypills.es\/pt-br\/#\/schema\/logo\/image\/"}}]}},"_links":{"self":[{"href":"https:\/\/connectifai.chillypills.es\/pt-br\/wp-json\/wp\/v2\/pages\/81022","targetHints":{"allow":["GET"]}}],"collection":[{"href":"https:\/\/connectifai.chillypills.es\/pt-br\/wp-json\/wp\/v2\/pages"}],"about":[{"href":"https:\/\/connectifai.chillypills.es\/pt-br\/wp-json\/wp\/v2\/types\/page"}],"author":[{"embeddable":true,"href":"https:\/\/connectifai.chillypills.es\/pt-br\/wp-json\/wp\/v2\/users\/11"}],"replies":[{"embeddable":true,"href":"https:\/\/connectifai.chillypills.es\/pt-br\/wp-json\/wp\/v2\/comments?post=81022"}],"version-history":[{"count":0,"href":"https:\/\/connectifai.chillypills.es\/pt-br\/wp-json\/wp\/v2\/pages\/81022\/revisions"}],"wp:attachment":[{"href":"https:\/\/connectifai.chillypills.es\/pt-br\/wp-json\/wp\/v2\/media?parent=81022"}],"wp:term":[{"taxonomy":"category","embeddable":true,"href":"https:\/\/connectifai.chillypills.es\/pt-br\/wp-json\/wp\/v2\/categories?post=81022"},{"taxonomy":"post_tag","embeddable":true,"href":"https:\/\/connectifai.chillypills.es\/pt-br\/wp-json\/wp\/v2\/tags?post=81022"}],"curies":[{"name":"wp","href":"https:\/\/api.w.org\/{rel}","templated":true}]}}