{"id":81000,"date":"2023-04-24T12:08:56","date_gmt":"2023-04-24T11:08:56","guid":{"rendered":"https:\/\/connectifai.chillypills.es\/politica-de-privacidad\/"},"modified":"2024-02-01T09:22:31","modified_gmt":"2024-02-01T08:22:31","slug":"politica-de-privacidad","status":"publish","type":"page","link":"https:\/\/connectifai.chillypills.es\/pt-br\/politica-de-privacidade\/","title":{"rendered":"Pol\u00edtica de Privacidade"},"content":{"rendered":"\t\t<div data-elementor-type=\"wp-page\" data-elementor-id=\"81000\" class=\"elementor elementor-81000 elementor-27500\" data-elementor-post-type=\"page\">\n\t\t\t\t<div class=\"elementor-element elementor-element-f5e0f26 e-flex e-con-boxed e-con e-parent\" data-id=\"f5e0f26\" data-element_type=\"container\" data-settings=\"{&quot;_ob_use_container_extras&quot;:&quot;no&quot;,&quot;_ob_column_hoveranimator&quot;:&quot;no&quot;,&quot;_ob_glider_is_slider&quot;:&quot;no&quot;,&quot;_ob_column_has_pseudo&quot;:&quot;no&quot;}\">\n\t\t\t\t\t<div class=\"e-con-inner\">\n\t\t\t\t<div class=\"elementor-element elementor-element-ddef5ee ob-harakiri-inherit ob-has-background-overlay elementor-widget elementor-widget-text-editor\" data-id=\"ddef5ee\" data-element_type=\"widget\" data-settings=\"{&quot;_ob_use_harakiri&quot;:&quot;yes&quot;,&quot;_ob_harakiri_writing_mode&quot;:&quot;inherit&quot;,&quot;_ob_postman_use&quot;:&quot;no&quot;,&quot;_ob_widget_stalker_use&quot;:&quot;no&quot;,&quot;_ob_poopart_use&quot;:&quot;yes&quot;,&quot;_ob_shadough_use&quot;:&quot;no&quot;,&quot;_ob_allow_hoveranimator&quot;:&quot;no&quot;}\" data-widget_type=\"text-editor.default\">\n\t\t\t\t\t\t\t\t\t<h1>Pol\u00edtica de Privacidade<\/h1>\t\t\t\t\t\t\t\t<\/div>\n\t\t\t\t\t<\/div>\n\t\t\t\t<\/div>\n\t\t<div class=\"elementor-element elementor-element-40fc4c5 e-flex e-con-boxed e-con e-parent\" data-id=\"40fc4c5\" data-element_type=\"container\" data-settings=\"{&quot;_ob_use_container_extras&quot;:&quot;no&quot;,&quot;_ob_column_hoveranimator&quot;:&quot;no&quot;,&quot;_ob_glider_is_slider&quot;:&quot;no&quot;,&quot;_ob_column_has_pseudo&quot;:&quot;no&quot;}\">\n\t\t\t\t\t<div class=\"e-con-inner\">\n\t\t\t\t<div class=\"elementor-element elementor-element-c1e7b20 ob-harakiri-inherit ob-has-background-overlay elementor-widget elementor-widget-text-editor\" data-id=\"c1e7b20\" data-element_type=\"widget\" data-settings=\"{&quot;_ob_use_harakiri&quot;:&quot;yes&quot;,&quot;_ob_harakiri_writing_mode&quot;:&quot;inherit&quot;,&quot;_ob_postman_use&quot;:&quot;no&quot;,&quot;_ob_widget_stalker_use&quot;:&quot;no&quot;,&quot;_ob_poopart_use&quot;:&quot;yes&quot;,&quot;_ob_shadough_use&quot;:&quot;no&quot;,&quot;_ob_allow_hoveranimator&quot;:&quot;no&quot;}\" data-widget_type=\"text-editor.default\">\n\t\t\t\t\t\t\t\t\t<p><b>Quem \u00e9 o respons\u00e1vel pelo tratamento dos seus dados?<\/b><\/p><ul><li style=\"font-weight: 400;\" aria-level=\"1\"><span style=\"font-weight: 400;\">O RESPONS\u00c1VEL PELO TRATAMENTO dos seus dados \u00e9: CONNECTIF ARTIFICIAL INTELLIGENCE, S.L.<\/span><\/li><li style=\"font-weight: 400;\" aria-level=\"1\"><span style=\"font-weight: 400;\">CIF: B05509641<\/span><\/li><li style=\"font-weight: 400;\" aria-level=\"1\"><span style=\"font-weight: 400;\">Endere\u00e7o Postal: Avenida Ciclista Mariano Rojas, 76; 4\u00aa Planta, 30009, Murcia<\/span><\/li><li style=\"font-weight: 400;\" aria-level=\"1\"><span style=\"font-weight: 400;\">E-mail: <\/span><a href=\"mailto:info@connectif.es\"><span style=\"font-weight: 400;\">info@connectif.es<\/span><\/a><br \/><br \/><\/li><\/ul><p><b>Que tipo de dados tratamos?<\/b><\/p><p><span style=\"font-weight: 400;\">Dependendo dos produtos, servi\u00e7os ou funcionalidades dos quais deseja desfrutar a qualquer momento, precisaremos processar diferentes dados. Em geral, esses dados podem incluir, conforme o caso, os seguintes:<\/span><\/p><ul><li style=\"font-weight: 400;\" aria-level=\"1\"><span style=\"font-weight: 400;\">Seus dados identificativos (por exemplo: seu nome, sobrenome, idioma, pa\u00eds de onde interage conosco, dados de contato, etc.)<\/span><\/li><\/ul><p><span style=\"font-weight: 400;\">Lembre-se de que, quando solicitarmos que preencha seus dados pessoais para fornecer acesso a alguma funcionalidade ou servi\u00e7o do site, marcaremos alguns campos como obrigat\u00f3rios, pois s\u00e3o dados necess\u00e1rios para poder fornecer o servi\u00e7o ou dar acesso \u00e0 funcionalidade em quest\u00e3o.<\/span><\/p><p><span style=\"font-weight: 400;\">Por favor, esteja ciente de que, se decidir n\u00e3o nos fornecer esses dados, \u00e9 poss\u00edvel que n\u00e3o consiga concluir seu registro como usu\u00e1rio ou que n\u00e3o consiga desfrutar desses servi\u00e7os ou funcionalidades.<br \/><br \/><\/span><\/p><p><b>Com que finalidade tratamos seus dados pessoais?<\/b><\/p><p><span style=\"font-weight: 400;\">Dependendo de como interage com nosso site, trataremos seus dados pessoais para as seguintes finalidades:<\/span><\/p><ul><li style=\"font-weight: 400;\" aria-level=\"1\"><span style=\"font-weight: 400;\">Para atender \u00e0s solicita\u00e7\u00f5es ou pedidos que voc\u00ea fa\u00e7a por meio dos diferentes meios incorporados ao nosso site.<\/span><\/li><li style=\"font-weight: 400;\" aria-level=\"1\"><span style=\"font-weight: 400;\">Tratamos apenas os dados pessoais estritamente necess\u00e1rios para gerenciar ou resolver sua solicita\u00e7\u00e3o ou pedido.<br \/><br \/><\/span><\/li><\/ul><p><b>Qual \u00e9 a legitima\u00e7\u00e3o para o tratamento de seus dados?<\/b><\/p><p><span style=\"font-weight: 400;\">A base legal que nos permite processar seus dados pessoais tamb\u00e9m depende da finalidade para a qual os processamos. Dessa forma, encontraremos diferentes bases legais para as seguintes finalidades:<\/span><\/p><p><b>Atendimento a solicita\u00e7\u00f5es de informa\u00e7\u00e3o<\/b><\/p><p><span style=\"font-weight: 400;\">A base legal para o tratamento de seus dados \u00e9 o consentimento informado para responder \u00e0s consultas feitas atrav\u00e9s da p\u00e1gina web, o que implica na aceita\u00e7\u00e3o dessas condi\u00e7\u00f5es por parte do interessado.<\/span><\/p><p><b>Marketing<\/b><\/p><p><span style=\"font-weight: 400;\">A base leg\u00edtima para processar seus dados para fins de marketing \u00e9 o consentimento que <\/span><span style=\"font-weight: 400;\"><br \/><\/span><span style=\"font-weight: 400;\">voc\u00ea concede.<\/span><\/p><p><b>Redes Sociais<\/b><\/p><p><span style=\"font-weight: 400;\">A base de legitimidade \u00e9 o consentimento informado para responder \u00e0s consultas feitas atrav\u00e9s da rede social, assim como quando voc\u00ea nos segue e deseja fazer parte de nossa lista de contatos.<\/span><\/p><p><b>An\u00e1lise de usabilidade e qualidade (cookies)<\/b><\/p><p><span style=\"font-weight: 400;\">Consentimento do usu\u00e1rio para a implementa\u00e7\u00e3o de cookies.<\/span><\/p><p><b>Por quanto tempo manteremos seus dados?<\/b><\/p><p><span style=\"font-weight: 400;\">Trataremos seus dados pelo tempo necess\u00e1rio para atender a sua solicita\u00e7\u00e3o ou pedido e posteriormente por 1 ano.<\/span><\/p><p><b>Solicita\u00e7\u00e3o de informa\u00e7\u00e3o<\/b><\/p><p><span style=\"font-weight: 400;\">Trataremos seus dados pelo tempo necess\u00e1rio para atender \u00e0 sua solicita\u00e7\u00e3o ou pedido e posteriormente por 1 ano.<\/span><\/p><p><b>Marketing<\/b><\/p><p><span style=\"font-weight: 400;\">Trataremos seus dados at\u00e9 que voc\u00ea solicite a exclus\u00e3o ou cancele sua inscri\u00e7\u00e3o na newsletter.<\/span><\/p><p><b>Redes sociais<\/b><\/p><p><b>Compartilharemos seus dados com terceiros?<\/b><\/p><p><span style=\"font-weight: 400;\">Para cumprir as finalidades indicadas nesta Pol\u00edtica de Privacidade, \u00e9 necess\u00e1rio que concedamos acesso a seus dados pessoais a terceiros que nos apoiem nos servi\u00e7os que oferecemos e que detalhamos a seguir:<\/span><\/p><ul><li style=\"font-weight: 400;\" aria-level=\"1\"><span style=\"font-weight: 400;\">Provedores de servi\u00e7os tecnol\u00f3gicos<br \/><br \/><\/span><\/li><\/ul><p><b>Quais s\u00e3o seus direitos quando nos fornece seus dados?<\/b><\/p><p><span style=\"font-weight: 400;\">Comprometemo-nos a respeitar a confidencialidade de seus dados pessoais e garantir o exerc\u00edcio de seus direitos.<\/span><\/p><p><span style=\"font-weight: 400;\">Voc\u00ea pode exerc\u00ea-los sem nenhum custo enviando um e-mail para nosso endere\u00e7o info@connectif.es, simplesmente indicando o motivo de sua solicita\u00e7\u00e3o e o direito que deseja exercer.<\/span><\/p><p><span style=\"font-weight: 400;\">Em caso de considerarmos necess\u00e1rio para identific\u00e1-lo, podemos solicitar uma c\u00f3pia de um documento comprovativo de sua identidade. Em particular, independentemente da finalidade ou da base legal para o tratamento de seus dados, voc\u00ea tem o direito de:<\/span><\/p><p><span style=\"font-weight: 400;\">Nos pedir acesso aos seus dados dos quais dispomos.<\/span><\/p><p><span style=\"font-weight: 400;\">Nos pedir para retificar os dados que j\u00e1 dispomos. Tenha em mente que, ao fornecer ativamente seus dados pessoais por qualquer meio, voc\u00ea garante que s\u00e3o verdadeiros e precisos e compromete-se a nos informar sobre qualquer altera\u00e7\u00e3o ou modifica\u00e7\u00e3o nos mesmos.<\/span><\/p><p><span style=\"font-weight: 400;\">Nos pedir para apagar seus dados na medida em que n\u00e3o sejam mais necess\u00e1rios para a finalidade para a qual precisamos trat\u00e1-los, como informado anteriormente, ou caso n\u00e3o tenhamos mais legitimidade para faz\u00ea-lo.<\/span><\/p><p><span style=\"font-weight: 400;\">Nos pedir para limitar o tratamento de seus dados, o que significa que, em certos casos, pode nos solicitar que suspendamos temporariamente o tratamento dos dados ou que os mantenhamos al\u00e9m do tempo necess\u00e1rio quando voc\u00ea puder precisar. Se voc\u00ea nos deu seu consentimento para o tratamento de seus dados para qualquer finalidade, voc\u00ea tamb\u00e9m tem o direito de retir\u00e1-lo a qualquer momento.<\/span><\/p><p><span style=\"font-weight: 400;\">Al\u00e9m disso, quando o tratamento de seus dados for baseado em nosso interesse leg\u00edtimo, voc\u00ea tamb\u00e9m ter\u00e1 o direito de se opor ao tratamento de seus dados.<\/span><\/p><p><span style=\"font-weight: 400;\">Por \u00faltimo, informamos que voc\u00ea tem o direito de apresentar uma reclama\u00e7\u00e3o perante a autoridade de controle de prote\u00e7\u00e3o de dados relevante, especialmente perante a Ag\u00eancia Espanhola de Prote\u00e7\u00e3o de Dados: <\/span><a href=\"https:\/\/www.agpd.es\/portalwebAGPD\/index-ides-idphp.php\"><span style=\"font-weight: 400;\">https:\/\/www.agpd.es\/portalwebAGPD\/index-ides-idphp.php<\/span><\/a><span style=\"font-weight: 400;\">\u00a0<br \/><br \/><\/span><\/p><p><b>Altera\u00e7\u00f5es na pol\u00edtica de privacidade<\/b><\/p><p><span style=\"font-weight: 400;\">Podemos modificar as informa\u00e7\u00f5es contidas nesta Pol\u00edtica de Privacidade quando considerarmos apropriado. Caso o fa\u00e7amos, notificaremos por diferentes meios atrav\u00e9s da Plataforma, ou at\u00e9 mesmo comunicaremos para seu endere\u00e7o de e-mail quando a mudan\u00e7a for significativa para sua privacidade, permitindo que voc\u00ea revise as altera\u00e7\u00f5es, as avalie e, se necess\u00e1rio, se oponha ou cancele algum servi\u00e7o ou funcionalidade.<br \/><br \/><\/span><\/p><p><b>Informa\u00e7\u00f5es sobre cookies<\/b><\/p><p><span style=\"font-weight: 400;\">Utilizamos cookies e dispositivos semelhantes para facilitar sua navega\u00e7\u00e3o na Plataforma, entender como voc\u00ea interage conosco e, em determinados casos, mostrar publicidade com base em seus h\u00e1bitos de navega\u00e7\u00e3o. Por favor, leia nossa Pol\u00edtica de Cookies para obter detalhes sobre os cookies e dispositivos semelhantes que usamos, sua finalidade e outras informa\u00e7\u00f5es relevantes.<\/span><\/p>\t\t\t\t\t\t\t\t<\/div>\n\t\t\t\t\t<\/div>\n\t\t\t\t<\/div>\n\t\t\t\t<\/div>\n\t\t","protected":false},"excerpt":{"rendered":"<p>Pol\u00edtica de Privacidade Quem \u00e9 o respons\u00e1vel pelo tratamento dos seus dados? O RESPONS\u00c1VEL PELO TRATAMENTO dos seus dados \u00e9: CONNECTIF ARTIFICIAL INTELLIGENCE, S.L. CIF: B05509641 Endere\u00e7o Postal: Avenida Ciclista Mariano Rojas, 76; 4\u00aa Planta, 30009, Murcia E-mail: info@connectif.es Que tipo de dados tratamos? Dependendo dos produtos, servi\u00e7os ou funcionalidades dos quais deseja desfrutar a [&hellip;]<\/p>\n","protected":false},"author":11,"featured_media":0,"parent":0,"menu_order":0,"comment_status":"closed","ping_status":"closed","template":"","meta":{"_acf_changed":false,"footnotes":""},"categories":[],"tags":[],"class_list":["post-81000","page","type-page","status-publish","hentry"],"acf":[],"yoast_head":"<!-- This site is optimized with the Yoast SEO plugin v26.1.1 - https:\/\/yoast.com\/wordpress\/plugins\/seo\/ -->\n<title>Pol\u00edtica de Privacidade - Connectif Marketing Automation<\/title>\n<meta name=\"robots\" content=\"index, follow, max-snippet:-1, max-image-preview:large, max-video-preview:-1\" \/>\n<link rel=\"canonical\" href=\"https:\/\/connectifai.chillypills.es\/pt-br\/politica-de-privacidade\/\" \/>\n<meta property=\"og:locale\" content=\"pt_BR\" \/>\n<meta property=\"og:type\" content=\"article\" \/>\n<meta property=\"og:title\" content=\"Pol\u00edtica de Privacidade - Connectif Marketing Automation\" \/>\n<meta property=\"og:description\" content=\"Pol\u00edtica de Privacidade Quem \u00e9 o respons\u00e1vel pelo tratamento dos seus dados? O RESPONS\u00c1VEL PELO TRATAMENTO dos seus dados \u00e9: CONNECTIF ARTIFICIAL INTELLIGENCE, S.L. CIF: B05509641 Endere\u00e7o Postal: Avenida Ciclista Mariano Rojas, 76; 4\u00aa Planta, 30009, Murcia E-mail: info@connectif.es Que tipo de dados tratamos? Dependendo dos produtos, servi\u00e7os ou funcionalidades dos quais deseja desfrutar a [&hellip;]\" \/>\n<meta property=\"og:url\" content=\"https:\/\/connectifai.chillypills.es\/pt-br\/politica-de-privacidade\/\" \/>\n<meta property=\"og:site_name\" content=\"Connectif Marketing Automation\" \/>\n<meta property=\"article:modified_time\" content=\"2024-02-01T08:22:31+00:00\" \/>\n<meta name=\"twitter:card\" content=\"summary_large_image\" \/>\n<meta name=\"twitter:label1\" content=\"Est. tempo de leitura\" \/>\n\t<meta name=\"twitter:data1\" content=\"5 minutos\" \/>\n<script type=\"application\/ld+json\" class=\"yoast-schema-graph\">{\"@context\":\"https:\/\/schema.org\",\"@graph\":[{\"@type\":\"WebPage\",\"@id\":\"https:\/\/connectifai.chillypills.es\/pt-br\/politica-de-privacidade\/\",\"url\":\"https:\/\/connectifai.chillypills.es\/pt-br\/politica-de-privacidade\/\",\"name\":\"Pol\u00edtica de Privacidade - Connectif Marketing Automation\",\"isPartOf\":{\"@id\":\"https:\/\/connectifai.chillypills.es\/pt-br\/#website\"},\"datePublished\":\"2023-04-24T11:08:56+00:00\",\"dateModified\":\"2024-02-01T08:22:31+00:00\",\"breadcrumb\":{\"@id\":\"https:\/\/connectifai.chillypills.es\/pt-br\/politica-de-privacidade\/#breadcrumb\"},\"inLanguage\":\"pt-BR\",\"potentialAction\":[{\"@type\":\"ReadAction\",\"target\":[\"https:\/\/connectifai.chillypills.es\/pt-br\/politica-de-privacidade\/\"]}]},{\"@type\":\"BreadcrumbList\",\"@id\":\"https:\/\/connectifai.chillypills.es\/pt-br\/politica-de-privacidade\/#breadcrumb\",\"itemListElement\":[{\"@type\":\"ListItem\",\"position\":1,\"name\":\"Portada\",\"item\":\"https:\/\/connectifai.chillypills.es\/pt-br\/\"},{\"@type\":\"ListItem\",\"position\":2,\"name\":\"Pol\u00edtica de Privacidade\"}]},{\"@type\":\"WebSite\",\"@id\":\"https:\/\/connectifai.chillypills.es\/pt-br\/#website\",\"url\":\"https:\/\/connectifai.chillypills.es\/pt-br\/\",\"name\":\"Connectif Marketing Automation\",\"description\":\"Marketing Automation Software Connectif te permite crear experiencias de compra hiperpersonalizada a tus clientes de forma r\u00e1pida y visual\",\"publisher\":{\"@id\":\"https:\/\/connectifai.chillypills.es\/pt-br\/#organization\"},\"potentialAction\":[{\"@type\":\"SearchAction\",\"target\":{\"@type\":\"EntryPoint\",\"urlTemplate\":\"https:\/\/connectifai.chillypills.es\/pt-br\/?s={search_term_string}\"},\"query-input\":{\"@type\":\"PropertyValueSpecification\",\"valueRequired\":true,\"valueName\":\"search_term_string\"}}],\"inLanguage\":\"pt-BR\"},{\"@type\":\"Organization\",\"@id\":\"https:\/\/connectifai.chillypills.es\/pt-br\/#organization\",\"name\":\"Connectif Marketing Automation\",\"url\":\"https:\/\/connectifai.chillypills.es\/pt-br\/\",\"logo\":{\"@type\":\"ImageObject\",\"inLanguage\":\"pt-BR\",\"@id\":\"https:\/\/connectifai.chillypills.es\/pt-br\/#\/schema\/logo\/image\/\",\"url\":\"https:\/\/connectifai.chillypills.es\/wp-content\/uploads\/2023\/02\/Logo-Connectif-web.svg\",\"contentUrl\":\"https:\/\/connectifai.chillypills.es\/wp-content\/uploads\/2023\/02\/Logo-Connectif-web.svg\",\"width\":506,\"height\":46,\"caption\":\"Connectif Marketing Automation\"},\"image\":{\"@id\":\"https:\/\/connectifai.chillypills.es\/pt-br\/#\/schema\/logo\/image\/\"}}]}<\/script>\n<!-- \/ Yoast SEO plugin. -->","yoast_head_json":{"title":"Pol\u00edtica de Privacidade - Connectif Marketing Automation","robots":{"index":"index","follow":"follow","max-snippet":"max-snippet:-1","max-image-preview":"max-image-preview:large","max-video-preview":"max-video-preview:-1"},"canonical":"https:\/\/connectifai.chillypills.es\/pt-br\/politica-de-privacidade\/","og_locale":"pt_BR","og_type":"article","og_title":"Pol\u00edtica de Privacidade - Connectif Marketing Automation","og_description":"Pol\u00edtica de Privacidade Quem \u00e9 o respons\u00e1vel pelo tratamento dos seus dados? O RESPONS\u00c1VEL PELO TRATAMENTO dos seus dados \u00e9: CONNECTIF ARTIFICIAL INTELLIGENCE, S.L. CIF: B05509641 Endere\u00e7o Postal: Avenida Ciclista Mariano Rojas, 76; 4\u00aa Planta, 30009, Murcia E-mail: info@connectif.es Que tipo de dados tratamos? Dependendo dos produtos, servi\u00e7os ou funcionalidades dos quais deseja desfrutar a [&hellip;]","og_url":"https:\/\/connectifai.chillypills.es\/pt-br\/politica-de-privacidade\/","og_site_name":"Connectif Marketing Automation","article_modified_time":"2024-02-01T08:22:31+00:00","twitter_card":"summary_large_image","twitter_misc":{"Est. tempo de leitura":"5 minutos"},"schema":{"@context":"https:\/\/schema.org","@graph":[{"@type":"WebPage","@id":"https:\/\/connectifai.chillypills.es\/pt-br\/politica-de-privacidade\/","url":"https:\/\/connectifai.chillypills.es\/pt-br\/politica-de-privacidade\/","name":"Pol\u00edtica de Privacidade - Connectif Marketing Automation","isPartOf":{"@id":"https:\/\/connectifai.chillypills.es\/pt-br\/#website"},"datePublished":"2023-04-24T11:08:56+00:00","dateModified":"2024-02-01T08:22:31+00:00","breadcrumb":{"@id":"https:\/\/connectifai.chillypills.es\/pt-br\/politica-de-privacidade\/#breadcrumb"},"inLanguage":"pt-BR","potentialAction":[{"@type":"ReadAction","target":["https:\/\/connectifai.chillypills.es\/pt-br\/politica-de-privacidade\/"]}]},{"@type":"BreadcrumbList","@id":"https:\/\/connectifai.chillypills.es\/pt-br\/politica-de-privacidade\/#breadcrumb","itemListElement":[{"@type":"ListItem","position":1,"name":"Portada","item":"https:\/\/connectifai.chillypills.es\/pt-br\/"},{"@type":"ListItem","position":2,"name":"Pol\u00edtica de Privacidade"}]},{"@type":"WebSite","@id":"https:\/\/connectifai.chillypills.es\/pt-br\/#website","url":"https:\/\/connectifai.chillypills.es\/pt-br\/","name":"Connectif Marketing Automation","description":"Marketing Automation Software Connectif te permite crear experiencias de compra hiperpersonalizada a tus clientes de forma r\u00e1pida y visual","publisher":{"@id":"https:\/\/connectifai.chillypills.es\/pt-br\/#organization"},"potentialAction":[{"@type":"SearchAction","target":{"@type":"EntryPoint","urlTemplate":"https:\/\/connectifai.chillypills.es\/pt-br\/?s={search_term_string}"},"query-input":{"@type":"PropertyValueSpecification","valueRequired":true,"valueName":"search_term_string"}}],"inLanguage":"pt-BR"},{"@type":"Organization","@id":"https:\/\/connectifai.chillypills.es\/pt-br\/#organization","name":"Connectif Marketing Automation","url":"https:\/\/connectifai.chillypills.es\/pt-br\/","logo":{"@type":"ImageObject","inLanguage":"pt-BR","@id":"https:\/\/connectifai.chillypills.es\/pt-br\/#\/schema\/logo\/image\/","url":"https:\/\/connectifai.chillypills.es\/wp-content\/uploads\/2023\/02\/Logo-Connectif-web.svg","contentUrl":"https:\/\/connectifai.chillypills.es\/wp-content\/uploads\/2023\/02\/Logo-Connectif-web.svg","width":506,"height":46,"caption":"Connectif Marketing Automation"},"image":{"@id":"https:\/\/connectifai.chillypills.es\/pt-br\/#\/schema\/logo\/image\/"}}]}},"_links":{"self":[{"href":"https:\/\/connectifai.chillypills.es\/pt-br\/wp-json\/wp\/v2\/pages\/81000","targetHints":{"allow":["GET"]}}],"collection":[{"href":"https:\/\/connectifai.chillypills.es\/pt-br\/wp-json\/wp\/v2\/pages"}],"about":[{"href":"https:\/\/connectifai.chillypills.es\/pt-br\/wp-json\/wp\/v2\/types\/page"}],"author":[{"embeddable":true,"href":"https:\/\/connectifai.chillypills.es\/pt-br\/wp-json\/wp\/v2\/users\/11"}],"replies":[{"embeddable":true,"href":"https:\/\/connectifai.chillypills.es\/pt-br\/wp-json\/wp\/v2\/comments?post=81000"}],"version-history":[{"count":0,"href":"https:\/\/connectifai.chillypills.es\/pt-br\/wp-json\/wp\/v2\/pages\/81000\/revisions"}],"wp:attachment":[{"href":"https:\/\/connectifai.chillypills.es\/pt-br\/wp-json\/wp\/v2\/media?parent=81000"}],"wp:term":[{"taxonomy":"category","embeddable":true,"href":"https:\/\/connectifai.chillypills.es\/pt-br\/wp-json\/wp\/v2\/categories?post=81000"},{"taxonomy":"post_tag","embeddable":true,"href":"https:\/\/connectifai.chillypills.es\/pt-br\/wp-json\/wp\/v2\/tags?post=81000"}],"curies":[{"name":"wp","href":"https:\/\/api.w.org\/{rel}","templated":true}]}}