{"id":71061,"date":"2023-04-24T10:22:22","date_gmt":"2023-04-24T09:22:22","guid":{"rendered":"https:\/\/connectifai.chillypills.es\/?page_id=71061"},"modified":"2023-06-30T15:05:19","modified_gmt":"2023-06-30T15:05:19","slug":"politica-dei-cookie","status":"publish","type":"page","link":"https:\/\/connectifai.chillypills.es\/it\/politica-dei-cookie\/","title":{"rendered":"Politica dei cookie"},"content":{"rendered":"\t\t<div data-elementor-type=\"wp-page\" data-elementor-id=\"71061\" class=\"elementor elementor-71061 elementor-27482\" data-elementor-post-type=\"page\">\n\t\t\t\t<div class=\"elementor-element elementor-element-13eaebd e-flex e-con-boxed e-con e-parent\" data-id=\"13eaebd\" data-element_type=\"container\" data-settings=\"{&quot;_ob_use_container_extras&quot;:&quot;no&quot;,&quot;_ob_column_hoveranimator&quot;:&quot;no&quot;,&quot;_ob_glider_is_slider&quot;:&quot;no&quot;,&quot;_ob_column_has_pseudo&quot;:&quot;no&quot;}\">\n\t\t\t\t\t<div class=\"e-con-inner\">\n\t\t\t\t<div class=\"elementor-element elementor-element-49d68d9 ob-harakiri-inherit ob-has-background-overlay elementor-widget elementor-widget-text-editor\" data-id=\"49d68d9\" data-element_type=\"widget\" data-settings=\"{&quot;_ob_use_harakiri&quot;:&quot;yes&quot;,&quot;_ob_harakiri_writing_mode&quot;:&quot;inherit&quot;,&quot;_ob_postman_use&quot;:&quot;no&quot;,&quot;_ob_widget_stalker_use&quot;:&quot;no&quot;,&quot;_ob_poopart_use&quot;:&quot;yes&quot;,&quot;_ob_shadough_use&quot;:&quot;no&quot;,&quot;_ob_allow_hoveranimator&quot;:&quot;no&quot;}\" data-widget_type=\"text-editor.default\">\n\t\t\t\t\t\t\t\t\t<div class=\"elementor-element elementor-element-5a42e3b ob-has-background-overlay elementor-widget elementor-widget-theme-post-title elementor-page-title elementor-widget-heading\" data-id=\"5a42e3b\" data-element_type=\"widget\" data-settings=\"{&quot;_ob_perspektive_use&quot;:&quot;no&quot;,&quot;_ob_poopart_use&quot;:&quot;yes&quot;,&quot;_ob_shadough_use&quot;:&quot;no&quot;,&quot;_ob_allow_hoveranimator&quot;:&quot;no&quot;,&quot;_ob_widget_stalker_use&quot;:&quot;no&quot;}\" data-widget_type=\"theme-post-title.default\"><div class=\"elementor-widget-container\"><h1 class=\"elementor-heading-title elementor-size-default\">Politica dei cookie<\/h1><\/div><\/div>\t\t\t\t\t\t\t\t<\/div>\n\t\t\t\t\t<\/div>\n\t\t\t\t<\/div>\n\t\t<div class=\"elementor-element elementor-element-1e8aa48 e-flex e-con-boxed e-con e-parent\" data-id=\"1e8aa48\" data-element_type=\"container\" data-settings=\"{&quot;_ob_use_container_extras&quot;:&quot;no&quot;,&quot;_ob_column_hoveranimator&quot;:&quot;no&quot;,&quot;_ob_glider_is_slider&quot;:&quot;no&quot;,&quot;_ob_column_has_pseudo&quot;:&quot;no&quot;}\">\n\t\t\t\t\t<div class=\"e-con-inner\">\n\t\t\t\t<div class=\"elementor-element elementor-element-4047509 ob-harakiri-inherit ob-has-background-overlay elementor-widget elementor-widget-text-editor\" data-id=\"4047509\" data-element_type=\"widget\" data-settings=\"{&quot;_ob_use_harakiri&quot;:&quot;yes&quot;,&quot;_ob_harakiri_writing_mode&quot;:&quot;inherit&quot;,&quot;_ob_postman_use&quot;:&quot;no&quot;,&quot;_ob_widget_stalker_use&quot;:&quot;no&quot;,&quot;_ob_poopart_use&quot;:&quot;yes&quot;,&quot;_ob_shadough_use&quot;:&quot;no&quot;,&quot;_ob_allow_hoveranimator&quot;:&quot;no&quot;}\" data-widget_type=\"text-editor.default\">\n\t\t\t\t\t\t\t\t\t<h2>Definizione dei cookie<\/h2><p>I cookie sono identificatori che inviamo al disco duro del computer dell\u2019utente attraverso il suo browser web affinch\u00e9 i nostri sistemi possano riconoscere il browser dell\u2019utente e offrire determinati servizi.<\/p><p>Questo sito utilizza vari tipi di cookie. Alcuni sono impostati da servizi di terze parti che appaiono sul nostro sito.<\/p><p>Di seguito riportiamo i cookie utilizzati dal sito.<\/p><p>\u00a0<\/p><p>\u00a0<\/p><h2>Cookie necessari.<\/h2><p>I cookie necessari rendono un sito web utilizzabile attivando funzioni basiche come la navigazione sulla pagina e l\u2019accesso ad aree sicure del sito. La p\u00e1gina web no puede funcionar\u00a0adecuadamente sin estas cookies.<\/p><p>\u00a0<\/p><table border=\"1\" width=\"796\" cellpadding=\"1\"><tbody><tr><td>Nombre<\/td><td>Proveedor<\/td><td>Pr\u00f3posito<\/td><td>Caducidad<\/td><\/tr><tr><td>cookie_notice_accepted<\/td><td>\u00a0<\/td><td>Conocer si el usuario ha aceptado las cookies del site.<\/td><td>3 meses<\/td><\/tr><\/tbody><\/table><h4>\u00a0<\/h4><h4>\u00a0<\/h4><h2>Cookie statistici.<\/h2><p>I cookie statistici aiutano i proprietari dei siti a conoscere il modo in cui i visitatori interagiscono sulle pagine web raccogliendo e fornendo informazioni in modo anonimo.<\/p><p>Per disabilitare i cookie di Google Analytics, \u00e8 possibile installare il Componente aggiuntivo per browser di Google Analytics che impedisce l\u2019invio di informazioni a fini statistici. \u00c8 disponibile al seguente link:\u00a0<a href=\"https:\/\/tools.google.com\/dlpage\/gaoptout?hl=es\">https:\/\/tools.google.com\/dlpage\/gaoptout?hl=es<\/a><\/p><p>\u00a0<\/p><p>\u00a0<\/p><table border=\"1\" width=\"846\" cellpadding=\"1\"><tbody><tr><td>Nombre<\/td><td>Proveedor<\/td><td>Pr\u00f3posito<\/td><td>Caducidad<\/td><\/tr><tr><td>_ga<\/td><td>Google Analytics<\/td><td>Registra una identificaci\u00f3n \u00fanica que se utiliza para generar datos estad\u00edsticos acerca de c\u00f3mo utiliza el visitante el sitio web<\/td><td>2 a\u00f1os<\/td><\/tr><tr><td>_gid<\/td><td>Google Analytics<\/td><td>Registra una identificaci\u00f3n \u00fanica que se utiliza para generar datos estad\u00edsticos acerca de c\u00f3mo utiliza el visitante el sitio webs<\/td><td>1 d\u00eda<\/td><\/tr><tr><td>_gat<\/td><td>Google Analytics<\/td><td>Registra una identificaci\u00f3n \u00fanica que se utiliza para generar datos estad\u00edsticos acerca de c\u00f3mo utiliza el visitante el sitio web<\/td><td>cookie de sesi\u00f3n<\/td><\/tr><\/tbody><\/table><h4>\u00a0<\/h4><h2>\u00a0<\/h2><h2>Come abilitare\/disabilitare i cookie nei browser principali:<\/h2><p>Normalmente \u00e8 possibile rifiutare i cookie del browser o quelli di un servizio particolare.<\/p><p>Tutti i browser moderni consentono di cambiare la configurazione dei cookie. Queste impostazioni si trovano normalmente nella sezione \u201cOpzioni\u201d o \u201cPreferenze\u201d del menu del browser.<\/p><p>\u00a0<\/p><p>Similmente, \u00e8 possibile configurare il browser o il gestore della posta elettronica.<\/p><p>Di seguito riportiamo i passaggi necessari per accedere al menu di impostazione dei cookie e, se del caso, della navigazione in modalit\u00e0 privata per ciascuno dei browser principali:<\/p><p><strong>Internet Explorer:<\/strong>\u00a0Strumenti -&gt; Opzioni Internet -&gt; Privacy -&gt; Impostazioni. Per maggiori informazioni, consultare il\u00a0<a href=\"https:\/\/windows.microsoft.com\/es-ES\/windows\/support\">supporto di Microsoft<\/a>\u00a0o la sezione \u201cAiuto\u201d del browser<\/p><p><strong>Firefox:<\/strong>\u00a0Strumenti -&gt; Opzioni -&gt; Privacy -&gt; Impostazioni cronologia -&gt; Impostazioni personalizzate. Per maggiori informazioni, consultare il\u00a0<a href=\"https:\/\/support.mozilla.org\/es\/home\">supporto di Mozilla<\/a>\u00a0o la sezione \u201cAiuto\u201d del browser.<\/p><p><strong>Chrome:<\/strong>\u00a0Impostazioni -&gt; Impostazioni avanzate -&gt; Privacy -&gt; Impostazioni dei contenuti. Per maggiori informazioni, consultare il\u00a0<a href=\"https:\/\/support.google.com\/chrome\/?hl=es\">supporto di Google<\/a>\u00a0o la sezione \u201cAiuto\u201d del browser.<\/p><p><strong>Safari:<\/strong>\u00a0Preferenze -&gt;Sicurezza. Per maggiori informazioni, consultare il\u00a0<a href=\"https:\/\/www.apple.com\/es\/support\/safari\/\">supporto di Apple<\/a>\u00a0o la sezione \u201cAiuto\u201d del browser.<\/p><p>\u00a0<\/p><h2>Che succede se si disabilitano i cookie?<\/h2><div><strong>\u00a0<\/strong>Alcune funzionalit\u00e0 dei Servizi rimarranno disabilitate come ad esempio la sessione di identificazione, i prodotti nel \u201ccarrello della spesa\u201d ecc.<\/div>\t\t\t\t\t\t\t\t<\/div>\n\t\t\t\t\t<\/div>\n\t\t\t\t<\/div>\n\t\t\t\t<\/div>\n\t\t","protected":false},"excerpt":{"rendered":"<p>Politica dei cookie Definizione dei cookie I cookie sono identificatori che inviamo al disco duro del computer dell\u2019utente attraverso il suo browser web affinch\u00e9 i nostri sistemi possano riconoscere il browser dell\u2019utente e offrire determinati servizi. Questo sito utilizza vari tipi di cookie. Alcuni sono impostati da servizi di terze parti che appaiono sul nostro [&hellip;]<\/p>\n","protected":false},"author":11,"featured_media":0,"parent":0,"menu_order":0,"comment_status":"closed","ping_status":"closed","template":"","meta":{"_acf_changed":false,"footnotes":""},"categories":[],"tags":[],"class_list":["post-71061","page","type-page","status-publish","hentry"],"acf":[],"yoast_head":"<!-- This site is optimized with the Yoast SEO plugin v26.1.1 - https:\/\/yoast.com\/wordpress\/plugins\/seo\/ -->\n<title>Politica dei cookie - Connectif Marketing Automation<\/title>\n<meta name=\"robots\" content=\"index, follow, max-snippet:-1, max-image-preview:large, max-video-preview:-1\" \/>\n<link rel=\"canonical\" href=\"https:\/\/connectifai.chillypills.es\/it\/politica-dei-cookie\/\" \/>\n<meta property=\"og:locale\" content=\"it_IT\" \/>\n<meta property=\"og:type\" content=\"article\" \/>\n<meta property=\"og:title\" content=\"Politica dei cookie - Connectif Marketing Automation\" \/>\n<meta property=\"og:description\" content=\"Politica dei cookie Definizione dei cookie I cookie sono identificatori che inviamo al disco duro del computer dell\u2019utente attraverso il suo browser web affinch\u00e9 i nostri sistemi possano riconoscere il browser dell\u2019utente e offrire determinati servizi. Questo sito utilizza vari tipi di cookie. Alcuni sono impostati da servizi di terze parti che appaiono sul nostro [&hellip;]\" \/>\n<meta property=\"og:url\" content=\"https:\/\/connectifai.chillypills.es\/it\/politica-dei-cookie\/\" \/>\n<meta property=\"og:site_name\" content=\"Connectif Marketing Automation\" \/>\n<meta property=\"article:modified_time\" content=\"2023-06-30T15:05:19+00:00\" \/>\n<meta name=\"twitter:card\" content=\"summary_large_image\" \/>\n<meta name=\"twitter:label1\" content=\"Tempo di lettura stimato\" \/>\n\t<meta name=\"twitter:data1\" content=\"3 minuti\" \/>\n<script type=\"application\/ld+json\" class=\"yoast-schema-graph\">{\"@context\":\"https:\/\/schema.org\",\"@graph\":[{\"@type\":\"WebPage\",\"@id\":\"https:\/\/connectifai.chillypills.es\/it\/politica-dei-cookie\/\",\"url\":\"https:\/\/connectifai.chillypills.es\/it\/politica-dei-cookie\/\",\"name\":\"Politica dei cookie - Connectif Marketing Automation\",\"isPartOf\":{\"@id\":\"https:\/\/connectifai.chillypills.es\/it\/#website\"},\"datePublished\":\"2023-04-24T09:22:22+00:00\",\"dateModified\":\"2023-06-30T15:05:19+00:00\",\"breadcrumb\":{\"@id\":\"https:\/\/connectifai.chillypills.es\/it\/politica-dei-cookie\/#breadcrumb\"},\"inLanguage\":\"it-IT\",\"potentialAction\":[{\"@type\":\"ReadAction\",\"target\":[\"https:\/\/connectifai.chillypills.es\/it\/politica-dei-cookie\/\"]}]},{\"@type\":\"BreadcrumbList\",\"@id\":\"https:\/\/connectifai.chillypills.es\/it\/politica-dei-cookie\/#breadcrumb\",\"itemListElement\":[{\"@type\":\"ListItem\",\"position\":1,\"name\":\"Portada\",\"item\":\"https:\/\/connectifai.chillypills.es\/it\/\"},{\"@type\":\"ListItem\",\"position\":2,\"name\":\"Politica dei cookie\"}]},{\"@type\":\"WebSite\",\"@id\":\"https:\/\/connectifai.chillypills.es\/it\/#website\",\"url\":\"https:\/\/connectifai.chillypills.es\/it\/\",\"name\":\"Connectif Marketing Automation\",\"description\":\"Marketing Automation Software Connectif te permite crear experiencias de compra hiperpersonalizada a tus clientes de forma r\u00e1pida y visual\",\"publisher\":{\"@id\":\"https:\/\/connectifai.chillypills.es\/it\/#organization\"},\"potentialAction\":[{\"@type\":\"SearchAction\",\"target\":{\"@type\":\"EntryPoint\",\"urlTemplate\":\"https:\/\/connectifai.chillypills.es\/it\/?s={search_term_string}\"},\"query-input\":{\"@type\":\"PropertyValueSpecification\",\"valueRequired\":true,\"valueName\":\"search_term_string\"}}],\"inLanguage\":\"it-IT\"},{\"@type\":\"Organization\",\"@id\":\"https:\/\/connectifai.chillypills.es\/it\/#organization\",\"name\":\"Connectif Marketing Automation\",\"url\":\"https:\/\/connectifai.chillypills.es\/it\/\",\"logo\":{\"@type\":\"ImageObject\",\"inLanguage\":\"it-IT\",\"@id\":\"https:\/\/connectifai.chillypills.es\/it\/#\/schema\/logo\/image\/\",\"url\":\"https:\/\/connectifai.chillypills.es\/wp-content\/uploads\/2023\/02\/Logo-Connectif-web.svg\",\"contentUrl\":\"https:\/\/connectifai.chillypills.es\/wp-content\/uploads\/2023\/02\/Logo-Connectif-web.svg\",\"width\":506,\"height\":46,\"caption\":\"Connectif Marketing Automation\"},\"image\":{\"@id\":\"https:\/\/connectifai.chillypills.es\/it\/#\/schema\/logo\/image\/\"}}]}<\/script>\n<!-- \/ Yoast SEO plugin. -->","yoast_head_json":{"title":"Politica dei cookie - Connectif Marketing Automation","robots":{"index":"index","follow":"follow","max-snippet":"max-snippet:-1","max-image-preview":"max-image-preview:large","max-video-preview":"max-video-preview:-1"},"canonical":"https:\/\/connectifai.chillypills.es\/it\/politica-dei-cookie\/","og_locale":"it_IT","og_type":"article","og_title":"Politica dei cookie - Connectif Marketing Automation","og_description":"Politica dei cookie Definizione dei cookie I cookie sono identificatori che inviamo al disco duro del computer dell\u2019utente attraverso il suo browser web affinch\u00e9 i nostri sistemi possano riconoscere il browser dell\u2019utente e offrire determinati servizi. Questo sito utilizza vari tipi di cookie. Alcuni sono impostati da servizi di terze parti che appaiono sul nostro [&hellip;]","og_url":"https:\/\/connectifai.chillypills.es\/it\/politica-dei-cookie\/","og_site_name":"Connectif Marketing Automation","article_modified_time":"2023-06-30T15:05:19+00:00","twitter_card":"summary_large_image","twitter_misc":{"Tempo di lettura stimato":"3 minuti"},"schema":{"@context":"https:\/\/schema.org","@graph":[{"@type":"WebPage","@id":"https:\/\/connectifai.chillypills.es\/it\/politica-dei-cookie\/","url":"https:\/\/connectifai.chillypills.es\/it\/politica-dei-cookie\/","name":"Politica dei cookie - Connectif Marketing Automation","isPartOf":{"@id":"https:\/\/connectifai.chillypills.es\/it\/#website"},"datePublished":"2023-04-24T09:22:22+00:00","dateModified":"2023-06-30T15:05:19+00:00","breadcrumb":{"@id":"https:\/\/connectifai.chillypills.es\/it\/politica-dei-cookie\/#breadcrumb"},"inLanguage":"it-IT","potentialAction":[{"@type":"ReadAction","target":["https:\/\/connectifai.chillypills.es\/it\/politica-dei-cookie\/"]}]},{"@type":"BreadcrumbList","@id":"https:\/\/connectifai.chillypills.es\/it\/politica-dei-cookie\/#breadcrumb","itemListElement":[{"@type":"ListItem","position":1,"name":"Portada","item":"https:\/\/connectifai.chillypills.es\/it\/"},{"@type":"ListItem","position":2,"name":"Politica dei cookie"}]},{"@type":"WebSite","@id":"https:\/\/connectifai.chillypills.es\/it\/#website","url":"https:\/\/connectifai.chillypills.es\/it\/","name":"Connectif Marketing Automation","description":"Marketing Automation Software Connectif te permite crear experiencias de compra hiperpersonalizada a tus clientes de forma r\u00e1pida y visual","publisher":{"@id":"https:\/\/connectifai.chillypills.es\/it\/#organization"},"potentialAction":[{"@type":"SearchAction","target":{"@type":"EntryPoint","urlTemplate":"https:\/\/connectifai.chillypills.es\/it\/?s={search_term_string}"},"query-input":{"@type":"PropertyValueSpecification","valueRequired":true,"valueName":"search_term_string"}}],"inLanguage":"it-IT"},{"@type":"Organization","@id":"https:\/\/connectifai.chillypills.es\/it\/#organization","name":"Connectif Marketing Automation","url":"https:\/\/connectifai.chillypills.es\/it\/","logo":{"@type":"ImageObject","inLanguage":"it-IT","@id":"https:\/\/connectifai.chillypills.es\/it\/#\/schema\/logo\/image\/","url":"https:\/\/connectifai.chillypills.es\/wp-content\/uploads\/2023\/02\/Logo-Connectif-web.svg","contentUrl":"https:\/\/connectifai.chillypills.es\/wp-content\/uploads\/2023\/02\/Logo-Connectif-web.svg","width":506,"height":46,"caption":"Connectif Marketing Automation"},"image":{"@id":"https:\/\/connectifai.chillypills.es\/it\/#\/schema\/logo\/image\/"}}]}},"_links":{"self":[{"href":"https:\/\/connectifai.chillypills.es\/it\/wp-json\/wp\/v2\/pages\/71061","targetHints":{"allow":["GET"]}}],"collection":[{"href":"https:\/\/connectifai.chillypills.es\/it\/wp-json\/wp\/v2\/pages"}],"about":[{"href":"https:\/\/connectifai.chillypills.es\/it\/wp-json\/wp\/v2\/types\/page"}],"author":[{"embeddable":true,"href":"https:\/\/connectifai.chillypills.es\/it\/wp-json\/wp\/v2\/users\/11"}],"replies":[{"embeddable":true,"href":"https:\/\/connectifai.chillypills.es\/it\/wp-json\/wp\/v2\/comments?post=71061"}],"version-history":[{"count":0,"href":"https:\/\/connectifai.chillypills.es\/it\/wp-json\/wp\/v2\/pages\/71061\/revisions"}],"wp:attachment":[{"href":"https:\/\/connectifai.chillypills.es\/it\/wp-json\/wp\/v2\/media?parent=71061"}],"wp:term":[{"taxonomy":"category","embeddable":true,"href":"https:\/\/connectifai.chillypills.es\/it\/wp-json\/wp\/v2\/categories?post=71061"},{"taxonomy":"post_tag","embeddable":true,"href":"https:\/\/connectifai.chillypills.es\/it\/wp-json\/wp\/v2\/tags?post=71061"}],"curies":[{"name":"wp","href":"https:\/\/api.w.org\/{rel}","templated":true}]}}