{"id":93160,"date":"2025-03-25T16:14:17","date_gmt":"2025-03-25T15:14:17","guid":{"rendered":"https:\/\/connectifai.chillypills.es\/?page_id=93160"},"modified":"2025-07-30T12:29:32","modified_gmt":"2025-07-30T11:29:32","slug":"optimisez-votre-marketing-avec-la-segmentation-intelligente","status":"publish","type":"page","link":"https:\/\/connectifai.chillypills.es\/fr\/ebooks\/optimisez-votre-marketing-avec-la-segmentation-intelligente\/","title":{"rendered":"Optimisez votre marketing avec la segmentation intelligente"},"content":{"rendered":"\t\t<div data-elementor-type=\"wp-page\" data-elementor-id=\"93160\" class=\"elementor elementor-93160 elementor-92939\" data-elementor-post-type=\"page\">\n\t\t\t\t<div class=\"elementor-element elementor-element-4e7dcd2 e-flex e-con-boxed e-con e-parent\" data-id=\"4e7dcd2\" data-element_type=\"container\" data-settings=\"{&quot;_ob_use_container_extras&quot;:&quot;no&quot;,&quot;_ob_column_hoveranimator&quot;:&quot;no&quot;,&quot;_ob_glider_is_slider&quot;:&quot;no&quot;,&quot;_ob_column_has_pseudo&quot;:&quot;no&quot;}\">\n\t\t\t\t\t<div class=\"e-con-inner\">\n\t\t<div class=\"elementor-element elementor-element-09948f1 e-con-full e-flex e-con e-child\" data-id=\"09948f1\" data-element_type=\"container\" data-settings=\"{&quot;_ob_use_container_extras&quot;:&quot;no&quot;,&quot;_ob_column_hoveranimator&quot;:&quot;no&quot;,&quot;_ob_glider_is_slider&quot;:&quot;no&quot;,&quot;_ob_column_has_pseudo&quot;:&quot;no&quot;}\">\n\t\t\t\t<div class=\"elementor-element elementor-element-d9f8e09 ob-harakiri-inherit ob-has-background-overlay elementor-widget elementor-widget-heading\" data-id=\"d9f8e09\" data-element_type=\"widget\" data-settings=\"{&quot;_ob_use_harakiri&quot;:&quot;yes&quot;,&quot;_ob_harakiri_writing_mode&quot;:&quot;inherit&quot;,&quot;_ob_harakiri_text_clip&quot;:&quot;none&quot;,&quot;_ob_widget_stalker_use&quot;:&quot;no&quot;,&quot;_ob_poopart_use&quot;:&quot;yes&quot;,&quot;_ob_shadough_use&quot;:&quot;no&quot;,&quot;_ob_allow_hoveranimator&quot;:&quot;no&quot;}\" data-widget_type=\"heading.default\">\n\t\t\t\t\t<h2 class=\"elementor-heading-title elementor-size-default\">Optimisez votre marketing avec la segmentation intelligente<\/h2>\t\t\t\t<\/div>\n\t\t\t\t<div class=\"elementor-element elementor-element-af0e636 ob-harakiri-inherit ob-has-background-overlay elementor-widget elementor-widget-text-editor\" data-id=\"af0e636\" data-element_type=\"widget\" data-settings=\"{&quot;_ob_use_harakiri&quot;:&quot;yes&quot;,&quot;_ob_harakiri_writing_mode&quot;:&quot;inherit&quot;,&quot;_ob_postman_use&quot;:&quot;no&quot;,&quot;_ob_widget_stalker_use&quot;:&quot;no&quot;,&quot;_ob_poopart_use&quot;:&quot;yes&quot;,&quot;_ob_shadough_use&quot;:&quot;no&quot;,&quot;_ob_allow_hoveranimator&quot;:&quot;no&quot;}\" data-widget_type=\"text-editor.default\">\n\t\t\t\t\t\t\t\t\t<p><span style=\"font-weight: 400;\">La segmentation bas\u00e9e sur le comportement et les pr\u00e9f\u00e9rences ne r\u00e9sout pas tout : c\u2019est avec la segmentation intelligente que la magie op\u00e8re r\u00e9ellement. Chez Connectif, nous recommandons d&rsquo;utiliser des m\u00e9triques comme le CLV, le RFM, le P-Alive et le Churn pour vraiment dynamiser votre strat\u00e9gie marketing. Vous voulez en savoir plus ?<\/span><\/p>\t\t\t\t\t\t\t\t<\/div>\n\t\t\t\t<div class=\"elementor-element elementor-element-084028c elementor-align-left c-button c-button-dt__primary ob-has-background-overlay elementor-widget elementor-widget-button\" data-id=\"084028c\" data-element_type=\"widget\" data-settings=\"{&quot;_ob_butterbutton_use_it&quot;:&quot;no&quot;,&quot;_ob_widget_stalker_use&quot;:&quot;no&quot;,&quot;_ob_poopart_use&quot;:&quot;yes&quot;,&quot;_ob_shadough_use&quot;:&quot;no&quot;,&quot;_ob_allow_hoveranimator&quot;:&quot;no&quot;}\" data-widget_type=\"button.default\">\n\t\t\t\t\t\t\t\t\t\t<a class=\"elementor-button elementor-button-link elementor-size-md\" href=\"#download-form\">\n\t\t\t\t\t\t<span class=\"elementor-button-content-wrapper\">\n\t\t\t\t\t\t\t\t\t<span class=\"elementor-button-text\">T\u00e9l\u00e9chargez notre guide<\/span>\n\t\t\t\t\t<\/span>\n\t\t\t\t\t<\/a>\n\t\t\t\t\t\t\t\t<\/div>\n\t\t\t\t<\/div>\n\t\t<div class=\"elementor-element elementor-element-7d21efb e-con-full e-flex e-con e-child\" data-id=\"7d21efb\" data-element_type=\"container\" data-settings=\"{&quot;background_background&quot;:&quot;classic&quot;,&quot;_ob_use_container_extras&quot;:&quot;no&quot;,&quot;_ob_column_hoveranimator&quot;:&quot;no&quot;,&quot;_ob_glider_is_slider&quot;:&quot;no&quot;,&quot;_ob_column_has_pseudo&quot;:&quot;no&quot;}\">\n\t\t\t\t<\/div>\n\t\t\t\t\t<\/div>\n\t\t\t\t<\/div>\n\t\t<div class=\"elementor-element elementor-element-d742743 e-grid e-con-boxed e-con e-parent\" data-id=\"d742743\" data-element_type=\"container\" id=\"download-form\" data-settings=\"{&quot;_ob_use_container_extras&quot;:&quot;no&quot;,&quot;_ob_column_hoveranimator&quot;:&quot;no&quot;,&quot;_ob_glider_is_slider&quot;:&quot;no&quot;,&quot;_ob_column_has_pseudo&quot;:&quot;no&quot;}\">\n\t\t\t\t\t<div class=\"e-con-inner\">\n\t\t<div class=\"elementor-element elementor-element-c2d7291 e-con-full e-flex e-con e-child\" data-id=\"c2d7291\" data-element_type=\"container\" data-settings=\"{&quot;_ob_use_container_extras&quot;:&quot;no&quot;,&quot;_ob_column_hoveranimator&quot;:&quot;no&quot;,&quot;_ob_glider_is_slider&quot;:&quot;no&quot;,&quot;_ob_column_has_pseudo&quot;:&quot;no&quot;}\">\n\t\t<div class=\"elementor-element elementor-element-2f0f38b e-con-full e-flex e-con e-child\" data-id=\"2f0f38b\" data-element_type=\"container\" data-settings=\"{&quot;_ob_use_container_extras&quot;:&quot;no&quot;,&quot;_ob_column_hoveranimator&quot;:&quot;no&quot;,&quot;_ob_glider_is_slider&quot;:&quot;no&quot;,&quot;_ob_column_has_pseudo&quot;:&quot;no&quot;}\">\n\t\t\t\t<div class=\"elementor-element elementor-element-f52a641 ob-harakiri-inherit ob-has-background-overlay elementor-widget elementor-widget-heading\" data-id=\"f52a641\" data-element_type=\"widget\" data-settings=\"{&quot;_ob_use_harakiri&quot;:&quot;yes&quot;,&quot;_ob_harakiri_writing_mode&quot;:&quot;inherit&quot;,&quot;_ob_harakiri_text_clip&quot;:&quot;none&quot;,&quot;_ob_widget_stalker_use&quot;:&quot;no&quot;,&quot;_ob_poopart_use&quot;:&quot;yes&quot;,&quot;_ob_shadough_use&quot;:&quot;no&quot;,&quot;_ob_allow_hoveranimator&quot;:&quot;no&quot;}\" data-widget_type=\"heading.default\">\n\t\t\t\t\t<h3 class=\"elementor-heading-title elementor-size-default\">Dans ce guide sur la segmentation intelligente, vous d\u00e9couvrirez :<\/h3>\t\t\t\t<\/div>\n\t\t\t\t<div class=\"elementor-element elementor-element-ce74a42 u-list-square u-list-square__blue ob-harakiri-inherit ob-has-background-overlay elementor-widget elementor-widget-text-editor\" data-id=\"ce74a42\" data-element_type=\"widget\" data-settings=\"{&quot;_ob_use_harakiri&quot;:&quot;yes&quot;,&quot;_ob_harakiri_writing_mode&quot;:&quot;inherit&quot;,&quot;_ob_postman_use&quot;:&quot;no&quot;,&quot;_ob_widget_stalker_use&quot;:&quot;no&quot;,&quot;_ob_poopart_use&quot;:&quot;yes&quot;,&quot;_ob_shadough_use&quot;:&quot;no&quot;,&quot;_ob_allow_hoveranimator&quot;:&quot;no&quot;}\" data-widget_type=\"text-editor.default\">\n\t\t\t\t\t\t\t\t\t<ul><li style=\"font-weight: 400;\" aria-level=\"1\"><span style=\"font-weight: 400;\">Des incateurs pr\u00e9dictifs pour cr\u00e9er des segments intelligents<\/span><\/li><li style=\"font-weight: 400;\" aria-level=\"1\"><span style=\"font-weight: 400;\">Des exemples r\u00e9els de cr\u00e9ation segments d\u2019audience<\/span><\/li><li style=\"font-weight: 400;\" aria-level=\"1\"><span style=\"font-weight: 400;\">Des strat\u00e9gies de communication appliqu\u00e9es \u00e0 diff\u00e9rents secteurs<br \/><br \/><\/span><\/li><\/ul><p><b>Devenez un smarter marketer avec la segmentation intelligente !<\/b><\/p>\t\t\t\t\t\t\t\t<\/div>\n\t\t\t\t<\/div>\n\t\t\t\t<\/div>\n\t\t<div class=\"elementor-element elementor-element-8fb9587 e-con-full e-flex e-con e-child\" data-id=\"8fb9587\" data-element_type=\"container\" data-settings=\"{&quot;_ob_use_container_extras&quot;:&quot;no&quot;,&quot;_ob_column_hoveranimator&quot;:&quot;no&quot;,&quot;_ob_glider_is_slider&quot;:&quot;no&quot;,&quot;_ob_column_has_pseudo&quot;:&quot;no&quot;}\">\n\t\t\t\t<div class=\"elementor-element elementor-element-e6ff284 ob-has-background-overlay elementor-widget elementor-widget-html\" data-id=\"e6ff284\" data-element_type=\"widget\" data-settings=\"{&quot;_ob_widget_stalker_use&quot;:&quot;no&quot;,&quot;_ob_poopart_use&quot;:&quot;yes&quot;,&quot;_ob_shadough_use&quot;:&quot;no&quot;,&quot;_ob_allow_hoveranimator&quot;:&quot;no&quot;}\" data-widget_type=\"html.default\">\n\t\t\t\t\t<div class=\"cn-placeholder-pageform\"><\/div>\t\t\t\t<\/div>\n\t\t\t\t<\/div>\n\t\t\t\t\t<\/div>\n\t\t\t\t<\/div>\n\t\t\t\t<\/div>\n\t\t","protected":false},"excerpt":{"rendered":"<p>Optimisez votre marketing avec la segmentation intelligente<\/p>\n","protected":false},"author":12,"featured_media":97304,"parent":96254,"menu_order":0,"comment_status":"closed","ping_status":"closed","template":"","meta":{"_acf_changed":false,"footnotes":""},"categories":[203],"tags":[],"class_list":["post-93160","page","type-page","status-publish","has-post-thumbnail","hentry","category-ebook-fr"],"acf":[],"yoast_head":"<!-- This site is optimized with the Yoast SEO plugin v26.1.1 - https:\/\/yoast.com\/wordpress\/plugins\/seo\/ -->\n<title>Guide gratuit : Optimisez votre marketing avec la segmentation intelligente<\/title>\n<meta name=\"description\" content=\"Vous voulez am\u00e9liorer l&#039;impact de vos campagnes marketing ? T\u00e9l\u00e9chargez notre guide gratuit sur la segmentation intelligente et transformez vos r\u00e9sultats !\" \/>\n<meta name=\"robots\" content=\"index, follow, max-snippet:-1, max-image-preview:large, max-video-preview:-1\" \/>\n<link rel=\"canonical\" href=\"https:\/\/connectifai.chillypills.es\/fr\/ebooks\/optimisez-votre-marketing-avec-la-segmentation-intelligente\/\" \/>\n<meta property=\"og:locale\" content=\"fr_FR\" \/>\n<meta property=\"og:type\" content=\"article\" \/>\n<meta property=\"og:title\" content=\"Guide gratuit : Optimisez votre marketing avec la segmentation intelligente\" \/>\n<meta property=\"og:description\" content=\"Vous voulez am\u00e9liorer l&#039;impact de vos campagnes marketing ? T\u00e9l\u00e9chargez notre guide gratuit sur la segmentation intelligente et transformez vos r\u00e9sultats !\" \/>\n<meta property=\"og:url\" content=\"https:\/\/connectifai.chillypills.es\/fr\/ebooks\/optimisez-votre-marketing-avec-la-segmentation-intelligente\/\" \/>\n<meta property=\"og:site_name\" content=\"Connectif Marketing Automation\" \/>\n<meta property=\"article:modified_time\" content=\"2025-07-30T11:29:32+00:00\" \/>\n<meta property=\"og:image\" content=\"https:\/\/connectifai.chillypills.es\/wp-content\/uploads\/2025\/08\/Ebook_Connectif_Potencia-tu-marketing-con-segmentacion-inteligente.png\" \/>\n\t<meta property=\"og:image:width\" content=\"850\" \/>\n\t<meta property=\"og:image:height\" content=\"560\" \/>\n\t<meta property=\"og:image:type\" content=\"image\/png\" \/>\n<meta name=\"twitter:card\" content=\"summary_large_image\" \/>\n<script type=\"application\/ld+json\" class=\"yoast-schema-graph\">{\"@context\":\"https:\/\/schema.org\",\"@graph\":[{\"@type\":\"WebPage\",\"@id\":\"https:\/\/connectifai.chillypills.es\/fr\/ebooks\/optimisez-votre-marketing-avec-la-segmentation-intelligente\/\",\"url\":\"https:\/\/connectifai.chillypills.es\/fr\/ebooks\/optimisez-votre-marketing-avec-la-segmentation-intelligente\/\",\"name\":\"Guide gratuit : Optimisez votre marketing avec la segmentation intelligente\",\"isPartOf\":{\"@id\":\"https:\/\/connectifai.chillypills.es\/fr\/#website\"},\"primaryImageOfPage\":{\"@id\":\"https:\/\/connectifai.chillypills.es\/fr\/ebooks\/optimisez-votre-marketing-avec-la-segmentation-intelligente\/#primaryimage\"},\"image\":{\"@id\":\"https:\/\/connectifai.chillypills.es\/fr\/ebooks\/optimisez-votre-marketing-avec-la-segmentation-intelligente\/#primaryimage\"},\"thumbnailUrl\":\"https:\/\/connectifai.chillypills.es\/wp-content\/uploads\/2025\/08\/Ebook_Connectif_Potencia-tu-marketing-con-segmentacion-inteligente.png\",\"datePublished\":\"2025-03-25T15:14:17+00:00\",\"dateModified\":\"2025-07-30T11:29:32+00:00\",\"description\":\"Vous voulez am\u00e9liorer l'impact de vos campagnes marketing ? T\u00e9l\u00e9chargez notre guide gratuit sur la segmentation intelligente et transformez vos r\u00e9sultats !\",\"breadcrumb\":{\"@id\":\"https:\/\/connectifai.chillypills.es\/fr\/ebooks\/optimisez-votre-marketing-avec-la-segmentation-intelligente\/#breadcrumb\"},\"inLanguage\":\"fr-FR\",\"potentialAction\":[{\"@type\":\"ReadAction\",\"target\":[\"https:\/\/connectifai.chillypills.es\/fr\/ebooks\/optimisez-votre-marketing-avec-la-segmentation-intelligente\/\"]}]},{\"@type\":\"ImageObject\",\"inLanguage\":\"fr-FR\",\"@id\":\"https:\/\/connectifai.chillypills.es\/fr\/ebooks\/optimisez-votre-marketing-avec-la-segmentation-intelligente\/#primaryimage\",\"url\":\"https:\/\/connectifai.chillypills.es\/wp-content\/uploads\/2025\/08\/Ebook_Connectif_Potencia-tu-marketing-con-segmentacion-inteligente.png\",\"contentUrl\":\"https:\/\/connectifai.chillypills.es\/wp-content\/uploads\/2025\/08\/Ebook_Connectif_Potencia-tu-marketing-con-segmentacion-inteligente.png\",\"width\":850,\"height\":560},{\"@type\":\"BreadcrumbList\",\"@id\":\"https:\/\/connectifai.chillypills.es\/fr\/ebooks\/optimisez-votre-marketing-avec-la-segmentation-intelligente\/#breadcrumb\",\"itemListElement\":[{\"@type\":\"ListItem\",\"position\":1,\"name\":\"Portada\",\"item\":\"https:\/\/connectifai.chillypills.es\/fr\/\"},{\"@type\":\"ListItem\",\"position\":2,\"name\":\"eBooks\",\"item\":\"https:\/\/connectifai.chillypills.es\/fr\/ebooks\/\"},{\"@type\":\"ListItem\",\"position\":3,\"name\":\"Optimisez votre marketing avec la segmentation intelligente\"}]},{\"@type\":\"WebSite\",\"@id\":\"https:\/\/connectifai.chillypills.es\/fr\/#website\",\"url\":\"https:\/\/connectifai.chillypills.es\/fr\/\",\"name\":\"Connectif Marketing Automation\",\"description\":\"Marketing Automation Software Connectif te permite crear experiencias de compra hiperpersonalizada a tus clientes de forma r\u00e1pida y visual\",\"publisher\":{\"@id\":\"https:\/\/connectifai.chillypills.es\/fr\/#organization\"},\"potentialAction\":[{\"@type\":\"SearchAction\",\"target\":{\"@type\":\"EntryPoint\",\"urlTemplate\":\"https:\/\/connectifai.chillypills.es\/fr\/?s={search_term_string}\"},\"query-input\":{\"@type\":\"PropertyValueSpecification\",\"valueRequired\":true,\"valueName\":\"search_term_string\"}}],\"inLanguage\":\"fr-FR\"},{\"@type\":\"Organization\",\"@id\":\"https:\/\/connectifai.chillypills.es\/fr\/#organization\",\"name\":\"Connectif Marketing Automation\",\"url\":\"https:\/\/connectifai.chillypills.es\/fr\/\",\"logo\":{\"@type\":\"ImageObject\",\"inLanguage\":\"fr-FR\",\"@id\":\"https:\/\/connectifai.chillypills.es\/fr\/#\/schema\/logo\/image\/\",\"url\":\"https:\/\/connectifai.chillypills.es\/wp-content\/uploads\/2023\/02\/Logo-Connectif-web.svg\",\"contentUrl\":\"https:\/\/connectifai.chillypills.es\/wp-content\/uploads\/2023\/02\/Logo-Connectif-web.svg\",\"width\":506,\"height\":46,\"caption\":\"Connectif Marketing Automation\"},\"image\":{\"@id\":\"https:\/\/connectifai.chillypills.es\/fr\/#\/schema\/logo\/image\/\"}}]}<\/script>\n<!-- \/ Yoast SEO plugin. -->","yoast_head_json":{"title":"Guide gratuit : Optimisez votre marketing avec la segmentation intelligente","description":"Vous voulez am\u00e9liorer l'impact de vos campagnes marketing ? T\u00e9l\u00e9chargez notre guide gratuit sur la segmentation intelligente et transformez vos r\u00e9sultats !","robots":{"index":"index","follow":"follow","max-snippet":"max-snippet:-1","max-image-preview":"max-image-preview:large","max-video-preview":"max-video-preview:-1"},"canonical":"https:\/\/connectifai.chillypills.es\/fr\/ebooks\/optimisez-votre-marketing-avec-la-segmentation-intelligente\/","og_locale":"fr_FR","og_type":"article","og_title":"Guide gratuit : Optimisez votre marketing avec la segmentation intelligente","og_description":"Vous voulez am\u00e9liorer l'impact de vos campagnes marketing ? T\u00e9l\u00e9chargez notre guide gratuit sur la segmentation intelligente et transformez vos r\u00e9sultats !","og_url":"https:\/\/connectifai.chillypills.es\/fr\/ebooks\/optimisez-votre-marketing-avec-la-segmentation-intelligente\/","og_site_name":"Connectif Marketing Automation","article_modified_time":"2025-07-30T11:29:32+00:00","og_image":[{"width":850,"height":560,"url":"https:\/\/connectifai.chillypills.es\/wp-content\/uploads\/2025\/08\/Ebook_Connectif_Potencia-tu-marketing-con-segmentacion-inteligente.png","type":"image\/png"}],"twitter_card":"summary_large_image","schema":{"@context":"https:\/\/schema.org","@graph":[{"@type":"WebPage","@id":"https:\/\/connectifai.chillypills.es\/fr\/ebooks\/optimisez-votre-marketing-avec-la-segmentation-intelligente\/","url":"https:\/\/connectifai.chillypills.es\/fr\/ebooks\/optimisez-votre-marketing-avec-la-segmentation-intelligente\/","name":"Guide gratuit : Optimisez votre marketing avec la segmentation intelligente","isPartOf":{"@id":"https:\/\/connectifai.chillypills.es\/fr\/#website"},"primaryImageOfPage":{"@id":"https:\/\/connectifai.chillypills.es\/fr\/ebooks\/optimisez-votre-marketing-avec-la-segmentation-intelligente\/#primaryimage"},"image":{"@id":"https:\/\/connectifai.chillypills.es\/fr\/ebooks\/optimisez-votre-marketing-avec-la-segmentation-intelligente\/#primaryimage"},"thumbnailUrl":"https:\/\/connectifai.chillypills.es\/wp-content\/uploads\/2025\/08\/Ebook_Connectif_Potencia-tu-marketing-con-segmentacion-inteligente.png","datePublished":"2025-03-25T15:14:17+00:00","dateModified":"2025-07-30T11:29:32+00:00","description":"Vous voulez am\u00e9liorer l'impact de vos campagnes marketing ? T\u00e9l\u00e9chargez notre guide gratuit sur la segmentation intelligente et transformez vos r\u00e9sultats !","breadcrumb":{"@id":"https:\/\/connectifai.chillypills.es\/fr\/ebooks\/optimisez-votre-marketing-avec-la-segmentation-intelligente\/#breadcrumb"},"inLanguage":"fr-FR","potentialAction":[{"@type":"ReadAction","target":["https:\/\/connectifai.chillypills.es\/fr\/ebooks\/optimisez-votre-marketing-avec-la-segmentation-intelligente\/"]}]},{"@type":"ImageObject","inLanguage":"fr-FR","@id":"https:\/\/connectifai.chillypills.es\/fr\/ebooks\/optimisez-votre-marketing-avec-la-segmentation-intelligente\/#primaryimage","url":"https:\/\/connectifai.chillypills.es\/wp-content\/uploads\/2025\/08\/Ebook_Connectif_Potencia-tu-marketing-con-segmentacion-inteligente.png","contentUrl":"https:\/\/connectifai.chillypills.es\/wp-content\/uploads\/2025\/08\/Ebook_Connectif_Potencia-tu-marketing-con-segmentacion-inteligente.png","width":850,"height":560},{"@type":"BreadcrumbList","@id":"https:\/\/connectifai.chillypills.es\/fr\/ebooks\/optimisez-votre-marketing-avec-la-segmentation-intelligente\/#breadcrumb","itemListElement":[{"@type":"ListItem","position":1,"name":"Portada","item":"https:\/\/connectifai.chillypills.es\/fr\/"},{"@type":"ListItem","position":2,"name":"eBooks","item":"https:\/\/connectifai.chillypills.es\/fr\/ebooks\/"},{"@type":"ListItem","position":3,"name":"Optimisez votre marketing avec la segmentation intelligente"}]},{"@type":"WebSite","@id":"https:\/\/connectifai.chillypills.es\/fr\/#website","url":"https:\/\/connectifai.chillypills.es\/fr\/","name":"Connectif Marketing Automation","description":"Marketing Automation Software Connectif te permite crear experiencias de compra hiperpersonalizada a tus clientes de forma r\u00e1pida y visual","publisher":{"@id":"https:\/\/connectifai.chillypills.es\/fr\/#organization"},"potentialAction":[{"@type":"SearchAction","target":{"@type":"EntryPoint","urlTemplate":"https:\/\/connectifai.chillypills.es\/fr\/?s={search_term_string}"},"query-input":{"@type":"PropertyValueSpecification","valueRequired":true,"valueName":"search_term_string"}}],"inLanguage":"fr-FR"},{"@type":"Organization","@id":"https:\/\/connectifai.chillypills.es\/fr\/#organization","name":"Connectif Marketing Automation","url":"https:\/\/connectifai.chillypills.es\/fr\/","logo":{"@type":"ImageObject","inLanguage":"fr-FR","@id":"https:\/\/connectifai.chillypills.es\/fr\/#\/schema\/logo\/image\/","url":"https:\/\/connectifai.chillypills.es\/wp-content\/uploads\/2023\/02\/Logo-Connectif-web.svg","contentUrl":"https:\/\/connectifai.chillypills.es\/wp-content\/uploads\/2023\/02\/Logo-Connectif-web.svg","width":506,"height":46,"caption":"Connectif Marketing Automation"},"image":{"@id":"https:\/\/connectifai.chillypills.es\/fr\/#\/schema\/logo\/image\/"}}]}},"_links":{"self":[{"href":"https:\/\/connectifai.chillypills.es\/fr\/wp-json\/wp\/v2\/pages\/93160","targetHints":{"allow":["GET"]}}],"collection":[{"href":"https:\/\/connectifai.chillypills.es\/fr\/wp-json\/wp\/v2\/pages"}],"about":[{"href":"https:\/\/connectifai.chillypills.es\/fr\/wp-json\/wp\/v2\/types\/page"}],"author":[{"embeddable":true,"href":"https:\/\/connectifai.chillypills.es\/fr\/wp-json\/wp\/v2\/users\/12"}],"replies":[{"embeddable":true,"href":"https:\/\/connectifai.chillypills.es\/fr\/wp-json\/wp\/v2\/comments?post=93160"}],"version-history":[{"count":0,"href":"https:\/\/connectifai.chillypills.es\/fr\/wp-json\/wp\/v2\/pages\/93160\/revisions"}],"up":[{"embeddable":true,"href":"https:\/\/connectifai.chillypills.es\/fr\/wp-json\/wp\/v2\/pages\/96254"}],"wp:featuredmedia":[{"embeddable":true,"href":"https:\/\/connectifai.chillypills.es\/fr\/wp-json\/wp\/v2\/media\/97304"}],"wp:attachment":[{"href":"https:\/\/connectifai.chillypills.es\/fr\/wp-json\/wp\/v2\/media?parent=93160"}],"wp:term":[{"taxonomy":"category","embeddable":true,"href":"https:\/\/connectifai.chillypills.es\/fr\/wp-json\/wp\/v2\/categories?post=93160"},{"taxonomy":"post_tag","embeddable":true,"href":"https:\/\/connectifai.chillypills.es\/fr\/wp-json\/wp\/v2\/tags?post=93160"}],"curies":[{"name":"wp","href":"https:\/\/api.w.org\/{rel}","templated":true}]}}