{"id":81150,"date":"2023-12-18T10:09:04","date_gmt":"2023-12-18T09:09:04","guid":{"rendered":"https:\/\/connectifai.chillypills.es\/?page_id=81150"},"modified":"2025-08-06T15:22:08","modified_gmt":"2025-08-06T14:22:08","slug":"10-strategies-dautomatisation-marketing","status":"publish","type":"page","link":"https:\/\/connectifai.chillypills.es\/fr\/ebooks\/10-strategies-dautomatisation-marketing\/","title":{"rendered":"Top 10 strat\u00e9gies d&rsquo;automatisation marketing pour augmenter la conversion"},"content":{"rendered":"\t\t<div data-elementor-type=\"wp-page\" data-elementor-id=\"81150\" class=\"elementor elementor-81150 elementor-81112\" data-elementor-post-type=\"page\">\n\t\t\t\t<div class=\"elementor-element elementor-element-8cd495c e-flex e-con-boxed e-con e-parent\" data-id=\"8cd495c\" data-element_type=\"container\" data-settings=\"{&quot;_ob_use_container_extras&quot;:&quot;no&quot;,&quot;_ob_column_hoveranimator&quot;:&quot;no&quot;,&quot;_ob_glider_is_slider&quot;:&quot;no&quot;,&quot;_ob_column_has_pseudo&quot;:&quot;no&quot;}\">\n\t\t\t\t\t<div class=\"e-con-inner\">\n\t\t<div class=\"elementor-element elementor-element-e0fe84a e-con-full e-flex e-con e-parent\" data-id=\"e0fe84a\" data-element_type=\"container\" data-settings=\"{&quot;_ob_use_container_extras&quot;:&quot;no&quot;,&quot;_ob_column_hoveranimator&quot;:&quot;no&quot;,&quot;_ob_glider_is_slider&quot;:&quot;no&quot;,&quot;_ob_column_has_pseudo&quot;:&quot;no&quot;}\">\n\t\t\t\t<div class=\"elementor-element elementor-element-b9b901a ob-harakiri-inherit ob-has-background-overlay elementor-widget elementor-widget-heading\" data-id=\"b9b901a\" data-element_type=\"widget\" data-settings=\"{&quot;_ob_use_harakiri&quot;:&quot;yes&quot;,&quot;_ob_harakiri_writing_mode&quot;:&quot;inherit&quot;,&quot;_ob_harakiri_text_clip&quot;:&quot;none&quot;,&quot;_ob_widget_stalker_use&quot;:&quot;no&quot;,&quot;_ob_poopart_use&quot;:&quot;yes&quot;,&quot;_ob_shadough_use&quot;:&quot;no&quot;,&quot;_ob_allow_hoveranimator&quot;:&quot;no&quot;}\" data-widget_type=\"heading.default\">\n\t\t\t\t\t<h2 class=\"elementor-heading-title elementor-size-default\">Top 10 strat\u00e9gies d'automatisation marketing pour augmenter la conversion<\/h2>\t\t\t\t<\/div>\n\t\t\t\t<div class=\"elementor-element elementor-element-eefc456 elementor-hidden-widescreen elementor-hidden-desktop elementor-hidden-tablet elementor-hidden-mobile ob-harakiri-inherit ob-has-background-overlay elementor-widget elementor-widget-text-editor\" data-id=\"eefc456\" data-element_type=\"widget\" data-settings=\"{&quot;_ob_use_harakiri&quot;:&quot;yes&quot;,&quot;_ob_harakiri_writing_mode&quot;:&quot;inherit&quot;,&quot;_ob_postman_use&quot;:&quot;no&quot;,&quot;_ob_widget_stalker_use&quot;:&quot;no&quot;,&quot;_ob_poopart_use&quot;:&quot;yes&quot;,&quot;_ob_shadough_use&quot;:&quot;no&quot;,&quot;_ob_allow_hoveranimator&quot;:&quot;no&quot;}\" data-widget_type=\"text-editor.default\">\n\t\t\t\t\t\t\t\t\t<p><strong>\u00a1Convi\u00e9rtete en un superh\u00e9roe del marketing!<\/strong><\/p>\t\t\t\t\t\t\t\t<\/div>\n\t\t\t\t<div class=\"elementor-element elementor-element-00533aa ob-harakiri-inherit ob-has-background-overlay elementor-widget elementor-widget-text-editor\" data-id=\"00533aa\" data-element_type=\"widget\" data-settings=\"{&quot;_ob_use_harakiri&quot;:&quot;yes&quot;,&quot;_ob_harakiri_writing_mode&quot;:&quot;inherit&quot;,&quot;_ob_postman_use&quot;:&quot;no&quot;,&quot;_ob_widget_stalker_use&quot;:&quot;no&quot;,&quot;_ob_poopart_use&quot;:&quot;yes&quot;,&quot;_ob_shadough_use&quot;:&quot;no&quot;,&quot;_ob_allow_hoveranimator&quot;:&quot;no&quot;}\" data-widget_type=\"text-editor.default\">\n\t\t\t\t\t\t\t\t\t<p>T\u00e9l\u00e9chargez notre PDF gratuitement et d\u00e9couvrez les 10 meilleures strat\u00e9gies d&rsquo;automatisation marketing de 2023 mises en \u0153uvre par nos clients. Plus de 1 800 entreprises de commerce \u00e9lectronique nous font confiance. Et vous ? Boostez vos ventes eCommerce !<\/p>\t\t\t\t\t\t\t\t<\/div>\n\t\t\t\t<div class=\"elementor-element elementor-element-59f3b36 elementor-align-left c-button c-button-dt__primary ob-has-background-overlay elementor-widget elementor-widget-button\" data-id=\"59f3b36\" data-element_type=\"widget\" data-settings=\"{&quot;_ob_butterbutton_use_it&quot;:&quot;no&quot;,&quot;_ob_widget_stalker_use&quot;:&quot;no&quot;,&quot;_ob_poopart_use&quot;:&quot;yes&quot;,&quot;_ob_shadough_use&quot;:&quot;no&quot;,&quot;_ob_allow_hoveranimator&quot;:&quot;no&quot;}\" data-widget_type=\"button.default\">\n\t\t\t\t\t\t\t\t\t\t<a class=\"elementor-button elementor-button-link elementor-size-md\" href=\"#download-form\">\n\t\t\t\t\t\t<span class=\"elementor-button-content-wrapper\">\n\t\t\t\t\t\t\t\t\t<span class=\"elementor-button-text\">T\u00e9l\u00e9chargez maintenant<\/span>\n\t\t\t\t\t<\/span>\n\t\t\t\t\t<\/a>\n\t\t\t\t\t\t\t\t<\/div>\n\t\t\t\t<\/div>\n\t\t<div class=\"elementor-element elementor-element-3ee33cc e-con-full e-flex e-con e-parent\" data-id=\"3ee33cc\" data-element_type=\"container\" data-settings=\"{&quot;background_background&quot;:&quot;classic&quot;,&quot;_ob_use_container_extras&quot;:&quot;no&quot;,&quot;_ob_column_hoveranimator&quot;:&quot;no&quot;,&quot;_ob_glider_is_slider&quot;:&quot;no&quot;,&quot;_ob_column_has_pseudo&quot;:&quot;no&quot;}\">\n\t\t\t\t<\/div>\n\t\t\t\t\t<\/div>\n\t\t\t\t<\/div>\n\t\t<div class=\"elementor-element elementor-element-465083d e-grid e-con-boxed e-con e-parent\" data-id=\"465083d\" data-element_type=\"container\" data-settings=\"{&quot;_ob_use_container_extras&quot;:&quot;no&quot;,&quot;_ob_column_hoveranimator&quot;:&quot;no&quot;,&quot;_ob_glider_is_slider&quot;:&quot;no&quot;,&quot;_ob_column_has_pseudo&quot;:&quot;no&quot;}\">\n\t\t\t\t\t<div class=\"e-con-inner\">\n\t\t<div class=\"elementor-element elementor-element-cd9af0a e-con-full e-flex e-con e-parent\" data-id=\"cd9af0a\" data-element_type=\"container\" data-settings=\"{&quot;_ob_use_container_extras&quot;:&quot;no&quot;,&quot;_ob_column_hoveranimator&quot;:&quot;no&quot;,&quot;_ob_glider_is_slider&quot;:&quot;no&quot;,&quot;_ob_column_has_pseudo&quot;:&quot;no&quot;}\">\n\t\t<div class=\"elementor-element elementor-element-b3d08e7 e-con-full e-flex e-con e-parent\" data-id=\"b3d08e7\" data-element_type=\"container\" data-settings=\"{&quot;_ob_use_container_extras&quot;:&quot;no&quot;,&quot;_ob_column_hoveranimator&quot;:&quot;no&quot;,&quot;_ob_glider_is_slider&quot;:&quot;no&quot;,&quot;_ob_column_has_pseudo&quot;:&quot;no&quot;}\">\n\t\t\t\t<div class=\"elementor-element elementor-element-e7a5a13 ob-harakiri-inherit ob-has-background-overlay elementor-widget elementor-widget-heading\" data-id=\"e7a5a13\" data-element_type=\"widget\" data-settings=\"{&quot;_ob_use_harakiri&quot;:&quot;yes&quot;,&quot;_ob_harakiri_writing_mode&quot;:&quot;inherit&quot;,&quot;_ob_harakiri_text_clip&quot;:&quot;none&quot;,&quot;_ob_widget_stalker_use&quot;:&quot;no&quot;,&quot;_ob_poopart_use&quot;:&quot;yes&quot;,&quot;_ob_shadough_use&quot;:&quot;no&quot;,&quot;_ob_allow_hoveranimator&quot;:&quot;no&quot;}\" data-widget_type=\"heading.default\">\n\t\t\t\t\t<h3 class=\"elementor-heading-title elementor-size-default\">Qu'est-ce que vous trouverez dans le PDF ?<\/h3>\t\t\t\t<\/div>\n\t\t\t\t<div class=\"elementor-element elementor-element-e86cb97 u-list-square u-list-square__blue ob-harakiri-inherit ob-has-background-overlay elementor-widget elementor-widget-text-editor\" data-id=\"e86cb97\" data-element_type=\"widget\" data-settings=\"{&quot;_ob_use_harakiri&quot;:&quot;yes&quot;,&quot;_ob_harakiri_writing_mode&quot;:&quot;inherit&quot;,&quot;_ob_postman_use&quot;:&quot;no&quot;,&quot;_ob_widget_stalker_use&quot;:&quot;no&quot;,&quot;_ob_poopart_use&quot;:&quot;yes&quot;,&quot;_ob_shadough_use&quot;:&quot;no&quot;,&quot;_ob_allow_hoveranimator&quot;:&quot;no&quot;}\" data-widget_type=\"text-editor.default\">\n\t\t\t\t\t\t\t\t\t<ul><li style=\"text-align: left;\">10 strat\u00e9gies r\u00e9elles mises en \u0153uvre par nos clients pour transformer leur eCommerce.<\/li><li style=\"text-align: left;\">Des cas d&rsquo;utilisation pratiques qui abordent les probl\u00e8mes les plus courants des boutiques en ligne.<\/li><li style=\"text-align: left;\">Des workflows strat\u00e9giques utilis\u00e9s pour maximiser les ventes tout au long de 2023.<br \/><br \/><\/li><\/ul><p><strong>T\u00e9l\u00e9chargez maintenant le PDF GRATUIT !<\/strong><\/p>\t\t\t\t\t\t\t\t<\/div>\n\t\t\t\t<\/div>\n\t\t\t\t<\/div>\n\t\t<div class=\"elementor-element elementor-element-913db13 e-con-full e-flex e-con e-parent\" data-id=\"913db13\" data-element_type=\"container\" data-settings=\"{&quot;_ob_use_container_extras&quot;:&quot;no&quot;,&quot;_ob_column_hoveranimator&quot;:&quot;no&quot;,&quot;_ob_glider_is_slider&quot;:&quot;no&quot;,&quot;_ob_column_has_pseudo&quot;:&quot;no&quot;}\">\n\t\t\t\t<div class=\"elementor-element elementor-element-67fc223 ob-has-background-overlay elementor-widget elementor-widget-html\" data-id=\"67fc223\" data-element_type=\"widget\" data-settings=\"{&quot;_ob_widget_stalker_use&quot;:&quot;no&quot;,&quot;_ob_poopart_use&quot;:&quot;yes&quot;,&quot;_ob_shadough_use&quot;:&quot;no&quot;,&quot;_ob_allow_hoveranimator&quot;:&quot;no&quot;}\" data-widget_type=\"html.default\">\n\t\t\t\t\t<div id=\"download-form\" class=\"cn-placeholder-pageform\"><\/div>\t\t\t\t<\/div>\n\t\t\t\t<\/div>\n\t\t\t\t\t<\/div>\n\t\t\t\t<\/div>\n\t\t\t\t<\/div>\n\t\t","protected":false},"excerpt":{"rendered":"<p>Top 10 strat\u00e9gies d&rsquo;automatisation marketing pour augmenter la conversion<\/p>\n","protected":false},"author":3,"featured_media":97371,"parent":0,"menu_order":0,"comment_status":"closed","ping_status":"closed","template":"","meta":{"_acf_changed":false,"footnotes":""},"categories":[203],"tags":[],"class_list":["post-81150","page","type-page","status-publish","has-post-thumbnail","hentry","category-ebook-fr"],"acf":[],"yoast_head":"<!-- This site is optimized with the Yoast SEO plugin v26.1.1 - https:\/\/yoast.com\/wordpress\/plugins\/seo\/ -->\n<title>Top 10 strat\u00e9gies d&#039;automatisation marketing pour augmenter la conversion - Connectif Marketing Automation<\/title>\n<meta name=\"description\" content=\"1. Augmenter les ventes avec des notifications push personnalis\u00e9es 2. Maximisez les conversions avec une roue de r\u00e9compenses 3. Augmentez les ventes avec des recommandations hebdomadaires de produits\" \/>\n<meta name=\"robots\" content=\"index, follow, max-snippet:-1, max-image-preview:large, max-video-preview:-1\" \/>\n<link rel=\"canonical\" href=\"https:\/\/connectifai.chillypills.es\/fr\/ebooks\/10-strategies-dautomatisation-marketing\/\" \/>\n<meta property=\"og:locale\" content=\"fr_FR\" \/>\n<meta property=\"og:type\" content=\"article\" \/>\n<meta property=\"og:title\" content=\"Top 10 strat\u00e9gies d&#039;automatisation marketing pour augmenter la conversion : id\u00e9es des clients de Connectif en 2023\" \/>\n<meta property=\"og:description\" content=\"T\u00e9l\u00e9chargez notre PDF gratuitement et d\u00e9couvrez les 10 meilleures strat\u00e9gies d&#039;automatisation marketing de 2023 mises en \u0153uvre par nos clients.\" \/>\n<meta property=\"og:url\" content=\"https:\/\/connectifai.chillypills.es\/fr\/ebooks\/10-strategies-dautomatisation-marketing\/\" \/>\n<meta property=\"og:site_name\" content=\"Connectif Marketing Automation\" \/>\n<meta property=\"article:modified_time\" content=\"2025-08-06T14:22:08+00:00\" \/>\n<meta property=\"og:image\" content=\"https:\/\/connectifai.chillypills.es\/wp-content\/uploads\/2024\/01\/FR-BLOG.png\" \/>\n\t<meta property=\"og:image:width\" content=\"768\" \/>\n\t<meta property=\"og:image:height\" content=\"513\" \/>\n\t<meta property=\"og:image:type\" content=\"image\/png\" \/>\n<meta name=\"twitter:card\" content=\"summary_large_image\" \/>\n<meta name=\"twitter:label1\" content=\"Dur\u00e9e de lecture estim\u00e9e\" \/>\n\t<meta name=\"twitter:data1\" content=\"1 minute\" \/>\n<script type=\"application\/ld+json\" class=\"yoast-schema-graph\">{\"@context\":\"https:\/\/schema.org\",\"@graph\":[{\"@type\":\"WebPage\",\"@id\":\"https:\/\/connectifai.chillypills.es\/fr\/ebooks\/10-strategies-dautomatisation-marketing\/\",\"url\":\"https:\/\/connectifai.chillypills.es\/fr\/ebooks\/10-strategies-dautomatisation-marketing\/\",\"name\":\"Top 10 strat\u00e9gies d'automatisation marketing pour augmenter la conversion - Connectif Marketing Automation\",\"isPartOf\":{\"@id\":\"https:\/\/connectifai.chillypills.es\/fr\/#website\"},\"primaryImageOfPage\":{\"@id\":\"https:\/\/connectifai.chillypills.es\/fr\/ebooks\/10-strategies-dautomatisation-marketing\/#primaryimage\"},\"image\":{\"@id\":\"https:\/\/connectifai.chillypills.es\/fr\/ebooks\/10-strategies-dautomatisation-marketing\/#primaryimage\"},\"thumbnailUrl\":\"https:\/\/connectifai.chillypills.es\/wp-content\/uploads\/2025\/08\/Ebook_Connectif_Top-10-estrategias-de-marketing-automation-para-aumentar-la-conversion-1.png\",\"datePublished\":\"2023-12-18T09:09:04+00:00\",\"dateModified\":\"2025-08-06T14:22:08+00:00\",\"description\":\"1. Augmenter les ventes avec des notifications push personnalis\u00e9es 2. Maximisez les conversions avec une roue de r\u00e9compenses 3. Augmentez les ventes avec des recommandations hebdomadaires de produits\",\"breadcrumb\":{\"@id\":\"https:\/\/connectifai.chillypills.es\/fr\/ebooks\/10-strategies-dautomatisation-marketing\/#breadcrumb\"},\"inLanguage\":\"fr-FR\",\"potentialAction\":[{\"@type\":\"ReadAction\",\"target\":[\"https:\/\/connectifai.chillypills.es\/fr\/ebooks\/10-strategies-dautomatisation-marketing\/\"]}]},{\"@type\":\"ImageObject\",\"inLanguage\":\"fr-FR\",\"@id\":\"https:\/\/connectifai.chillypills.es\/fr\/ebooks\/10-strategies-dautomatisation-marketing\/#primaryimage\",\"url\":\"https:\/\/connectifai.chillypills.es\/wp-content\/uploads\/2025\/08\/Ebook_Connectif_Top-10-estrategias-de-marketing-automation-para-aumentar-la-conversion-1.png\",\"contentUrl\":\"https:\/\/connectifai.chillypills.es\/wp-content\/uploads\/2025\/08\/Ebook_Connectif_Top-10-estrategias-de-marketing-automation-para-aumentar-la-conversion-1.png\",\"width\":850,\"height\":560},{\"@type\":\"BreadcrumbList\",\"@id\":\"https:\/\/connectifai.chillypills.es\/fr\/ebooks\/10-strategies-dautomatisation-marketing\/#breadcrumb\",\"itemListElement\":[{\"@type\":\"ListItem\",\"position\":1,\"name\":\"Portada\",\"item\":\"https:\/\/connectifai.chillypills.es\/fr\/\"},{\"@type\":\"ListItem\",\"position\":2,\"name\":\"Top 10 strat\u00e9gies d&rsquo;automatisation marketing pour augmenter la conversion\"}]},{\"@type\":\"WebSite\",\"@id\":\"https:\/\/connectifai.chillypills.es\/fr\/#website\",\"url\":\"https:\/\/connectifai.chillypills.es\/fr\/\",\"name\":\"Connectif Marketing Automation\",\"description\":\"Marketing Automation Software Connectif te permite crear experiencias de compra hiperpersonalizada a tus clientes de forma r\u00e1pida y visual\",\"publisher\":{\"@id\":\"https:\/\/connectifai.chillypills.es\/fr\/#organization\"},\"potentialAction\":[{\"@type\":\"SearchAction\",\"target\":{\"@type\":\"EntryPoint\",\"urlTemplate\":\"https:\/\/connectifai.chillypills.es\/fr\/?s={search_term_string}\"},\"query-input\":{\"@type\":\"PropertyValueSpecification\",\"valueRequired\":true,\"valueName\":\"search_term_string\"}}],\"inLanguage\":\"fr-FR\"},{\"@type\":\"Organization\",\"@id\":\"https:\/\/connectifai.chillypills.es\/fr\/#organization\",\"name\":\"Connectif Marketing Automation\",\"url\":\"https:\/\/connectifai.chillypills.es\/fr\/\",\"logo\":{\"@type\":\"ImageObject\",\"inLanguage\":\"fr-FR\",\"@id\":\"https:\/\/connectifai.chillypills.es\/fr\/#\/schema\/logo\/image\/\",\"url\":\"https:\/\/connectifai.chillypills.es\/wp-content\/uploads\/2023\/02\/Logo-Connectif-web.svg\",\"contentUrl\":\"https:\/\/connectifai.chillypills.es\/wp-content\/uploads\/2023\/02\/Logo-Connectif-web.svg\",\"width\":506,\"height\":46,\"caption\":\"Connectif Marketing Automation\"},\"image\":{\"@id\":\"https:\/\/connectifai.chillypills.es\/fr\/#\/schema\/logo\/image\/\"}}]}<\/script>\n<!-- \/ Yoast SEO plugin. -->","yoast_head_json":{"title":"Top 10 strat\u00e9gies d'automatisation marketing pour augmenter la conversion - Connectif Marketing Automation","description":"1. Augmenter les ventes avec des notifications push personnalis\u00e9es 2. Maximisez les conversions avec une roue de r\u00e9compenses 3. Augmentez les ventes avec des recommandations hebdomadaires de produits","robots":{"index":"index","follow":"follow","max-snippet":"max-snippet:-1","max-image-preview":"max-image-preview:large","max-video-preview":"max-video-preview:-1"},"canonical":"https:\/\/connectifai.chillypills.es\/fr\/ebooks\/10-strategies-dautomatisation-marketing\/","og_locale":"fr_FR","og_type":"article","og_title":"Top 10 strat\u00e9gies d'automatisation marketing pour augmenter la conversion : id\u00e9es des clients de Connectif en 2023","og_description":"T\u00e9l\u00e9chargez notre PDF gratuitement et d\u00e9couvrez les 10 meilleures strat\u00e9gies d'automatisation marketing de 2023 mises en \u0153uvre par nos clients.","og_url":"https:\/\/connectifai.chillypills.es\/fr\/ebooks\/10-strategies-dautomatisation-marketing\/","og_site_name":"Connectif Marketing Automation","article_modified_time":"2025-08-06T14:22:08+00:00","og_image":[{"width":768,"height":513,"url":"https:\/\/connectifai.chillypills.es\/wp-content\/uploads\/2024\/01\/FR-BLOG.png","type":"image\/png"}],"twitter_card":"summary_large_image","twitter_misc":{"Dur\u00e9e de lecture estim\u00e9e":"1 minute"},"schema":{"@context":"https:\/\/schema.org","@graph":[{"@type":"WebPage","@id":"https:\/\/connectifai.chillypills.es\/fr\/ebooks\/10-strategies-dautomatisation-marketing\/","url":"https:\/\/connectifai.chillypills.es\/fr\/ebooks\/10-strategies-dautomatisation-marketing\/","name":"Top 10 strat\u00e9gies d'automatisation marketing pour augmenter la conversion - Connectif Marketing Automation","isPartOf":{"@id":"https:\/\/connectifai.chillypills.es\/fr\/#website"},"primaryImageOfPage":{"@id":"https:\/\/connectifai.chillypills.es\/fr\/ebooks\/10-strategies-dautomatisation-marketing\/#primaryimage"},"image":{"@id":"https:\/\/connectifai.chillypills.es\/fr\/ebooks\/10-strategies-dautomatisation-marketing\/#primaryimage"},"thumbnailUrl":"https:\/\/connectifai.chillypills.es\/wp-content\/uploads\/2025\/08\/Ebook_Connectif_Top-10-estrategias-de-marketing-automation-para-aumentar-la-conversion-1.png","datePublished":"2023-12-18T09:09:04+00:00","dateModified":"2025-08-06T14:22:08+00:00","description":"1. Augmenter les ventes avec des notifications push personnalis\u00e9es 2. Maximisez les conversions avec une roue de r\u00e9compenses 3. Augmentez les ventes avec des recommandations hebdomadaires de produits","breadcrumb":{"@id":"https:\/\/connectifai.chillypills.es\/fr\/ebooks\/10-strategies-dautomatisation-marketing\/#breadcrumb"},"inLanguage":"fr-FR","potentialAction":[{"@type":"ReadAction","target":["https:\/\/connectifai.chillypills.es\/fr\/ebooks\/10-strategies-dautomatisation-marketing\/"]}]},{"@type":"ImageObject","inLanguage":"fr-FR","@id":"https:\/\/connectifai.chillypills.es\/fr\/ebooks\/10-strategies-dautomatisation-marketing\/#primaryimage","url":"https:\/\/connectifai.chillypills.es\/wp-content\/uploads\/2025\/08\/Ebook_Connectif_Top-10-estrategias-de-marketing-automation-para-aumentar-la-conversion-1.png","contentUrl":"https:\/\/connectifai.chillypills.es\/wp-content\/uploads\/2025\/08\/Ebook_Connectif_Top-10-estrategias-de-marketing-automation-para-aumentar-la-conversion-1.png","width":850,"height":560},{"@type":"BreadcrumbList","@id":"https:\/\/connectifai.chillypills.es\/fr\/ebooks\/10-strategies-dautomatisation-marketing\/#breadcrumb","itemListElement":[{"@type":"ListItem","position":1,"name":"Portada","item":"https:\/\/connectifai.chillypills.es\/fr\/"},{"@type":"ListItem","position":2,"name":"Top 10 strat\u00e9gies d&rsquo;automatisation marketing pour augmenter la conversion"}]},{"@type":"WebSite","@id":"https:\/\/connectifai.chillypills.es\/fr\/#website","url":"https:\/\/connectifai.chillypills.es\/fr\/","name":"Connectif Marketing Automation","description":"Marketing Automation Software Connectif te permite crear experiencias de compra hiperpersonalizada a tus clientes de forma r\u00e1pida y visual","publisher":{"@id":"https:\/\/connectifai.chillypills.es\/fr\/#organization"},"potentialAction":[{"@type":"SearchAction","target":{"@type":"EntryPoint","urlTemplate":"https:\/\/connectifai.chillypills.es\/fr\/?s={search_term_string}"},"query-input":{"@type":"PropertyValueSpecification","valueRequired":true,"valueName":"search_term_string"}}],"inLanguage":"fr-FR"},{"@type":"Organization","@id":"https:\/\/connectifai.chillypills.es\/fr\/#organization","name":"Connectif Marketing Automation","url":"https:\/\/connectifai.chillypills.es\/fr\/","logo":{"@type":"ImageObject","inLanguage":"fr-FR","@id":"https:\/\/connectifai.chillypills.es\/fr\/#\/schema\/logo\/image\/","url":"https:\/\/connectifai.chillypills.es\/wp-content\/uploads\/2023\/02\/Logo-Connectif-web.svg","contentUrl":"https:\/\/connectifai.chillypills.es\/wp-content\/uploads\/2023\/02\/Logo-Connectif-web.svg","width":506,"height":46,"caption":"Connectif Marketing Automation"},"image":{"@id":"https:\/\/connectifai.chillypills.es\/fr\/#\/schema\/logo\/image\/"}}]}},"_links":{"self":[{"href":"https:\/\/connectifai.chillypills.es\/fr\/wp-json\/wp\/v2\/pages\/81150","targetHints":{"allow":["GET"]}}],"collection":[{"href":"https:\/\/connectifai.chillypills.es\/fr\/wp-json\/wp\/v2\/pages"}],"about":[{"href":"https:\/\/connectifai.chillypills.es\/fr\/wp-json\/wp\/v2\/types\/page"}],"author":[{"embeddable":true,"href":"https:\/\/connectifai.chillypills.es\/fr\/wp-json\/wp\/v2\/users\/3"}],"replies":[{"embeddable":true,"href":"https:\/\/connectifai.chillypills.es\/fr\/wp-json\/wp\/v2\/comments?post=81150"}],"version-history":[{"count":0,"href":"https:\/\/connectifai.chillypills.es\/fr\/wp-json\/wp\/v2\/pages\/81150\/revisions"}],"wp:featuredmedia":[{"embeddable":true,"href":"https:\/\/connectifai.chillypills.es\/fr\/wp-json\/wp\/v2\/media\/97371"}],"wp:attachment":[{"href":"https:\/\/connectifai.chillypills.es\/fr\/wp-json\/wp\/v2\/media?parent=81150"}],"wp:term":[{"taxonomy":"category","embeddable":true,"href":"https:\/\/connectifai.chillypills.es\/fr\/wp-json\/wp\/v2\/categories?post=81150"},{"taxonomy":"post_tag","embeddable":true,"href":"https:\/\/connectifai.chillypills.es\/fr\/wp-json\/wp\/v2\/tags?post=81150"}],"curies":[{"name":"wp","href":"https:\/\/api.w.org\/{rel}","templated":true}]}}