{"id":80234,"date":"2023-11-23T13:34:44","date_gmt":"2023-11-23T12:34:44","guid":{"rendered":"https:\/\/connectifai.chillypills.es\/?page_id=80234"},"modified":"2025-08-06T15:20:45","modified_gmt":"2025-08-06T14:20:45","slug":"8-exemples-concrets-d-automatisation-marketing","status":"publish","type":"page","link":"https:\/\/connectifai.chillypills.es\/fr\/ebooks\/8-exemples-concrets-d-automatisation-marketing\/","title":{"rendered":"8 exemples d&rsquo;automatisation marketing pour lib\u00e9rer le pouvoir qui sommeille en vous"},"content":{"rendered":"\t\t<div data-elementor-type=\"wp-page\" data-elementor-id=\"80234\" class=\"elementor elementor-80234 elementor-79895\" data-elementor-post-type=\"page\">\n\t\t\t\t<div class=\"elementor-element elementor-element-8cd495c e-flex e-con-boxed e-con e-parent\" data-id=\"8cd495c\" data-element_type=\"container\" data-settings=\"{&quot;_ob_use_container_extras&quot;:&quot;no&quot;,&quot;_ob_column_hoveranimator&quot;:&quot;no&quot;,&quot;_ob_glider_is_slider&quot;:&quot;no&quot;,&quot;_ob_column_has_pseudo&quot;:&quot;no&quot;}\">\n\t\t\t\t\t<div class=\"e-con-inner\">\n\t\t<div class=\"elementor-element elementor-element-e0fe84a e-con-full e-flex e-con e-parent\" data-id=\"e0fe84a\" data-element_type=\"container\" data-settings=\"{&quot;_ob_use_container_extras&quot;:&quot;no&quot;,&quot;_ob_column_hoveranimator&quot;:&quot;no&quot;,&quot;_ob_glider_is_slider&quot;:&quot;no&quot;,&quot;_ob_column_has_pseudo&quot;:&quot;no&quot;}\">\n\t\t\t\t<div class=\"elementor-element elementor-element-b9b901a ob-harakiri-inherit ob-has-background-overlay elementor-widget elementor-widget-heading\" data-id=\"b9b901a\" data-element_type=\"widget\" data-settings=\"{&quot;_ob_use_harakiri&quot;:&quot;yes&quot;,&quot;_ob_harakiri_writing_mode&quot;:&quot;inherit&quot;,&quot;_ob_harakiri_text_clip&quot;:&quot;none&quot;,&quot;_ob_widget_stalker_use&quot;:&quot;no&quot;,&quot;_ob_poopart_use&quot;:&quot;yes&quot;,&quot;_ob_shadough_use&quot;:&quot;no&quot;,&quot;_ob_allow_hoveranimator&quot;:&quot;no&quot;}\" data-widget_type=\"heading.default\">\n\t\t\t\t\t<h2 class=\"elementor-heading-title elementor-size-default\">8 exemples d'automatisation marketing pour lib\u00e9rer le pouvoir qui sommeille en vous<\/h2>\t\t\t\t<\/div>\n\t\t\t\t<div class=\"elementor-element elementor-element-eefc456 elementor-hidden-widescreen elementor-hidden-desktop elementor-hidden-tablet elementor-hidden-mobile ob-harakiri-inherit ob-has-background-overlay elementor-widget elementor-widget-text-editor\" data-id=\"eefc456\" data-element_type=\"widget\" data-settings=\"{&quot;_ob_use_harakiri&quot;:&quot;yes&quot;,&quot;_ob_harakiri_writing_mode&quot;:&quot;inherit&quot;,&quot;_ob_postman_use&quot;:&quot;no&quot;,&quot;_ob_widget_stalker_use&quot;:&quot;no&quot;,&quot;_ob_poopart_use&quot;:&quot;yes&quot;,&quot;_ob_shadough_use&quot;:&quot;no&quot;,&quot;_ob_allow_hoveranimator&quot;:&quot;no&quot;}\" data-widget_type=\"text-editor.default\">\n\t\t\t\t\t\t\t\t\t<p>Deviens un super-h\u00e9ros du marketing !<\/p>\t\t\t\t\t\t\t\t<\/div>\n\t\t\t\t<div class=\"elementor-element elementor-element-00533aa ob-harakiri-inherit ob-has-background-overlay elementor-widget elementor-widget-text-editor\" data-id=\"00533aa\" data-element_type=\"widget\" data-settings=\"{&quot;_ob_use_harakiri&quot;:&quot;yes&quot;,&quot;_ob_harakiri_writing_mode&quot;:&quot;inherit&quot;,&quot;_ob_postman_use&quot;:&quot;no&quot;,&quot;_ob_widget_stalker_use&quot;:&quot;no&quot;,&quot;_ob_poopart_use&quot;:&quot;yes&quot;,&quot;_ob_shadough_use&quot;:&quot;no&quot;,&quot;_ob_allow_hoveranimator&quot;:&quot;no&quot;}\" data-widget_type=\"text-editor.default\">\n\t\t\t\t\t\t\t\t\t<p>T\u00e9l\u00e9chargez notre eBook gratuit et d\u00e9couvrez 8 strat\u00e9gies d&rsquo;automatisation marketing r\u00e9ussies mises en \u0153uvre par de grandes marques. Plus de 1 800 entreprises de commerce \u00e9lectronique nous font confiance. Et vous ? Lib\u00e9rez votre puissance int\u00e9rieure pour maximiser les conversions de votre commerce \u00e9lectronique en 2024 !<\/p>\t\t\t\t\t\t\t\t<\/div>\n\t\t\t\t<div class=\"elementor-element elementor-element-59f3b36 elementor-align-left c-button c-button-dt__primary ob-has-background-overlay elementor-widget elementor-widget-button\" data-id=\"59f3b36\" data-element_type=\"widget\" data-settings=\"{&quot;_ob_butterbutton_use_it&quot;:&quot;no&quot;,&quot;_ob_widget_stalker_use&quot;:&quot;no&quot;,&quot;_ob_poopart_use&quot;:&quot;yes&quot;,&quot;_ob_shadough_use&quot;:&quot;no&quot;,&quot;_ob_allow_hoveranimator&quot;:&quot;no&quot;}\" data-widget_type=\"button.default\">\n\t\t\t\t\t\t\t\t\t\t<a class=\"elementor-button elementor-button-link elementor-size-md\" href=\"#download-form\">\n\t\t\t\t\t\t<span class=\"elementor-button-content-wrapper\">\n\t\t\t\t\t\t\t\t\t<span class=\"elementor-button-text\">T\u00e9l\u00e9chargez l'eBook<\/span>\n\t\t\t\t\t<\/span>\n\t\t\t\t\t<\/a>\n\t\t\t\t\t\t\t\t<\/div>\n\t\t\t\t<\/div>\n\t\t<div class=\"elementor-element elementor-element-3ee33cc e-con-full e-flex e-con e-parent\" data-id=\"3ee33cc\" data-element_type=\"container\" data-settings=\"{&quot;background_background&quot;:&quot;classic&quot;,&quot;_ob_use_container_extras&quot;:&quot;no&quot;,&quot;_ob_column_hoveranimator&quot;:&quot;no&quot;,&quot;_ob_glider_is_slider&quot;:&quot;no&quot;,&quot;_ob_column_has_pseudo&quot;:&quot;no&quot;}\">\n\t\t\t\t<\/div>\n\t\t\t\t\t<\/div>\n\t\t\t\t<\/div>\n\t\t<div class=\"elementor-element elementor-element-465083d e-grid e-con-boxed e-con e-parent\" data-id=\"465083d\" data-element_type=\"container\" data-settings=\"{&quot;_ob_use_container_extras&quot;:&quot;no&quot;,&quot;_ob_column_hoveranimator&quot;:&quot;no&quot;,&quot;_ob_glider_is_slider&quot;:&quot;no&quot;,&quot;_ob_column_has_pseudo&quot;:&quot;no&quot;}\">\n\t\t\t\t\t<div class=\"e-con-inner\">\n\t\t<div class=\"elementor-element elementor-element-cd9af0a e-con-full e-flex e-con e-parent\" data-id=\"cd9af0a\" data-element_type=\"container\" data-settings=\"{&quot;_ob_use_container_extras&quot;:&quot;no&quot;,&quot;_ob_column_hoveranimator&quot;:&quot;no&quot;,&quot;_ob_glider_is_slider&quot;:&quot;no&quot;,&quot;_ob_column_has_pseudo&quot;:&quot;no&quot;}\">\n\t\t<div class=\"elementor-element elementor-element-b3d08e7 e-con-full e-flex e-con e-parent\" data-id=\"b3d08e7\" data-element_type=\"container\" data-settings=\"{&quot;_ob_use_container_extras&quot;:&quot;no&quot;,&quot;_ob_column_hoveranimator&quot;:&quot;no&quot;,&quot;_ob_glider_is_slider&quot;:&quot;no&quot;,&quot;_ob_column_has_pseudo&quot;:&quot;no&quot;}\">\n\t\t\t\t<div class=\"elementor-element elementor-element-e7a5a13 ob-harakiri-inherit ob-has-background-overlay elementor-widget elementor-widget-heading\" data-id=\"e7a5a13\" data-element_type=\"widget\" data-settings=\"{&quot;_ob_use_harakiri&quot;:&quot;yes&quot;,&quot;_ob_harakiri_writing_mode&quot;:&quot;inherit&quot;,&quot;_ob_harakiri_text_clip&quot;:&quot;none&quot;,&quot;_ob_widget_stalker_use&quot;:&quot;no&quot;,&quot;_ob_poopart_use&quot;:&quot;yes&quot;,&quot;_ob_shadough_use&quot;:&quot;no&quot;,&quot;_ob_allow_hoveranimator&quot;:&quot;no&quot;}\" data-widget_type=\"heading.default\">\n\t\t\t\t\t<h3 class=\"elementor-heading-title elementor-size-default\">Que trouverez-vous dans l'eBook ?<\/h3>\t\t\t\t<\/div>\n\t\t\t\t<div class=\"elementor-element elementor-element-e86cb97 u-list-square u-list-square__blue ob-harakiri-inherit ob-has-background-overlay elementor-widget elementor-widget-text-editor\" data-id=\"e86cb97\" data-element_type=\"widget\" data-settings=\"{&quot;_ob_use_harakiri&quot;:&quot;yes&quot;,&quot;_ob_harakiri_writing_mode&quot;:&quot;inherit&quot;,&quot;_ob_postman_use&quot;:&quot;no&quot;,&quot;_ob_widget_stalker_use&quot;:&quot;no&quot;,&quot;_ob_poopart_use&quot;:&quot;yes&quot;,&quot;_ob_shadough_use&quot;:&quot;no&quot;,&quot;_ob_allow_hoveranimator&quot;:&quot;no&quot;}\" data-widget_type=\"text-editor.default\">\n\t\t\t\t\t\t\t\t\t<ul><li style=\"text-align: left;\">8 strat\u00e9gies r\u00e9elles mises en \u0153uvre par nos clients pour transformer leur e-commerce.<\/li><li style=\"text-align: left;\">Des cas d&rsquo;utilisation pratiques couvrant chaque \u00e9tape du parcours client.<\/li><li style=\"text-align: left;\">Des workflows strat\u00e9giques utilis\u00e9s et de vrais exemples de communications envoy\u00e9es au client.<\/li><\/ul><p><strong><br \/>T\u00e9l\u00e9chargez l&rsquo;eBook GRATUITEMENT d\u00e8s maintenant !<\/strong><\/p>\t\t\t\t\t\t\t\t<\/div>\n\t\t\t\t<\/div>\n\t\t\t\t<\/div>\n\t\t<div class=\"elementor-element elementor-element-913db13 e-con-full e-flex e-con e-parent\" data-id=\"913db13\" data-element_type=\"container\" data-settings=\"{&quot;_ob_use_container_extras&quot;:&quot;no&quot;,&quot;_ob_column_hoveranimator&quot;:&quot;no&quot;,&quot;_ob_glider_is_slider&quot;:&quot;no&quot;,&quot;_ob_column_has_pseudo&quot;:&quot;no&quot;}\">\n\t\t\t\t<div class=\"elementor-element elementor-element-67fc223 ob-has-background-overlay elementor-widget elementor-widget-html\" data-id=\"67fc223\" data-element_type=\"widget\" data-settings=\"{&quot;_ob_widget_stalker_use&quot;:&quot;no&quot;,&quot;_ob_poopart_use&quot;:&quot;yes&quot;,&quot;_ob_shadough_use&quot;:&quot;no&quot;,&quot;_ob_allow_hoveranimator&quot;:&quot;no&quot;}\" data-widget_type=\"html.default\">\n\t\t\t\t\t<div id=\"download-form\" class=\"cn-placeholder-pageform\"><\/div>\t\t\t\t<\/div>\n\t\t\t\t<\/div>\n\t\t\t\t\t<\/div>\n\t\t\t\t<\/div>\n\t\t\t\t<\/div>\n\t\t","protected":false},"excerpt":{"rendered":"<p>8 exemples d&rsquo;automatisation marketing pour lib\u00e9rer le pouvoir qui sommeille en vous<\/p>\n","protected":false},"author":16,"featured_media":97316,"parent":96254,"menu_order":0,"comment_status":"closed","ping_status":"closed","template":"","meta":{"_acf_changed":false,"footnotes":""},"categories":[203],"tags":[],"class_list":["post-80234","page","type-page","status-publish","has-post-thumbnail","hentry","category-ebook-fr"],"acf":[],"yoast_head":"<!-- This site is optimized with the Yoast SEO plugin v26.1.1 - https:\/\/yoast.com\/wordpress\/plugins\/seo\/ -->\n<title>8 exemples d&#039;automatisation marketing pour lib\u00e9rer le pouvoir qui sommeille en vous - Connectif Marketing Automation<\/title>\n<meta name=\"description\" content=\"1. Convertissez les utilisateurs anonymes en contacts. 2. Transformez les abonn\u00e9s en acheteurs. 3. Maximisez les ventes avec des notifications push.\" \/>\n<meta name=\"robots\" content=\"index, follow, max-snippet:-1, max-image-preview:large, max-video-preview:-1\" \/>\n<link rel=\"canonical\" href=\"https:\/\/connectifai.chillypills.es\/fr\/ebooks\/8-exemples-concrets-d-automatisation-marketing\/\" \/>\n<meta property=\"og:locale\" content=\"fr_FR\" \/>\n<meta property=\"og:type\" content=\"article\" \/>\n<meta property=\"og:title\" content=\"8 exemples d&#039;automatisation marketing pour lib\u00e9rer le pouvoir qui sommeille en vous\" \/>\n<meta property=\"og:description\" content=\"T\u00e9l\u00e9chargez l&#039;eBook et d\u00e9couvrez 8 strat\u00e9gies r\u00e9elles d&#039;automatisation marketing mises en \u0153uvre par nos clients pour lib\u00e9rer toute votre puissance int\u00e9rieure.\" \/>\n<meta property=\"og:url\" content=\"https:\/\/connectifai.chillypills.es\/fr\/ebooks\/8-exemples-concrets-d-automatisation-marketing\/\" \/>\n<meta property=\"og:site_name\" content=\"Connectif Marketing Automation\" \/>\n<meta property=\"article:modified_time\" content=\"2025-08-06T14:20:45+00:00\" \/>\n<meta property=\"og:image\" content=\"https:\/\/connectifai.chillypills.es\/wp-content\/uploads\/2023\/11\/eBook-8-exemples-dautomatisation-marketing-pour-liberer-le-pouvoir-qui-sommeille-en-vous\u200b.png\" \/>\n\t<meta property=\"og:image:width\" content=\"1536\" \/>\n\t<meta property=\"og:image:height\" content=\"1026\" \/>\n\t<meta property=\"og:image:type\" content=\"image\/png\" \/>\n<meta name=\"twitter:card\" content=\"summary_large_image\" \/>\n<meta name=\"twitter:label1\" content=\"Dur\u00e9e de lecture estim\u00e9e\" \/>\n\t<meta name=\"twitter:data1\" content=\"1 minute\" \/>\n<script type=\"application\/ld+json\" class=\"yoast-schema-graph\">{\"@context\":\"https:\/\/schema.org\",\"@graph\":[{\"@type\":\"WebPage\",\"@id\":\"https:\/\/connectifai.chillypills.es\/fr\/ebooks\/8-exemples-concrets-d-automatisation-marketing\/\",\"url\":\"https:\/\/connectifai.chillypills.es\/fr\/ebooks\/8-exemples-concrets-d-automatisation-marketing\/\",\"name\":\"8 exemples d'automatisation marketing pour lib\u00e9rer le pouvoir qui sommeille en vous - Connectif Marketing Automation\",\"isPartOf\":{\"@id\":\"https:\/\/connectifai.chillypills.es\/fr\/#website\"},\"primaryImageOfPage\":{\"@id\":\"https:\/\/connectifai.chillypills.es\/fr\/ebooks\/8-exemples-concrets-d-automatisation-marketing\/#primaryimage\"},\"image\":{\"@id\":\"https:\/\/connectifai.chillypills.es\/fr\/ebooks\/8-exemples-concrets-d-automatisation-marketing\/#primaryimage\"},\"thumbnailUrl\":\"https:\/\/connectifai.chillypills.es\/wp-content\/uploads\/2025\/08\/Ebook_Connectif_8-ejemplos-reales-de-marketing-automation-para-desatar-tu-poder-interior.png\",\"datePublished\":\"2023-11-23T12:34:44+00:00\",\"dateModified\":\"2025-08-06T14:20:45+00:00\",\"description\":\"1. Convertissez les utilisateurs anonymes en contacts. 2. Transformez les abonn\u00e9s en acheteurs. 3. Maximisez les ventes avec des notifications push.\",\"breadcrumb\":{\"@id\":\"https:\/\/connectifai.chillypills.es\/fr\/ebooks\/8-exemples-concrets-d-automatisation-marketing\/#breadcrumb\"},\"inLanguage\":\"fr-FR\",\"potentialAction\":[{\"@type\":\"ReadAction\",\"target\":[\"https:\/\/connectifai.chillypills.es\/fr\/ebooks\/8-exemples-concrets-d-automatisation-marketing\/\"]}]},{\"@type\":\"ImageObject\",\"inLanguage\":\"fr-FR\",\"@id\":\"https:\/\/connectifai.chillypills.es\/fr\/ebooks\/8-exemples-concrets-d-automatisation-marketing\/#primaryimage\",\"url\":\"https:\/\/connectifai.chillypills.es\/wp-content\/uploads\/2025\/08\/Ebook_Connectif_8-ejemplos-reales-de-marketing-automation-para-desatar-tu-poder-interior.png\",\"contentUrl\":\"https:\/\/connectifai.chillypills.es\/wp-content\/uploads\/2025\/08\/Ebook_Connectif_8-ejemplos-reales-de-marketing-automation-para-desatar-tu-poder-interior.png\",\"width\":850,\"height\":560},{\"@type\":\"BreadcrumbList\",\"@id\":\"https:\/\/connectifai.chillypills.es\/fr\/ebooks\/8-exemples-concrets-d-automatisation-marketing\/#breadcrumb\",\"itemListElement\":[{\"@type\":\"ListItem\",\"position\":1,\"name\":\"Portada\",\"item\":\"https:\/\/connectifai.chillypills.es\/fr\/\"},{\"@type\":\"ListItem\",\"position\":2,\"name\":\"eBooks\",\"item\":\"https:\/\/connectifai.chillypills.es\/fr\/ebooks\/\"},{\"@type\":\"ListItem\",\"position\":3,\"name\":\"8 exemples d&rsquo;automatisation marketing pour lib\u00e9rer le pouvoir qui sommeille en vous\"}]},{\"@type\":\"WebSite\",\"@id\":\"https:\/\/connectifai.chillypills.es\/fr\/#website\",\"url\":\"https:\/\/connectifai.chillypills.es\/fr\/\",\"name\":\"Connectif Marketing Automation\",\"description\":\"Marketing Automation Software Connectif te permite crear experiencias de compra hiperpersonalizada a tus clientes de forma r\u00e1pida y visual\",\"publisher\":{\"@id\":\"https:\/\/connectifai.chillypills.es\/fr\/#organization\"},\"potentialAction\":[{\"@type\":\"SearchAction\",\"target\":{\"@type\":\"EntryPoint\",\"urlTemplate\":\"https:\/\/connectifai.chillypills.es\/fr\/?s={search_term_string}\"},\"query-input\":{\"@type\":\"PropertyValueSpecification\",\"valueRequired\":true,\"valueName\":\"search_term_string\"}}],\"inLanguage\":\"fr-FR\"},{\"@type\":\"Organization\",\"@id\":\"https:\/\/connectifai.chillypills.es\/fr\/#organization\",\"name\":\"Connectif Marketing Automation\",\"url\":\"https:\/\/connectifai.chillypills.es\/fr\/\",\"logo\":{\"@type\":\"ImageObject\",\"inLanguage\":\"fr-FR\",\"@id\":\"https:\/\/connectifai.chillypills.es\/fr\/#\/schema\/logo\/image\/\",\"url\":\"https:\/\/connectifai.chillypills.es\/wp-content\/uploads\/2023\/02\/Logo-Connectif-web.svg\",\"contentUrl\":\"https:\/\/connectifai.chillypills.es\/wp-content\/uploads\/2023\/02\/Logo-Connectif-web.svg\",\"width\":506,\"height\":46,\"caption\":\"Connectif Marketing Automation\"},\"image\":{\"@id\":\"https:\/\/connectifai.chillypills.es\/fr\/#\/schema\/logo\/image\/\"}}]}<\/script>\n<!-- \/ Yoast SEO plugin. -->","yoast_head_json":{"title":"8 exemples d'automatisation marketing pour lib\u00e9rer le pouvoir qui sommeille en vous - Connectif Marketing Automation","description":"1. Convertissez les utilisateurs anonymes en contacts. 2. Transformez les abonn\u00e9s en acheteurs. 3. Maximisez les ventes avec des notifications push.","robots":{"index":"index","follow":"follow","max-snippet":"max-snippet:-1","max-image-preview":"max-image-preview:large","max-video-preview":"max-video-preview:-1"},"canonical":"https:\/\/connectifai.chillypills.es\/fr\/ebooks\/8-exemples-concrets-d-automatisation-marketing\/","og_locale":"fr_FR","og_type":"article","og_title":"8 exemples d'automatisation marketing pour lib\u00e9rer le pouvoir qui sommeille en vous","og_description":"T\u00e9l\u00e9chargez l'eBook et d\u00e9couvrez 8 strat\u00e9gies r\u00e9elles d'automatisation marketing mises en \u0153uvre par nos clients pour lib\u00e9rer toute votre puissance int\u00e9rieure.","og_url":"https:\/\/connectifai.chillypills.es\/fr\/ebooks\/8-exemples-concrets-d-automatisation-marketing\/","og_site_name":"Connectif Marketing Automation","article_modified_time":"2025-08-06T14:20:45+00:00","og_image":[{"width":1536,"height":1026,"url":"https:\/\/connectifai.chillypills.es\/wp-content\/uploads\/2023\/11\/eBook-8-exemples-dautomatisation-marketing-pour-liberer-le-pouvoir-qui-sommeille-en-vous\u200b.png","type":"image\/png"}],"twitter_card":"summary_large_image","twitter_misc":{"Dur\u00e9e de lecture estim\u00e9e":"1 minute"},"schema":{"@context":"https:\/\/schema.org","@graph":[{"@type":"WebPage","@id":"https:\/\/connectifai.chillypills.es\/fr\/ebooks\/8-exemples-concrets-d-automatisation-marketing\/","url":"https:\/\/connectifai.chillypills.es\/fr\/ebooks\/8-exemples-concrets-d-automatisation-marketing\/","name":"8 exemples d'automatisation marketing pour lib\u00e9rer le pouvoir qui sommeille en vous - Connectif Marketing Automation","isPartOf":{"@id":"https:\/\/connectifai.chillypills.es\/fr\/#website"},"primaryImageOfPage":{"@id":"https:\/\/connectifai.chillypills.es\/fr\/ebooks\/8-exemples-concrets-d-automatisation-marketing\/#primaryimage"},"image":{"@id":"https:\/\/connectifai.chillypills.es\/fr\/ebooks\/8-exemples-concrets-d-automatisation-marketing\/#primaryimage"},"thumbnailUrl":"https:\/\/connectifai.chillypills.es\/wp-content\/uploads\/2025\/08\/Ebook_Connectif_8-ejemplos-reales-de-marketing-automation-para-desatar-tu-poder-interior.png","datePublished":"2023-11-23T12:34:44+00:00","dateModified":"2025-08-06T14:20:45+00:00","description":"1. Convertissez les utilisateurs anonymes en contacts. 2. Transformez les abonn\u00e9s en acheteurs. 3. Maximisez les ventes avec des notifications push.","breadcrumb":{"@id":"https:\/\/connectifai.chillypills.es\/fr\/ebooks\/8-exemples-concrets-d-automatisation-marketing\/#breadcrumb"},"inLanguage":"fr-FR","potentialAction":[{"@type":"ReadAction","target":["https:\/\/connectifai.chillypills.es\/fr\/ebooks\/8-exemples-concrets-d-automatisation-marketing\/"]}]},{"@type":"ImageObject","inLanguage":"fr-FR","@id":"https:\/\/connectifai.chillypills.es\/fr\/ebooks\/8-exemples-concrets-d-automatisation-marketing\/#primaryimage","url":"https:\/\/connectifai.chillypills.es\/wp-content\/uploads\/2025\/08\/Ebook_Connectif_8-ejemplos-reales-de-marketing-automation-para-desatar-tu-poder-interior.png","contentUrl":"https:\/\/connectifai.chillypills.es\/wp-content\/uploads\/2025\/08\/Ebook_Connectif_8-ejemplos-reales-de-marketing-automation-para-desatar-tu-poder-interior.png","width":850,"height":560},{"@type":"BreadcrumbList","@id":"https:\/\/connectifai.chillypills.es\/fr\/ebooks\/8-exemples-concrets-d-automatisation-marketing\/#breadcrumb","itemListElement":[{"@type":"ListItem","position":1,"name":"Portada","item":"https:\/\/connectifai.chillypills.es\/fr\/"},{"@type":"ListItem","position":2,"name":"eBooks","item":"https:\/\/connectifai.chillypills.es\/fr\/ebooks\/"},{"@type":"ListItem","position":3,"name":"8 exemples d&rsquo;automatisation marketing pour lib\u00e9rer le pouvoir qui sommeille en vous"}]},{"@type":"WebSite","@id":"https:\/\/connectifai.chillypills.es\/fr\/#website","url":"https:\/\/connectifai.chillypills.es\/fr\/","name":"Connectif Marketing Automation","description":"Marketing Automation Software Connectif te permite crear experiencias de compra hiperpersonalizada a tus clientes de forma r\u00e1pida y visual","publisher":{"@id":"https:\/\/connectifai.chillypills.es\/fr\/#organization"},"potentialAction":[{"@type":"SearchAction","target":{"@type":"EntryPoint","urlTemplate":"https:\/\/connectifai.chillypills.es\/fr\/?s={search_term_string}"},"query-input":{"@type":"PropertyValueSpecification","valueRequired":true,"valueName":"search_term_string"}}],"inLanguage":"fr-FR"},{"@type":"Organization","@id":"https:\/\/connectifai.chillypills.es\/fr\/#organization","name":"Connectif Marketing Automation","url":"https:\/\/connectifai.chillypills.es\/fr\/","logo":{"@type":"ImageObject","inLanguage":"fr-FR","@id":"https:\/\/connectifai.chillypills.es\/fr\/#\/schema\/logo\/image\/","url":"https:\/\/connectifai.chillypills.es\/wp-content\/uploads\/2023\/02\/Logo-Connectif-web.svg","contentUrl":"https:\/\/connectifai.chillypills.es\/wp-content\/uploads\/2023\/02\/Logo-Connectif-web.svg","width":506,"height":46,"caption":"Connectif Marketing Automation"},"image":{"@id":"https:\/\/connectifai.chillypills.es\/fr\/#\/schema\/logo\/image\/"}}]}},"_links":{"self":[{"href":"https:\/\/connectifai.chillypills.es\/fr\/wp-json\/wp\/v2\/pages\/80234","targetHints":{"allow":["GET"]}}],"collection":[{"href":"https:\/\/connectifai.chillypills.es\/fr\/wp-json\/wp\/v2\/pages"}],"about":[{"href":"https:\/\/connectifai.chillypills.es\/fr\/wp-json\/wp\/v2\/types\/page"}],"author":[{"embeddable":true,"href":"https:\/\/connectifai.chillypills.es\/fr\/wp-json\/wp\/v2\/users\/16"}],"replies":[{"embeddable":true,"href":"https:\/\/connectifai.chillypills.es\/fr\/wp-json\/wp\/v2\/comments?post=80234"}],"version-history":[{"count":0,"href":"https:\/\/connectifai.chillypills.es\/fr\/wp-json\/wp\/v2\/pages\/80234\/revisions"}],"up":[{"embeddable":true,"href":"https:\/\/connectifai.chillypills.es\/fr\/wp-json\/wp\/v2\/pages\/96254"}],"wp:featuredmedia":[{"embeddable":true,"href":"https:\/\/connectifai.chillypills.es\/fr\/wp-json\/wp\/v2\/media\/97316"}],"wp:attachment":[{"href":"https:\/\/connectifai.chillypills.es\/fr\/wp-json\/wp\/v2\/media?parent=80234"}],"wp:term":[{"taxonomy":"category","embeddable":true,"href":"https:\/\/connectifai.chillypills.es\/fr\/wp-json\/wp\/v2\/categories?post=80234"},{"taxonomy":"post_tag","embeddable":true,"href":"https:\/\/connectifai.chillypills.es\/fr\/wp-json\/wp\/v2\/tags?post=80234"}],"curies":[{"name":"wp","href":"https:\/\/api.w.org\/{rel}","templated":true}]}}