{"id":71071,"date":"2023-04-24T12:08:56","date_gmt":"2023-04-24T11:08:56","guid":{"rendered":"https:\/\/connectifai.chillypills.es\/?page_id=71071"},"modified":"2024-02-01T09:24:12","modified_gmt":"2024-02-01T08:24:12","slug":"politique-de-confidentialite","status":"publish","type":"page","link":"https:\/\/connectifai.chillypills.es\/fr\/politique-de-confidentialite\/","title":{"rendered":"POLITIQUE DE CONFIDENTIALIT\u00c9"},"content":{"rendered":"\t\t<div data-elementor-type=\"wp-page\" data-elementor-id=\"71071\" class=\"elementor elementor-71071 elementor-27500\" data-elementor-post-type=\"page\">\n\t\t\t\t<div class=\"elementor-element elementor-element-32dbe90 e-flex e-con-boxed e-con e-parent\" data-id=\"32dbe90\" data-element_type=\"container\" data-settings=\"{&quot;_ob_use_container_extras&quot;:&quot;no&quot;,&quot;_ob_column_hoveranimator&quot;:&quot;no&quot;,&quot;_ob_glider_is_slider&quot;:&quot;no&quot;,&quot;_ob_column_has_pseudo&quot;:&quot;no&quot;}\">\n\t\t\t\t\t<div class=\"e-con-inner\">\n\t\t\t\t<div class=\"elementor-element elementor-element-ecad985 ob-harakiri-inherit ob-has-background-overlay elementor-widget elementor-widget-text-editor\" data-id=\"ecad985\" data-element_type=\"widget\" data-settings=\"{&quot;_ob_use_harakiri&quot;:&quot;yes&quot;,&quot;_ob_harakiri_writing_mode&quot;:&quot;inherit&quot;,&quot;_ob_postman_use&quot;:&quot;no&quot;,&quot;_ob_widget_stalker_use&quot;:&quot;no&quot;,&quot;_ob_poopart_use&quot;:&quot;yes&quot;,&quot;_ob_shadough_use&quot;:&quot;no&quot;,&quot;_ob_allow_hoveranimator&quot;:&quot;no&quot;}\" data-widget_type=\"text-editor.default\">\n\t\t\t\t\t\t\t\t\t<h1>Politique de confidentialit\u00e9\u00a0<\/h1>\t\t\t\t\t\t\t\t<\/div>\n\t\t\t\t\t<\/div>\n\t\t\t\t<\/div>\n\t\t<div class=\"elementor-element elementor-element-e829d7d e-flex e-con-boxed e-con e-parent\" data-id=\"e829d7d\" data-element_type=\"container\" data-settings=\"{&quot;_ob_use_container_extras&quot;:&quot;no&quot;,&quot;_ob_column_hoveranimator&quot;:&quot;no&quot;,&quot;_ob_glider_is_slider&quot;:&quot;no&quot;,&quot;_ob_column_has_pseudo&quot;:&quot;no&quot;}\">\n\t\t\t\t\t<div class=\"e-con-inner\">\n\t\t\t\t<div class=\"elementor-element elementor-element-ec520dd ob-harakiri-inherit ob-has-background-overlay elementor-widget elementor-widget-text-editor\" data-id=\"ec520dd\" data-element_type=\"widget\" data-settings=\"{&quot;_ob_use_harakiri&quot;:&quot;yes&quot;,&quot;_ob_harakiri_writing_mode&quot;:&quot;inherit&quot;,&quot;_ob_postman_use&quot;:&quot;no&quot;,&quot;_ob_widget_stalker_use&quot;:&quot;no&quot;,&quot;_ob_poopart_use&quot;:&quot;yes&quot;,&quot;_ob_shadough_use&quot;:&quot;no&quot;,&quot;_ob_allow_hoveranimator&quot;:&quot;no&quot;}\" data-widget_type=\"text-editor.default\">\n\t\t\t\t\t\t\t\t\t<h2>Qui est responsable du traitement de vos donn\u00e9es?\u00a0<\/h2><ul><li>Le RESPONSABLE DU TRAITEMENT de vos donn\u00e9es est : CONNECTIF ARTIFICIAL INTELLIGENCE, S.L.<\/li><li>CIF: B05509641<\/li><li>Adresse postale : Avenida Ciclista Mariano Rojas, 76; 4\u00aa Planta, 30009, Murcia.<\/li><li>Courrier \u00e9lectronique:\u00a0<a href=\"mailto:info@connectif.es\">info@connectif.es<\/a><\/li><\/ul><h2>Quel type de donn\u00e9es traitons-nous?<\/h2><p>En fonction des produits, services ou fonctionnalit\u00e9s que vous souhaitez utiliser \u00e0 tout moment, nous devrons traiter certaines donn\u00e9es ou d\u2019autres. En r\u00e8gle g\u00e9n\u00e9rale et selon les cas, ces donn\u00e9es seront les suivantes:<\/p><ul><li>Vos donn\u00e9es d\u2019identification (par exemple : votre pr\u00e9nom, nom de famille, langue, pays depuis lequel vous interagissez avec nous, coordonn\u00e9es, etc.)<\/li><\/ul><p>N\u2019oubliez pas que, lorsque nous vous demandons de renseigner vos donn\u00e9es personnelles pour vous permettre d\u2019acc\u00e9der \u00e0 des fonctionnalit\u00e9s ou \u00e0 des services du site web, certains champs porteront la mention obligatoire lorsqu\u2019il s\u2019agit de donn\u00e9es dont nous avons besoin pour pouvoir vous fournir le service ou vous donner acc\u00e8s \u00e0 la fonctionnalit\u00e9 en question.<\/p><p>Veuillez noter que si vous choisissez de ne pas nous fournir ces informations, il est probable que vous ne puissiez pas terminer votre inscription en tant qu\u2019utilisateur ou que vous ne puissiez pas profiter de ces services ou fonctionnalit\u00e9s.<\/p><h2>Quelle este la finalit\u00e9 tu traitement de vos donn\u00e9es personnelles?\u00a0<\/h2><p>En fonction de la mani\u00e8re dont vous interagissez avec notre site web, nous traiterons vos donn\u00e9es personnelles pour les finalit\u00e9s suivantes:<\/p><ul><li>Pour r\u00e9pondre aux requ\u00eates ou aux demandes que vous formulez par le biais des diff\u00e9rents moyens int\u00e9gr\u00e9s \u00e0 notre site web.<\/li><li>Nous ne traitons que les donn\u00e9es personnelles strictement n\u00e9cessaires \u00e0 la gestion ou \u00e0 la r\u00e9solution de votre requ\u00eate ou demande.<\/li><\/ul><h2>Quelle est la l\u00e9gitimit\u00e9 du traitement de vos donn\u00e9es?\u00a0<\/h2><p>La base l\u00e9gale qui nous permet de traiter vos donn\u00e9es personnelles d\u00e9pend \u00e9galement de la finalit\u00e9 du traitement.<\/p><p>Il existe donc diff\u00e9rentes bases l\u00e9gales en fonction des finalit\u00e9s suivantes:<\/p><p><strong>R\u00e9pondre aux demandes d&rsquo;informations<\/strong><\/p><p>La base l\u00e9gale du traitement de vos donn\u00e9es est le consentement \u00e9clair\u00e9 pour r\u00e9pondre aux questions pos\u00e9es par le biais du site web, ce qui implique l\u2019acceptation de ces conditions par la partie int\u00e9ress\u00e9e.<\/p><p><strong>Marketing<\/strong><\/p><p>La base l\u00e9gale du traitement de vos donn\u00e9es \u00e0 des fins de marketing est le consentement que vous donnez.<\/p><p><strong>R\u00e9seaux sociaux<\/strong><\/p><p>La base de la l\u00e9gitimit\u00e9 est le consentement \u00e9clair\u00e9 pour r\u00e9pondre aux questions pos\u00e9es par le biais du r\u00e9seau social, ainsi que le moment o\u00f9 vous nous suivez et souhaitez faire partie de notre liste de contacts.<\/p><p><strong>Analyse de l&rsquo;utilisabilit\u00e9 et de la qualit\u00e9<\/strong><\/p><p>Consentement de l\u2019utilisateur pour l\u2019implantation de cookies.<\/p><h2>Pendant combien de temps conservernos-nous vos donn\u00e9es?\u00a0<\/h2><p>Nous traiterons vos donn\u00e9es aussi longtemps que n\u00e9cessaire pour r\u00e9pondre \u00e0 votre requ\u00eate ou demande, puis pendant un an.<\/p><p><strong>Demande d\u2019information<\/strong><\/p><p>Nous traiterons vos donn\u00e9es aussi longtemps que n\u00e9cessaire pour r\u00e9pondre \u00e0 votre requ\u00eate ou demande, puis pendant un an.<\/p><p><strong>Marketing<\/strong><\/p><p>Nous traiterons vos donn\u00e9es jusqu\u2019\u00e0 ce que vous vous d\u00e9sinscriviez ou que vous annuliez votre inscription \u00e0 la newsletter.<\/p><p><strong>R\u00e9seaux sociaux<\/strong><\/p><h2>Partagerons-nous vos donn\u00e9es avec des tiers?\u00a0<\/h2><p>Pour atteindre les finalit\u00e9s indiqu\u00e9es dans la pr\u00e9sente Politique de confidentialit\u00e9, il est n\u00e9cessaire que nous donnions acc\u00e8s \u00e0 vos donn\u00e9es personnelles \u00e0 des tiers qui collaborent avec nous pour offrir les services que nous vous proposons et que nous exposons ci-dessous : Fournisseurs de services technologiques<\/p><h2>Quels sont vos droits lorsque vous nous fournissez vos donn\u00e9es?<\/h2><p>Nous nous engageons \u00e0 respecter la confidentialit\u00e9 de vos donn\u00e9es personnelles et \u00e0 garantir l\u2019exercice de vos droits.<\/p><p>Vous pouvez les exercer gratuitement en nous envoyant un e-mail \u00e0 l\u2019adresse\u00a0<a href=\"mailto:info@connectif.es\">info@connectif.es.<\/a>\u00a0Il vous suffit d\u2019indiquer le motif de votre demande et le droit que vous souhaitez exercer.<\/p><p>Si nous jugeons n\u00e9cessaire de vous identifier, nous pouvons demander une copie d\u2019un document prouvant votre identit\u00e9. En particulier, quelle que soit la finalit\u00e9 ou la base l\u00e9gale selon laquelle nous traitons vos donn\u00e9es, vous avez le droit de:<\/p><p>Nous demander d\u2019acc\u00e9der aux donn\u00e9es que nous d\u00e9tenons \u00e0 votre sujet.<\/p><p>Nous demander la rectification des donn\u00e9es que nous d\u00e9tenons \u00e0 votre sujet. Veuillez noter qu\u2019en nous fournissant activement vos donn\u00e9es personnelles, quelle que soit la mani\u00e8re, vous garantissez qu\u2019elles sont v\u00e9ridiques et exactes et vous acceptez de nous informer de tout changement ou modification les concernant.<\/p><p>Nous demander de supprimer vos donn\u00e9es dans la mesure o\u00f9 elles ne sont plus n\u00e9cessaires aux fins pour lesquelles nous devons les traiter, comme nous vous en avons pr\u00e9c\u00e9demment inform\u00e9, ou lorsque nous ne sommes plus autoris\u00e9s \u00e0 le faire.<\/p><p>Nous demander de limiter le traitement de vos donn\u00e9es. Cela signifie que dans certains cas, vous pouvez nous demander d\u2019interrompre temporairement le traitement des donn\u00e9es ou de les conserver plus longtemps que n\u00e9cessaire en cas de besoin. Si vous nous avez donn\u00e9 votre consentement pour le traitement de vos donn\u00e9es \u00e0 quelque fin que ce soit, vous avez \u00e9galement le droit de le retirer \u00e0 tout moment.<\/p><p>D\u2019autre part, lorsque le traitement de vos donn\u00e9es est bas\u00e9 sur notre int\u00e9r\u00eat l\u00e9gitime, vous avez \u00e9galement le droit de vous opposer au traitement de vos donn\u00e9es.<\/p><p>Enfin, nous vous informons de votre droit de pr\u00e9senter une plainte aupr\u00e8s de l\u2019autorit\u00e9 de contr\u00f4le comp\u00e9tente en mati\u00e8re de protection des donn\u00e9es, notamment aupr\u00e8s de l\u2019Agence espagnole de protection des donn\u00e9es\u00a0<a href=\"https:\/\/www.agpd.es\/portalwebAGPD\/index-ides-idphp.php\">https:\/\/www.agpd.es\/portalwebAGPD\/index-ides-idphp.php<\/a><\/p><h2>Modifications de la politique de confidentialit\u00e9<\/h2><p>Nous pouvons \u00e9ventuellement modifier les informations figurant dans cette Politique de confidentialit\u00e9 si nous le jugeons n\u00e9cessaire. Si cela devait avoir lieu, nous vous en informerons de diff\u00e9rentes mani\u00e8res via la Plateforme, ou nous vous le communiquerons \u00e0 votre adresse de courrier \u00e9lectronique lorsque la modification en question est importante pour votre confidentialit\u00e9, afin que vous puissiez examiner les modifications, les \u00e9valuer et, le cas \u00e9ch\u00e9ant, vous opposer ou vous d\u00e9sinscrire d\u2019un service ou d\u2019une fonctionnalit\u00e9.<\/p><h2>Informations sur les cookies<\/h2><p>Nous utilisons des cookies et des dispositifs similaires pour faciliter votre navigation sur la Plateforme, pour savoir comment vous interagissez avec nous et, dans certains cas, pour pouvoir vous montrer des publicit\u00e9s en fonction de vos habitudes de navigation. Veuillez lire notre\u00a0<a href=\"http:\/\/connectifai.local\/fr\/politique-en-matiere-de-cookies\/\">Politique en mati\u00e8re de cookies<\/a>\u00a0pour en savoir plus sur les cookies et les dispositifs similaires que nous utilisons, leur finalit\u00e9 et d\u2019autres informations pertinentes \u00e0 ce sujet.<\/p>\t\t\t\t\t\t\t\t<\/div>\n\t\t\t\t\t<\/div>\n\t\t\t\t<\/div>\n\t\t\t\t<\/div>\n\t\t","protected":false},"excerpt":{"rendered":"<p>Politique de confidentialit\u00e9\u00a0 Qui est responsable du traitement de vos donn\u00e9es?\u00a0 Le RESPONSABLE DU TRAITEMENT de vos donn\u00e9es est : CONNECTIF ARTIFICIAL INTELLIGENCE, S.L. CIF: B05509641 Adresse postale : Avenida Ciclista Mariano Rojas, 76; 4\u00aa Planta, 30009, Murcia. Courrier \u00e9lectronique:\u00a0info@connectif.es Quel type de donn\u00e9es traitons-nous? En fonction des produits, services ou fonctionnalit\u00e9s que vous souhaitez [&hellip;]<\/p>\n","protected":false},"author":11,"featured_media":0,"parent":0,"menu_order":0,"comment_status":"closed","ping_status":"closed","template":"","meta":{"_acf_changed":false,"footnotes":""},"categories":[],"tags":[],"class_list":["post-71071","page","type-page","status-publish","hentry"],"acf":[],"yoast_head":"<!-- This site is optimized with the Yoast SEO plugin v26.1.1 - https:\/\/yoast.com\/wordpress\/plugins\/seo\/ -->\n<title>POLITIQUE DE CONFIDENTIALIT\u00c9 - Connectif Marketing Automation<\/title>\n<meta name=\"robots\" content=\"index, follow, max-snippet:-1, max-image-preview:large, max-video-preview:-1\" \/>\n<link rel=\"canonical\" href=\"https:\/\/connectifai.chillypills.es\/fr\/politique-de-confidentialite\/\" \/>\n<meta property=\"og:locale\" content=\"fr_FR\" \/>\n<meta property=\"og:type\" content=\"article\" \/>\n<meta property=\"og:title\" content=\"POLITIQUE DE CONFIDENTIALIT\u00c9 - Connectif Marketing Automation\" \/>\n<meta property=\"og:description\" content=\"Politique de confidentialit\u00e9\u00a0 Qui est responsable du traitement de vos donn\u00e9es?\u00a0 Le RESPONSABLE DU TRAITEMENT de vos donn\u00e9es est : CONNECTIF ARTIFICIAL INTELLIGENCE, S.L. CIF: B05509641 Adresse postale : Avenida Ciclista Mariano Rojas, 76; 4\u00aa Planta, 30009, Murcia. Courrier \u00e9lectronique:\u00a0info@connectif.es Quel type de donn\u00e9es traitons-nous? En fonction des produits, services ou fonctionnalit\u00e9s que vous souhaitez [&hellip;]\" \/>\n<meta property=\"og:url\" content=\"https:\/\/connectifai.chillypills.es\/fr\/politique-de-confidentialite\/\" \/>\n<meta property=\"og:site_name\" content=\"Connectif Marketing Automation\" \/>\n<meta property=\"article:modified_time\" content=\"2024-02-01T08:24:12+00:00\" \/>\n<meta name=\"twitter:card\" content=\"summary_large_image\" \/>\n<meta name=\"twitter:label1\" content=\"Dur\u00e9e de lecture estim\u00e9e\" \/>\n\t<meta name=\"twitter:data1\" content=\"6 minutes\" \/>\n<script type=\"application\/ld+json\" class=\"yoast-schema-graph\">{\"@context\":\"https:\/\/schema.org\",\"@graph\":[{\"@type\":\"WebPage\",\"@id\":\"https:\/\/connectifai.chillypills.es\/fr\/politique-de-confidentialite\/\",\"url\":\"https:\/\/connectifai.chillypills.es\/fr\/politique-de-confidentialite\/\",\"name\":\"POLITIQUE DE CONFIDENTIALIT\u00c9 - Connectif Marketing Automation\",\"isPartOf\":{\"@id\":\"https:\/\/connectifai.chillypills.es\/fr\/#website\"},\"datePublished\":\"2023-04-24T11:08:56+00:00\",\"dateModified\":\"2024-02-01T08:24:12+00:00\",\"breadcrumb\":{\"@id\":\"https:\/\/connectifai.chillypills.es\/fr\/politique-de-confidentialite\/#breadcrumb\"},\"inLanguage\":\"fr-FR\",\"potentialAction\":[{\"@type\":\"ReadAction\",\"target\":[\"https:\/\/connectifai.chillypills.es\/fr\/politique-de-confidentialite\/\"]}]},{\"@type\":\"BreadcrumbList\",\"@id\":\"https:\/\/connectifai.chillypills.es\/fr\/politique-de-confidentialite\/#breadcrumb\",\"itemListElement\":[{\"@type\":\"ListItem\",\"position\":1,\"name\":\"Portada\",\"item\":\"https:\/\/connectifai.chillypills.es\/fr\/\"},{\"@type\":\"ListItem\",\"position\":2,\"name\":\"POLITIQUE DE CONFIDENTIALIT\u00c9\"}]},{\"@type\":\"WebSite\",\"@id\":\"https:\/\/connectifai.chillypills.es\/fr\/#website\",\"url\":\"https:\/\/connectifai.chillypills.es\/fr\/\",\"name\":\"Connectif Marketing Automation\",\"description\":\"Marketing Automation Software Connectif te permite crear experiencias de compra hiperpersonalizada a tus clientes de forma r\u00e1pida y visual\",\"publisher\":{\"@id\":\"https:\/\/connectifai.chillypills.es\/fr\/#organization\"},\"potentialAction\":[{\"@type\":\"SearchAction\",\"target\":{\"@type\":\"EntryPoint\",\"urlTemplate\":\"https:\/\/connectifai.chillypills.es\/fr\/?s={search_term_string}\"},\"query-input\":{\"@type\":\"PropertyValueSpecification\",\"valueRequired\":true,\"valueName\":\"search_term_string\"}}],\"inLanguage\":\"fr-FR\"},{\"@type\":\"Organization\",\"@id\":\"https:\/\/connectifai.chillypills.es\/fr\/#organization\",\"name\":\"Connectif Marketing Automation\",\"url\":\"https:\/\/connectifai.chillypills.es\/fr\/\",\"logo\":{\"@type\":\"ImageObject\",\"inLanguage\":\"fr-FR\",\"@id\":\"https:\/\/connectifai.chillypills.es\/fr\/#\/schema\/logo\/image\/\",\"url\":\"https:\/\/connectifai.chillypills.es\/wp-content\/uploads\/2023\/02\/Logo-Connectif-web.svg\",\"contentUrl\":\"https:\/\/connectifai.chillypills.es\/wp-content\/uploads\/2023\/02\/Logo-Connectif-web.svg\",\"width\":506,\"height\":46,\"caption\":\"Connectif Marketing Automation\"},\"image\":{\"@id\":\"https:\/\/connectifai.chillypills.es\/fr\/#\/schema\/logo\/image\/\"}}]}<\/script>\n<!-- \/ Yoast SEO plugin. -->","yoast_head_json":{"title":"POLITIQUE DE CONFIDENTIALIT\u00c9 - Connectif Marketing Automation","robots":{"index":"index","follow":"follow","max-snippet":"max-snippet:-1","max-image-preview":"max-image-preview:large","max-video-preview":"max-video-preview:-1"},"canonical":"https:\/\/connectifai.chillypills.es\/fr\/politique-de-confidentialite\/","og_locale":"fr_FR","og_type":"article","og_title":"POLITIQUE DE CONFIDENTIALIT\u00c9 - Connectif Marketing Automation","og_description":"Politique de confidentialit\u00e9\u00a0 Qui est responsable du traitement de vos donn\u00e9es?\u00a0 Le RESPONSABLE DU TRAITEMENT de vos donn\u00e9es est : CONNECTIF ARTIFICIAL INTELLIGENCE, S.L. CIF: B05509641 Adresse postale : Avenida Ciclista Mariano Rojas, 76; 4\u00aa Planta, 30009, Murcia. Courrier \u00e9lectronique:\u00a0info@connectif.es Quel type de donn\u00e9es traitons-nous? En fonction des produits, services ou fonctionnalit\u00e9s que vous souhaitez [&hellip;]","og_url":"https:\/\/connectifai.chillypills.es\/fr\/politique-de-confidentialite\/","og_site_name":"Connectif Marketing Automation","article_modified_time":"2024-02-01T08:24:12+00:00","twitter_card":"summary_large_image","twitter_misc":{"Dur\u00e9e de lecture estim\u00e9e":"6 minutes"},"schema":{"@context":"https:\/\/schema.org","@graph":[{"@type":"WebPage","@id":"https:\/\/connectifai.chillypills.es\/fr\/politique-de-confidentialite\/","url":"https:\/\/connectifai.chillypills.es\/fr\/politique-de-confidentialite\/","name":"POLITIQUE DE CONFIDENTIALIT\u00c9 - Connectif Marketing Automation","isPartOf":{"@id":"https:\/\/connectifai.chillypills.es\/fr\/#website"},"datePublished":"2023-04-24T11:08:56+00:00","dateModified":"2024-02-01T08:24:12+00:00","breadcrumb":{"@id":"https:\/\/connectifai.chillypills.es\/fr\/politique-de-confidentialite\/#breadcrumb"},"inLanguage":"fr-FR","potentialAction":[{"@type":"ReadAction","target":["https:\/\/connectifai.chillypills.es\/fr\/politique-de-confidentialite\/"]}]},{"@type":"BreadcrumbList","@id":"https:\/\/connectifai.chillypills.es\/fr\/politique-de-confidentialite\/#breadcrumb","itemListElement":[{"@type":"ListItem","position":1,"name":"Portada","item":"https:\/\/connectifai.chillypills.es\/fr\/"},{"@type":"ListItem","position":2,"name":"POLITIQUE DE CONFIDENTIALIT\u00c9"}]},{"@type":"WebSite","@id":"https:\/\/connectifai.chillypills.es\/fr\/#website","url":"https:\/\/connectifai.chillypills.es\/fr\/","name":"Connectif Marketing Automation","description":"Marketing Automation Software Connectif te permite crear experiencias de compra hiperpersonalizada a tus clientes de forma r\u00e1pida y visual","publisher":{"@id":"https:\/\/connectifai.chillypills.es\/fr\/#organization"},"potentialAction":[{"@type":"SearchAction","target":{"@type":"EntryPoint","urlTemplate":"https:\/\/connectifai.chillypills.es\/fr\/?s={search_term_string}"},"query-input":{"@type":"PropertyValueSpecification","valueRequired":true,"valueName":"search_term_string"}}],"inLanguage":"fr-FR"},{"@type":"Organization","@id":"https:\/\/connectifai.chillypills.es\/fr\/#organization","name":"Connectif Marketing Automation","url":"https:\/\/connectifai.chillypills.es\/fr\/","logo":{"@type":"ImageObject","inLanguage":"fr-FR","@id":"https:\/\/connectifai.chillypills.es\/fr\/#\/schema\/logo\/image\/","url":"https:\/\/connectifai.chillypills.es\/wp-content\/uploads\/2023\/02\/Logo-Connectif-web.svg","contentUrl":"https:\/\/connectifai.chillypills.es\/wp-content\/uploads\/2023\/02\/Logo-Connectif-web.svg","width":506,"height":46,"caption":"Connectif Marketing Automation"},"image":{"@id":"https:\/\/connectifai.chillypills.es\/fr\/#\/schema\/logo\/image\/"}}]}},"_links":{"self":[{"href":"https:\/\/connectifai.chillypills.es\/fr\/wp-json\/wp\/v2\/pages\/71071","targetHints":{"allow":["GET"]}}],"collection":[{"href":"https:\/\/connectifai.chillypills.es\/fr\/wp-json\/wp\/v2\/pages"}],"about":[{"href":"https:\/\/connectifai.chillypills.es\/fr\/wp-json\/wp\/v2\/types\/page"}],"author":[{"embeddable":true,"href":"https:\/\/connectifai.chillypills.es\/fr\/wp-json\/wp\/v2\/users\/11"}],"replies":[{"embeddable":true,"href":"https:\/\/connectifai.chillypills.es\/fr\/wp-json\/wp\/v2\/comments?post=71071"}],"version-history":[{"count":0,"href":"https:\/\/connectifai.chillypills.es\/fr\/wp-json\/wp\/v2\/pages\/71071\/revisions"}],"wp:attachment":[{"href":"https:\/\/connectifai.chillypills.es\/fr\/wp-json\/wp\/v2\/media?parent=71071"}],"wp:term":[{"taxonomy":"category","embeddable":true,"href":"https:\/\/connectifai.chillypills.es\/fr\/wp-json\/wp\/v2\/categories?post=71071"},{"taxonomy":"post_tag","embeddable":true,"href":"https:\/\/connectifai.chillypills.es\/fr\/wp-json\/wp\/v2\/tags?post=71071"}],"curies":[{"name":"wp","href":"https:\/\/api.w.org\/{rel}","templated":true}]}}