{"id":71055,"date":"2023-04-24T10:22:22","date_gmt":"2023-04-24T09:22:22","guid":{"rendered":"https:\/\/connectifai.chillypills.es\/?page_id=71055"},"modified":"2023-06-30T14:59:36","modified_gmt":"2023-06-30T14:59:36","slug":"politique-en-matiere-de-cookies","status":"publish","type":"page","link":"https:\/\/connectifai.chillypills.es\/fr\/politique-en-matiere-de-cookies\/","title":{"rendered":"Politique en mati\u00e8re de cookies"},"content":{"rendered":"\t\t<div data-elementor-type=\"wp-page\" data-elementor-id=\"71055\" class=\"elementor elementor-71055 elementor-27482\" data-elementor-post-type=\"page\">\n\t\t\t\t<div class=\"elementor-element elementor-element-07927fb e-flex e-con-boxed e-con e-parent\" data-id=\"07927fb\" data-element_type=\"container\" data-settings=\"{&quot;_ob_use_container_extras&quot;:&quot;no&quot;,&quot;_ob_column_hoveranimator&quot;:&quot;no&quot;,&quot;_ob_glider_is_slider&quot;:&quot;no&quot;,&quot;_ob_column_has_pseudo&quot;:&quot;no&quot;}\">\n\t\t\t\t\t<div class=\"e-con-inner\">\n\t\t\t\t<div class=\"elementor-element elementor-element-9541f7d ob-harakiri-inherit ob-has-background-overlay elementor-widget elementor-widget-text-editor\" data-id=\"9541f7d\" data-element_type=\"widget\" data-settings=\"{&quot;_ob_use_harakiri&quot;:&quot;yes&quot;,&quot;_ob_harakiri_writing_mode&quot;:&quot;inherit&quot;,&quot;_ob_postman_use&quot;:&quot;no&quot;,&quot;_ob_widget_stalker_use&quot;:&quot;no&quot;,&quot;_ob_poopart_use&quot;:&quot;yes&quot;,&quot;_ob_shadough_use&quot;:&quot;no&quot;,&quot;_ob_allow_hoveranimator&quot;:&quot;no&quot;}\" data-widget_type=\"text-editor.default\">\n\t\t\t\t\t\t\t\t\t<h1>POLITIQUE EN MATI\u00c8RE DE COOKIES<\/h1>\t\t\t\t\t\t\t\t<\/div>\n\t\t\t\t\t<\/div>\n\t\t\t\t<\/div>\n\t\t<div class=\"elementor-element elementor-element-071f9b0 e-flex e-con-boxed e-con e-parent\" data-id=\"071f9b0\" data-element_type=\"container\" data-settings=\"{&quot;_ob_use_container_extras&quot;:&quot;no&quot;,&quot;_ob_column_hoveranimator&quot;:&quot;no&quot;,&quot;_ob_glider_is_slider&quot;:&quot;no&quot;,&quot;_ob_column_has_pseudo&quot;:&quot;no&quot;}\">\n\t\t\t\t\t<div class=\"e-con-inner\">\n\t\t\t\t<div class=\"elementor-element elementor-element-c05a8ba ob-harakiri-inherit ob-has-background-overlay elementor-widget elementor-widget-text-editor\" data-id=\"c05a8ba\" data-element_type=\"widget\" data-settings=\"{&quot;_ob_use_harakiri&quot;:&quot;yes&quot;,&quot;_ob_harakiri_writing_mode&quot;:&quot;inherit&quot;,&quot;_ob_postman_use&quot;:&quot;no&quot;,&quot;_ob_widget_stalker_use&quot;:&quot;no&quot;,&quot;_ob_poopart_use&quot;:&quot;yes&quot;,&quot;_ob_shadough_use&quot;:&quot;no&quot;,&quot;_ob_allow_hoveranimator&quot;:&quot;no&quot;}\" data-widget_type=\"text-editor.default\">\n\t\t\t\t\t\t\t\t\t<h4>D\u00e9finition des cookies<\/h4><p>\u00a0<\/p><p>Les cookies sont des identifiants que nous envoyons sur le disque dur de votre ordinateur via votre navigateur web afin que nos syst\u00e8mes puissent reconna\u00eetre votre navigateur et vous proposer certains services.<\/p><p>Cette page utilise diff\u00e9rents types de cookies. Certains cookies sont plac\u00e9s par des services tiers qui apparaissent sur nos pages.<\/p><p>\u00a0<\/p><p>Vous trouverez ci-dessous les cookies utilis\u00e9s par la page.<\/p><p>\u00a0<\/p><h4>Cookies n\u00e9cessaires.<\/h4><p>\u00a0<\/p><p>Les cookies n\u00e9cessaires contribuent \u00e0 rendre un site web utilisable en activant des fonctions de base telles que la navigation dans la page et l\u2019acc\u00e8s \u00e0 des zones s\u00e9curis\u00e9es du site. Le site web ne peut pas fonctionner correctement sans ces cookies.<\/p><p>\u00a0<\/p><table border=\"1\" width=\"796\" cellpadding=\"1\"><tbody><tr><td>Nom<\/td><td>Fournisseur<\/td><td>Finalit\u00e9<\/td><td>Expiration<\/td><\/tr><tr><td>cookie_notice_accepted<\/td><td>\u00a0<\/td><td>Savoir si l\u2019utilisateur a accept\u00e9 les cookies du site.<\/td><td>3 meses<\/td><\/tr><\/tbody><\/table><h4>\u00a0<\/h4><h4>Cookies de statistiques.<\/h4><p>\u00a0<\/p><p>Les cookies de statistiques aident les propri\u00e9taires de sites web \u00e0 comprendre comment les visiteurs interagissent avec les sites web en collectant et en fournissant des informations de mani\u00e8re anonyme.<\/p><p>Pour d\u00e9sactiver les cookies de Google Analytics, vous pouvez installer le module de d\u00e9sactivation pour navigateurs de Google Analytics, qui vous permettra de ne pas envoyer d\u2019informations statistiques. Il est disponible sur le lien suivant :\u00a0<a href=\"https:\/\/tools.google.com\/dlpage\/gaoptout?hl=es\">https:\/\/tools.google.com\/dlpage\/gaoptout?hl=es<\/a><\/p><p>\u00a0<\/p><p>.<\/p><table border=\"1\" width=\"846\" cellpadding=\"1\"><tbody><tr><td>Nom<\/td><td>Fournisseur<\/td><td>Finalit\u00e9<\/td><td>Expiration<\/td><\/tr><tr><td>_ga<\/td><td>Google Analytics<\/td><td>Enregistre une identification unique utilis\u00e9e pour g\u00e9n\u00e9rer des donn\u00e9es statistiques sur la fa\u00e7on dont le visiteur utilise le site web<\/td><td>2 ans<\/td><\/tr><tr><td>_gid<\/td><td>Google Analytics<\/td><td>Enregistre une identification unique qui est utilis\u00e9e pour g\u00e9n\u00e9rer des donn\u00e9es statistiques sur la fa\u00e7on dont le visiteur utilise le site web<\/td><td>1 jour<\/td><\/tr><tr><td>_gat<\/td><td>Google Analytics<\/td><td>Enregistre une identification unique qui est utilis\u00e9e pour g\u00e9n\u00e9rer des donn\u00e9es statistiques sur la fa\u00e7on dont le visiteur utilise le site web<\/td><td>cookie de session<\/td><\/tr><\/tbody><\/table><h4>\u00a0<\/h4><h4>Comment activer\/d\u00e9sactiver les Cookies dans les principaux navigateurs :<\/h4><p>\u00a0<\/p><p>Il est g\u00e9n\u00e9ralement possible de ne plus accepter les Cookies du navigateur ou d\u2019arr\u00eater d\u2019accepter les Cookies d\u2019un Service particulier.<\/p><p>\u00a0<\/p><p>Tous les navigateurs modernes permettent de modifier la configuration des cookies. Ces param\u00e8tres se trouvent g\u00e9n\u00e9ralement dans les \u00ab options \u00bb ou \u00ab pr\u00e9f\u00e9rences \u00bb du menu de votre navigateur. Vous pouvez \u00e9galement configurer votre navigateur ou votre gestionnaire de courrier \u00e9lectronique.<\/p><p>\u00a0<\/p><p>Vous trouverez ci-dessous des informations destin\u00e9es \u00e0 l\u2019utilisateur concernant les \u00e9tapes \u00e0 suivre pour acc\u00e9der au menu de configuration des cookies et, le cas \u00e9ch\u00e9ant, de la navigation priv\u00e9e dans chacun des principaux navigateurs :<\/p><p>\u00a0<\/p><p><strong>Internet Explorer:<\/strong>\u00a0Outils -&gt; Options d\u00b4Internet -&gt; Confidencialit\u00e9 -&gt; Configuration. Pour plus d\u2019informations, vous pouvez consulter le\u00a0<a href=\"https:\/\/windows.microsoft.com\/es-ES\/windows\/support\">service d\u2019assistance de Microsoft<\/a>\u00a0ou l\u2019Aide du navigateur.<\/p><p>\u00a0<\/p><p><strong>Firefox:<\/strong>\u00a0Outils -&gt; Options -&gt; Confidentialit\u00e9 -&gt; Historial -&gt; Configuration personnalis\u00e9e. Pour plus d\u2019informations, vous pouvez consulter le\u00a0<a href=\"https:\/\/support.mozilla.org\/es\/home\">service d\u2019assistance de Mozilla<\/a>\u00a0ou l\u2019Aide du navigateur.<\/p><p>\u00a0<\/p><p><strong>Chrome:<\/strong>\u00a0Configuration -&gt; Afficher options avanc\u00e9es -&gt; Confidentialit\u00e9 -&gt; Configuration de contenu. Pour plus d\u2019informations, vous pouvez consulter l\u2019<a href=\"https:\/\/support.google.com\/chrome\/?hl=es\">assistance de Google<\/a>\u00a0ou l\u2019Aide du navigateur.<\/p><p>\u00a0<\/p><p><strong>Safari:<\/strong>\u00a0Pr\u00e9f\u00e9rences -&gt; Segurit\u00e9. Pour plus d\u2019informations, vous pouvez consulter l\u2019<a href=\"https:\/\/www.apple.com\/es\/support\/safari\/\">assistance d\u2019Apple<\/a>\u00a0ou l\u2019Aide du navigateur.<\/p><p>\u00a0<\/p><p><strong>Que se passe-t-il si les cookies sont d\u00e9sactiv\u00e9s ?<\/strong><\/p><p>\u00a0<\/p><p>Certaines fonctionnalit\u00e9s des Services seront d\u00e9sactiv\u00e9es, telles que le fait de rester connect\u00e9, conserver les achats dans le \u00ab panier \u00bb, etc.<\/p>\t\t\t\t\t\t\t\t<\/div>\n\t\t\t\t\t<\/div>\n\t\t\t\t<\/div>\n\t\t\t\t<\/div>\n\t\t","protected":false},"excerpt":{"rendered":"<p>POLITIQUE EN MATI\u00c8RE DE COOKIES D\u00e9finition des cookies \u00a0 Les cookies sont des identifiants que nous envoyons sur le disque dur de votre ordinateur via votre navigateur web afin que nos syst\u00e8mes puissent reconna\u00eetre votre navigateur et vous proposer certains services. Cette page utilise diff\u00e9rents types de cookies. Certains cookies sont plac\u00e9s par des services [&hellip;]<\/p>\n","protected":false},"author":11,"featured_media":0,"parent":0,"menu_order":0,"comment_status":"closed","ping_status":"closed","template":"","meta":{"_acf_changed":false,"footnotes":""},"categories":[],"tags":[],"class_list":["post-71055","page","type-page","status-publish","hentry"],"acf":[],"yoast_head":"<!-- This site is optimized with the Yoast SEO plugin v26.1.1 - https:\/\/yoast.com\/wordpress\/plugins\/seo\/ -->\n<title>Politique en mati\u00e8re de cookies - Connectif Marketing Automation<\/title>\n<meta name=\"robots\" content=\"index, follow, max-snippet:-1, max-image-preview:large, max-video-preview:-1\" \/>\n<link rel=\"canonical\" href=\"https:\/\/connectifai.chillypills.es\/fr\/politique-en-matiere-de-cookies\/\" \/>\n<meta property=\"og:locale\" content=\"fr_FR\" \/>\n<meta property=\"og:type\" content=\"article\" \/>\n<meta property=\"og:title\" content=\"Politique en mati\u00e8re de cookies - Connectif Marketing Automation\" \/>\n<meta property=\"og:description\" content=\"POLITIQUE EN MATI\u00c8RE DE COOKIES D\u00e9finition des cookies \u00a0 Les cookies sont des identifiants que nous envoyons sur le disque dur de votre ordinateur via votre navigateur web afin que nos syst\u00e8mes puissent reconna\u00eetre votre navigateur et vous proposer certains services. Cette page utilise diff\u00e9rents types de cookies. Certains cookies sont plac\u00e9s par des services [&hellip;]\" \/>\n<meta property=\"og:url\" content=\"https:\/\/connectifai.chillypills.es\/fr\/politique-en-matiere-de-cookies\/\" \/>\n<meta property=\"og:site_name\" content=\"Connectif Marketing Automation\" \/>\n<meta property=\"article:modified_time\" content=\"2023-06-30T14:59:36+00:00\" \/>\n<meta name=\"twitter:card\" content=\"summary_large_image\" \/>\n<meta name=\"twitter:label1\" content=\"Dur\u00e9e de lecture estim\u00e9e\" \/>\n\t<meta name=\"twitter:data1\" content=\"3 minutes\" \/>\n<script type=\"application\/ld+json\" class=\"yoast-schema-graph\">{\"@context\":\"https:\/\/schema.org\",\"@graph\":[{\"@type\":\"WebPage\",\"@id\":\"https:\/\/connectifai.chillypills.es\/fr\/politique-en-matiere-de-cookies\/\",\"url\":\"https:\/\/connectifai.chillypills.es\/fr\/politique-en-matiere-de-cookies\/\",\"name\":\"Politique en mati\u00e8re de cookies - Connectif Marketing Automation\",\"isPartOf\":{\"@id\":\"https:\/\/connectifai.chillypills.es\/fr\/#website\"},\"datePublished\":\"2023-04-24T09:22:22+00:00\",\"dateModified\":\"2023-06-30T14:59:36+00:00\",\"breadcrumb\":{\"@id\":\"https:\/\/connectifai.chillypills.es\/fr\/politique-en-matiere-de-cookies\/#breadcrumb\"},\"inLanguage\":\"fr-FR\",\"potentialAction\":[{\"@type\":\"ReadAction\",\"target\":[\"https:\/\/connectifai.chillypills.es\/fr\/politique-en-matiere-de-cookies\/\"]}]},{\"@type\":\"BreadcrumbList\",\"@id\":\"https:\/\/connectifai.chillypills.es\/fr\/politique-en-matiere-de-cookies\/#breadcrumb\",\"itemListElement\":[{\"@type\":\"ListItem\",\"position\":1,\"name\":\"Portada\",\"item\":\"https:\/\/connectifai.chillypills.es\/fr\/\"},{\"@type\":\"ListItem\",\"position\":2,\"name\":\"Politique en mati\u00e8re de cookies\"}]},{\"@type\":\"WebSite\",\"@id\":\"https:\/\/connectifai.chillypills.es\/fr\/#website\",\"url\":\"https:\/\/connectifai.chillypills.es\/fr\/\",\"name\":\"Connectif Marketing Automation\",\"description\":\"Marketing Automation Software Connectif te permite crear experiencias de compra hiperpersonalizada a tus clientes de forma r\u00e1pida y visual\",\"publisher\":{\"@id\":\"https:\/\/connectifai.chillypills.es\/fr\/#organization\"},\"potentialAction\":[{\"@type\":\"SearchAction\",\"target\":{\"@type\":\"EntryPoint\",\"urlTemplate\":\"https:\/\/connectifai.chillypills.es\/fr\/?s={search_term_string}\"},\"query-input\":{\"@type\":\"PropertyValueSpecification\",\"valueRequired\":true,\"valueName\":\"search_term_string\"}}],\"inLanguage\":\"fr-FR\"},{\"@type\":\"Organization\",\"@id\":\"https:\/\/connectifai.chillypills.es\/fr\/#organization\",\"name\":\"Connectif Marketing Automation\",\"url\":\"https:\/\/connectifai.chillypills.es\/fr\/\",\"logo\":{\"@type\":\"ImageObject\",\"inLanguage\":\"fr-FR\",\"@id\":\"https:\/\/connectifai.chillypills.es\/fr\/#\/schema\/logo\/image\/\",\"url\":\"https:\/\/connectifai.chillypills.es\/wp-content\/uploads\/2023\/02\/Logo-Connectif-web.svg\",\"contentUrl\":\"https:\/\/connectifai.chillypills.es\/wp-content\/uploads\/2023\/02\/Logo-Connectif-web.svg\",\"width\":506,\"height\":46,\"caption\":\"Connectif Marketing Automation\"},\"image\":{\"@id\":\"https:\/\/connectifai.chillypills.es\/fr\/#\/schema\/logo\/image\/\"}}]}<\/script>\n<!-- \/ Yoast SEO plugin. -->","yoast_head_json":{"title":"Politique en mati\u00e8re de cookies - Connectif Marketing Automation","robots":{"index":"index","follow":"follow","max-snippet":"max-snippet:-1","max-image-preview":"max-image-preview:large","max-video-preview":"max-video-preview:-1"},"canonical":"https:\/\/connectifai.chillypills.es\/fr\/politique-en-matiere-de-cookies\/","og_locale":"fr_FR","og_type":"article","og_title":"Politique en mati\u00e8re de cookies - Connectif Marketing Automation","og_description":"POLITIQUE EN MATI\u00c8RE DE COOKIES D\u00e9finition des cookies \u00a0 Les cookies sont des identifiants que nous envoyons sur le disque dur de votre ordinateur via votre navigateur web afin que nos syst\u00e8mes puissent reconna\u00eetre votre navigateur et vous proposer certains services. Cette page utilise diff\u00e9rents types de cookies. Certains cookies sont plac\u00e9s par des services [&hellip;]","og_url":"https:\/\/connectifai.chillypills.es\/fr\/politique-en-matiere-de-cookies\/","og_site_name":"Connectif Marketing Automation","article_modified_time":"2023-06-30T14:59:36+00:00","twitter_card":"summary_large_image","twitter_misc":{"Dur\u00e9e de lecture estim\u00e9e":"3 minutes"},"schema":{"@context":"https:\/\/schema.org","@graph":[{"@type":"WebPage","@id":"https:\/\/connectifai.chillypills.es\/fr\/politique-en-matiere-de-cookies\/","url":"https:\/\/connectifai.chillypills.es\/fr\/politique-en-matiere-de-cookies\/","name":"Politique en mati\u00e8re de cookies - Connectif Marketing Automation","isPartOf":{"@id":"https:\/\/connectifai.chillypills.es\/fr\/#website"},"datePublished":"2023-04-24T09:22:22+00:00","dateModified":"2023-06-30T14:59:36+00:00","breadcrumb":{"@id":"https:\/\/connectifai.chillypills.es\/fr\/politique-en-matiere-de-cookies\/#breadcrumb"},"inLanguage":"fr-FR","potentialAction":[{"@type":"ReadAction","target":["https:\/\/connectifai.chillypills.es\/fr\/politique-en-matiere-de-cookies\/"]}]},{"@type":"BreadcrumbList","@id":"https:\/\/connectifai.chillypills.es\/fr\/politique-en-matiere-de-cookies\/#breadcrumb","itemListElement":[{"@type":"ListItem","position":1,"name":"Portada","item":"https:\/\/connectifai.chillypills.es\/fr\/"},{"@type":"ListItem","position":2,"name":"Politique en mati\u00e8re de cookies"}]},{"@type":"WebSite","@id":"https:\/\/connectifai.chillypills.es\/fr\/#website","url":"https:\/\/connectifai.chillypills.es\/fr\/","name":"Connectif Marketing Automation","description":"Marketing Automation Software Connectif te permite crear experiencias de compra hiperpersonalizada a tus clientes de forma r\u00e1pida y visual","publisher":{"@id":"https:\/\/connectifai.chillypills.es\/fr\/#organization"},"potentialAction":[{"@type":"SearchAction","target":{"@type":"EntryPoint","urlTemplate":"https:\/\/connectifai.chillypills.es\/fr\/?s={search_term_string}"},"query-input":{"@type":"PropertyValueSpecification","valueRequired":true,"valueName":"search_term_string"}}],"inLanguage":"fr-FR"},{"@type":"Organization","@id":"https:\/\/connectifai.chillypills.es\/fr\/#organization","name":"Connectif Marketing Automation","url":"https:\/\/connectifai.chillypills.es\/fr\/","logo":{"@type":"ImageObject","inLanguage":"fr-FR","@id":"https:\/\/connectifai.chillypills.es\/fr\/#\/schema\/logo\/image\/","url":"https:\/\/connectifai.chillypills.es\/wp-content\/uploads\/2023\/02\/Logo-Connectif-web.svg","contentUrl":"https:\/\/connectifai.chillypills.es\/wp-content\/uploads\/2023\/02\/Logo-Connectif-web.svg","width":506,"height":46,"caption":"Connectif Marketing Automation"},"image":{"@id":"https:\/\/connectifai.chillypills.es\/fr\/#\/schema\/logo\/image\/"}}]}},"_links":{"self":[{"href":"https:\/\/connectifai.chillypills.es\/fr\/wp-json\/wp\/v2\/pages\/71055","targetHints":{"allow":["GET"]}}],"collection":[{"href":"https:\/\/connectifai.chillypills.es\/fr\/wp-json\/wp\/v2\/pages"}],"about":[{"href":"https:\/\/connectifai.chillypills.es\/fr\/wp-json\/wp\/v2\/types\/page"}],"author":[{"embeddable":true,"href":"https:\/\/connectifai.chillypills.es\/fr\/wp-json\/wp\/v2\/users\/11"}],"replies":[{"embeddable":true,"href":"https:\/\/connectifai.chillypills.es\/fr\/wp-json\/wp\/v2\/comments?post=71055"}],"version-history":[{"count":0,"href":"https:\/\/connectifai.chillypills.es\/fr\/wp-json\/wp\/v2\/pages\/71055\/revisions"}],"wp:attachment":[{"href":"https:\/\/connectifai.chillypills.es\/fr\/wp-json\/wp\/v2\/media?parent=71055"}],"wp:term":[{"taxonomy":"category","embeddable":true,"href":"https:\/\/connectifai.chillypills.es\/fr\/wp-json\/wp\/v2\/categories?post=71055"},{"taxonomy":"post_tag","embeddable":true,"href":"https:\/\/connectifai.chillypills.es\/fr\/wp-json\/wp\/v2\/tags?post=71055"}],"curies":[{"name":"wp","href":"https:\/\/api.w.org\/{rel}","templated":true}]}}